{"id":3008,"date":"2023-01-18T17:21:30","date_gmt":"2023-01-18T15:21:30","guid":{"rendered":"https:\/\/dev.zezz.ee\/garden\/toode\/cortaderia-selloana-pumila\/"},"modified":"2026-02-20T11:55:12","modified_gmt":"2026-02-20T09:55:12","slug":"cortaderia-selloana-pumila","status":"publish","type":"product","link":"https:\/\/dev.garden.ee\/en\/product\/cortaderia-selloana-pumila\/","title":{"rendered":"Cortaderia selloana &#8216;Pumila&#8217;"},"content":{"rendered":"<input class=\"fooboxshare_post_id\" type=\"hidden\" value=\"3008\"\/>","protected":false},"excerpt":{"rendered":"<p>Argentiina pamparohi on erakordselt dekoratiivne k\u00f5rreline. Heades tingimustes kasvavad 1,5 meetriseks, k\u00f5rgudes uhkelt k\u00f5igi teiste aiataimede \u00fcle. V\u00e4ga pikad, s\u00fcstjad lehed on elegantselt painutatud. Tugevad varred kandes lopsakaid valgeid kuni kollakasbee\u017ee sulgjaid \u00f5isikud, j\u00e4\u00e4vad aga alati sirgeks. Kohev <em>cortaderia<\/em> \u00f5isik, mis ei karda k\u00fclma ega lund, kaunistab aeda suvest kuni kevadeni. Kevadel peab vanad lehed ja varred \u00e4ra l\u00f5ikama, siis tuleks olla ettevaatlik, lehe \u00e4\u00e4red on v\u00e4ga teravad, siit ka nimi\u00a0<em>cortar (hisp.k &#8211; l\u00f5ikama).\u00a0<\/em>Taim ei karda kuivemat perioodi, on erakordselt haiguskindel. V\u00f5ib jagada varakevadel.<\/p>\n<p>Sort &#8216;Pumila&#8217; on k\u00fclmale vastupidavam kui p\u00f5hiliik Cortaderia selloana, kuid on kasvult madalam.<\/p>","protected":false},"featured_media":3009,"template":"","meta":[],"product_brand":[],"product_cat":[4400,4415,4401,22],"product_tag":[],"class_list":{"0":"post-3008","1":"product","2":"type-product","3":"status-publish","4":"has-post-thumbnail","6":"product_cat-korrelised","7":"product_cat-lilleaed","8":"product_cat-pusikud","9":"product_cat-taimed","10":"pa_haiguskindlus-vaga-hea","11":"pa_kasvukorgus-100-150-cm","12":"pa_laius-50-cm","13":"pa_lisainfo-talub-pouda","14":"pa_lisainfo-talvine-ponevus","15":"pa_oie-varv-beez","16":"pa_oitsemise-aeg-august-september","17":"pa_talvekindlus-kulmaorn","18":"pa_tingimused-hea-drenaaz","19":"pa_tingimused-viljakas","20":"pa_tsoon-z-5-9","21":"pa_valguse-tingimused-paike","22":"pa_variatsioon-suurem-pott","23":"pa_variatsioon-vaiksem-pott","25":"first","26":"instock","27":"purchasable","28":"product-type-variable"},"acf":[],"_links":{"self":[{"href":"https:\/\/dev.garden.ee\/en\/wp-json\/wp\/v2\/product\/3008","targetHints":{"allow":["GET"]}}],"collection":[{"href":"https:\/\/dev.garden.ee\/en\/wp-json\/wp\/v2\/product"}],"about":[{"href":"https:\/\/dev.garden.ee\/en\/wp-json\/wp\/v2\/types\/product"}],"wp:featuredmedia":[{"embeddable":true,"href":"https:\/\/dev.garden.ee\/en\/wp-json\/wp\/v2\/media\/3009"}],"wp:attachment":[{"href":"https:\/\/dev.garden.ee\/en\/wp-json\/wp\/v2\/media?parent=3008"}],"wp:term":[{"taxonomy":"product_brand","embeddable":true,"href":"https:\/\/dev.garden.ee\/en\/wp-json\/wp\/v2\/product_brand?post=3008"},{"taxonomy":"product_cat","embeddable":true,"href":"https:\/\/dev.garden.ee\/en\/wp-json\/wp\/v2\/product_cat?post=3008"},{"taxonomy":"product_tag","embeddable":true,"href":"https:\/\/dev.garden.ee\/en\/wp-json\/wp\/v2\/product_tag?post=3008"}],"curies":[{"name":"wp","href":"https:\/\/api.w.org\/{rel}","templated":true}]}}