{"id":3004,"date":"2023-01-18T17:21:27","date_gmt":"2023-01-18T15:21:27","guid":{"rendered":"https:\/\/dev.zezz.ee\/garden\/toode\/cortaderia-selloana\/"},"modified":"2026-02-20T11:40:30","modified_gmt":"2026-02-20T09:40:30","slug":"cortaderia-selloana","status":"publish","type":"product","link":"https:\/\/dev.garden.ee\/en\/product\/cortaderia-selloana\/","title":{"rendered":"Cortaderia selloana"},"content":{"rendered":"<input class=\"fooboxshare_post_id\" type=\"hidden\" value=\"3004\"\/>","protected":false},"excerpt":{"rendered":"<p>Argentiina pamparohi on erakordselt dekoratiivne k\u00f5rreline. Heades tingimustes kasvavad 2,5 \u2013 3 meetriseks, k\u00f5rgudes k\u00f5igi teiste aiataimede \u00fcle. V\u00e4ga pikad, s\u00fcstjad lehed on elegantselt painutatud, aga tugevad varred, mis kannavad lopsakaid h\u00f5bevalgeid sulgjaid \u00f5isikud,\u00a0\u00a0j\u00e4\u00e4vad alati sirgeks. Kohev cortaderia \u00f5isik, mis ei karda k\u00fclma ega lund, kaunistab aeda suvest kuni kevadeni.<\/p>\n<p>Kevadel peab vanad lehed ja varred \u00e4ra l\u00f5ikama, siis tuleks olla ettevaatlik, lehe \u00e4\u00e4red on v\u00e4ga teravad, siit ka nimi <em>cortar (hisp.k &#8211; l\u00f5ikama). <\/em>Taim ei karda kuivemat perioodi, on erakordselt haiguskindel. V\u00f5ib jagada varakevadel.<\/p>\n<p>NB! Meie tingimustes on taim k\u00fclma\u00f5rn! Paremini peab vastu Eesti l\u00e4\u00e4nerannikul ja saartel. Katsetada v\u00f5ib ka mujal, kuid kindlasti peaks taimel olema ideaalil\u00e4hedased tingimused ja talveks kaetud.<\/p>","protected":false},"featured_media":3005,"template":"","meta":[],"product_brand":[],"product_cat":[4400,4415,4401,22],"product_tag":[],"class_list":{"0":"post-3004","1":"product","2":"type-product","3":"status-publish","4":"has-post-thumbnail","6":"product_cat-korrelised","7":"product_cat-lilleaed","8":"product_cat-pusikud","9":"product_cat-taimed","10":"pa_haiguskindlus-vaga-hea","11":"pa_kasvukorgus-250-300-cm","12":"pa_laius-150-180-cm","13":"pa_lisainfo-talub-pouda","14":"pa_lisainfo-talvine-ponevus","15":"pa_oie-varv-valge","16":"pa_oitsemise-aeg-august-september","17":"pa_talvekindlus-kulmaorn","18":"pa_tingimused-hea-drenaaz","19":"pa_tingimused-viljakas","20":"pa_tsoon-6-10","21":"pa_valguse-tingimused-paike","22":"pa_variatsioon-suurem-pott","23":"pa_variatsioon-vaiksem-pott","25":"first","26":"onbackorder","27":"purchasable","28":"product-type-variable"},"acf":[],"_links":{"self":[{"href":"https:\/\/dev.garden.ee\/en\/wp-json\/wp\/v2\/product\/3004","targetHints":{"allow":["GET"]}}],"collection":[{"href":"https:\/\/dev.garden.ee\/en\/wp-json\/wp\/v2\/product"}],"about":[{"href":"https:\/\/dev.garden.ee\/en\/wp-json\/wp\/v2\/types\/product"}],"wp:featuredmedia":[{"embeddable":true,"href":"https:\/\/dev.garden.ee\/en\/wp-json\/wp\/v2\/media\/3005"}],"wp:attachment":[{"href":"https:\/\/dev.garden.ee\/en\/wp-json\/wp\/v2\/media?parent=3004"}],"wp:term":[{"taxonomy":"product_brand","embeddable":true,"href":"https:\/\/dev.garden.ee\/en\/wp-json\/wp\/v2\/product_brand?post=3004"},{"taxonomy":"product_cat","embeddable":true,"href":"https:\/\/dev.garden.ee\/en\/wp-json\/wp\/v2\/product_cat?post=3004"},{"taxonomy":"product_tag","embeddable":true,"href":"https:\/\/dev.garden.ee\/en\/wp-json\/wp\/v2\/product_tag?post=3004"}],"curies":[{"name":"wp","href":"https:\/\/api.w.org\/{rel}","templated":true}]}}