{"id":2999,"date":"2023-01-18T17:21:24","date_gmt":"2023-01-18T15:21:24","guid":{"rendered":"https:\/\/dev.zezz.ee\/garden\/toode\/chamaemelum-nobile-treneague\/"},"modified":"2026-02-19T17:38:49","modified_gmt":"2026-02-19T15:38:49","slug":"chamaemelum-nobile-treneague","status":"publish","type":"product","link":"https:\/\/dev.garden.ee\/en\/product\/chamaemelum-nobile-treneague\/","title":{"rendered":"Chamaemelum nobile &#8216;Treneague&#8217;"},"content":{"rendered":"<input class=\"fooboxshare_post_id\" type=\"hidden\" value=\"2999\"\/>","protected":false},"excerpt":{"rendered":"<p>Kas soovite oma aeda pehmet, l\u00f5hnavat muru? Kui jah, siis selleks on olemas v\u00e4\u00e4ris-vaipkakar! Antud sort k\u00fcll ei \u00f5itse, kuid taime helerohelised lehed eritavad meeldivat l\u00f5hna. Taim on suurep\u00e4rane pinnakatja, sobib kohtadesse, kus on kuiv ja p\u00e4ikeseline ning kus tavaline muru h\u00e4sti kasvada ei taha. Seda on imelihtne vormida ja l\u00f5igata, jagada saab kevadel v\u00f5i varas\u00fcgisel.<\/p>","protected":false},"featured_media":3000,"template":"","meta":[],"product_brand":[],"product_cat":[4415,4414,9200,4401,4408,22],"product_tag":[],"class_list":{"0":"post-2999","1":"product","2":"type-product","3":"status-publish","4":"has-post-thumbnail","6":"product_cat-lilleaed","7":"product_cat-lohnaaed","8":"product_cat-pinnakatjad","9":"product_cat-pusikud","10":"product_cat-vaike-aed","11":"product_cat-taimed","12":"pa_haiguskindlus-hea","13":"pa_kasvukorgus-5-10-cm","14":"pa_laius-25-30-cm","15":"pa_lisainfo-hea-pinnakatja","16":"pa_lisainfo-hirve-kahjustustele-vastupidav","17":"pa_lisainfo-sobib-lohnaaeda","18":"pa_lisainfo-talub-kerget-tallamist","19":"pa_lohn-lohnav","20":"pa_talvekindlus-vaga-hea","21":"pa_tingimused-kuiv","22":"pa_tingimused-neutraalne","23":"pa_tsoon-4-9","24":"pa_valguse-tingimused-paike","25":"pa_valguse-tingimused-poolvari","26":"pa_variatsioon-suurem-pott","27":"pa_variatsioon-vaiksem-pott","29":"first","30":"instock","31":"purchasable","32":"product-type-variable"},"acf":[],"_links":{"self":[{"href":"https:\/\/dev.garden.ee\/en\/wp-json\/wp\/v2\/product\/2999","targetHints":{"allow":["GET"]}}],"collection":[{"href":"https:\/\/dev.garden.ee\/en\/wp-json\/wp\/v2\/product"}],"about":[{"href":"https:\/\/dev.garden.ee\/en\/wp-json\/wp\/v2\/types\/product"}],"wp:featuredmedia":[{"embeddable":true,"href":"https:\/\/dev.garden.ee\/en\/wp-json\/wp\/v2\/media\/3000"}],"wp:attachment":[{"href":"https:\/\/dev.garden.ee\/en\/wp-json\/wp\/v2\/media?parent=2999"}],"wp:term":[{"taxonomy":"product_brand","embeddable":true,"href":"https:\/\/dev.garden.ee\/en\/wp-json\/wp\/v2\/product_brand?post=2999"},{"taxonomy":"product_cat","embeddable":true,"href":"https:\/\/dev.garden.ee\/en\/wp-json\/wp\/v2\/product_cat?post=2999"},{"taxonomy":"product_tag","embeddable":true,"href":"https:\/\/dev.garden.ee\/en\/wp-json\/wp\/v2\/product_tag?post=2999"}],"curies":[{"name":"wp","href":"https:\/\/api.w.org\/{rel}","templated":true}]}}