{"id":2986,"date":"2023-01-18T17:21:15","date_gmt":"2023-01-18T15:21:15","guid":{"rendered":"https:\/\/dev.zezz.ee\/garden\/toode\/centaurea-montana-purple-heart\/"},"modified":"2026-02-19T11:18:57","modified_gmt":"2026-02-19T09:18:57","slug":"centaurea-montana-purple-heart","status":"publish","type":"product","link":"https:\/\/dev.garden.ee\/en\/product\/centaurea-montana-purple-heart\/","title":{"rendered":"Centaurea montana &#8216;Purple Heart&#8217;"},"content":{"rendered":"<input class=\"fooboxshare_post_id\" type=\"hidden\" value=\"2986\"\/>","protected":false},"excerpt":{"rendered":"<p>Sellel sordil kroonlehe kiired on puhasvalged, s\u00fcdamik hele- kuni tumelilla.\u00a0Rukilillega samast perekonnast p\u00e4rit m\u00e4gijumikas on v\u00e4ga eluj\u00f5uline ja vastupidav p\u00fcsik. Kannatab igasugust mulda ja kliimat. \u00a0\u00d5itsevad kevade l\u00f5pust suve keskpaigani. N\u00e4rtsinud \u00f5ite eemaldamine soodustab uuesti\u00f5itsemist ja piirab isek\u00fclvi. Sobib l\u00f5ikelilleks.<\/p>","protected":false},"featured_media":2987,"template":"","meta":[],"product_brand":[],"product_cat":[4415,4413,4401,22],"product_tag":[],"class_list":{"0":"post-2986","1":"product","2":"type-product","3":"status-publish","4":"has-post-thumbnail","6":"product_cat-lilleaed","7":"product_cat-loikelilleaed","8":"product_cat-pusikud","9":"product_cat-taimed","10":"pa_haiguskindlus-hea","11":"pa_kasvukorgus-30-50-cm","12":"pa_laius-40-60-cm","13":"pa_lisainfo-janese-kahjustustele-vastupidav","14":"pa_lisainfo-sobib-loikelilleks","15":"pa_lisainfo-sobib-osalise-varjuga-kasvualale","16":"pa_oie-varv-valge","17":"pa_oitsemise-aeg-mai-juuli","18":"pa_talvekindlus-vaga-hea","19":"pa_tingimused-hea-drenaaz","20":"pa_tingimused-neutraalne","21":"pa_tsoon-3-8","22":"pa_valguse-tingimused-paike","23":"pa_valguse-tingimused-poolvari","24":"pa_variatsioon-suurem-pott","25":"pa_variatsioon-vaiksem-pott","27":"first","28":"instock","29":"purchasable","30":"product-type-variable"},"acf":[],"_links":{"self":[{"href":"https:\/\/dev.garden.ee\/en\/wp-json\/wp\/v2\/product\/2986","targetHints":{"allow":["GET"]}}],"collection":[{"href":"https:\/\/dev.garden.ee\/en\/wp-json\/wp\/v2\/product"}],"about":[{"href":"https:\/\/dev.garden.ee\/en\/wp-json\/wp\/v2\/types\/product"}],"wp:featuredmedia":[{"embeddable":true,"href":"https:\/\/dev.garden.ee\/en\/wp-json\/wp\/v2\/media\/2987"}],"wp:attachment":[{"href":"https:\/\/dev.garden.ee\/en\/wp-json\/wp\/v2\/media?parent=2986"}],"wp:term":[{"taxonomy":"product_brand","embeddable":true,"href":"https:\/\/dev.garden.ee\/en\/wp-json\/wp\/v2\/product_brand?post=2986"},{"taxonomy":"product_cat","embeddable":true,"href":"https:\/\/dev.garden.ee\/en\/wp-json\/wp\/v2\/product_cat?post=2986"},{"taxonomy":"product_tag","embeddable":true,"href":"https:\/\/dev.garden.ee\/en\/wp-json\/wp\/v2\/product_tag?post=2986"}],"curies":[{"name":"wp","href":"https:\/\/api.w.org\/{rel}","templated":true}]}}