{"id":2911,"date":"2023-01-18T17:20:18","date_gmt":"2023-01-18T15:20:18","guid":{"rendered":"https:\/\/dev.zezz.ee\/garden\/toode\/adiantum-pedatum\/"},"modified":"2026-02-13T15:18:23","modified_gmt":"2026-02-13T13:18:23","slug":"adiantum-pedatum","status":"publish","type":"product","link":"https:\/\/dev.garden.ee\/en\/product\/adiantum-pedatum\/","title":{"rendered":"Adiantum pedatum"},"content":{"rendered":"<input class=\"fooboxshare_post_id\" type=\"hidden\" value=\"2911\"\/>","protected":false},"excerpt":{"rendered":"<p>\u00dcks ilusamaid s\u00f5najalgasid, pits\u00f5rn ja habras. Taim moodustab madalaid 20-30 cm p\u00f5\u00f5sakesi, lehed kuni 60 cm, mis meie kliimas hoogsalt laiuvad ja loovad kauni rohelise pinnakatte. Jagada kevadel.<\/p>","protected":false},"featured_media":2912,"template":"","meta":[],"product_brand":[],"product_cat":[4406,4401,4399,4412,22],"product_tag":[],"class_list":{"0":"post-2911","1":"product","2":"type-product","3":"status-publish","4":"has-post-thumbnail","6":"product_cat-park","7":"product_cat-pusikud","8":"product_cat-sonajalad","9":"product_cat-varjuaed","10":"product_cat-taimed","11":"pa_lisainfo-dekoratiivne-lehestik","12":"pa_lisainfo-sobib-osalise-varjuga-kasvualale","13":"pa_moodud-k-40-cm","14":"pa_moodud-l-40-60-cm","15":"pa_talvekindlus-vaga-hea","16":"pa_tingimused-niiske","17":"pa_tingimused-viljakas","18":"pa_tsoon-3-8","19":"pa_valguse-tingimused-poolvari","20":"pa_valguse-tingimused-vari","21":"pa_variatsioon-suurem-pott","22":"pa_variatsioon-vaiksem-pott","24":"first","25":"onbackorder","26":"purchasable","27":"product-type-variable"},"acf":[],"_links":{"self":[{"href":"https:\/\/dev.garden.ee\/en\/wp-json\/wp\/v2\/product\/2911","targetHints":{"allow":["GET"]}}],"collection":[{"href":"https:\/\/dev.garden.ee\/en\/wp-json\/wp\/v2\/product"}],"about":[{"href":"https:\/\/dev.garden.ee\/en\/wp-json\/wp\/v2\/types\/product"}],"wp:featuredmedia":[{"embeddable":true,"href":"https:\/\/dev.garden.ee\/en\/wp-json\/wp\/v2\/media\/2912"}],"wp:attachment":[{"href":"https:\/\/dev.garden.ee\/en\/wp-json\/wp\/v2\/media?parent=2911"}],"wp:term":[{"taxonomy":"product_brand","embeddable":true,"href":"https:\/\/dev.garden.ee\/en\/wp-json\/wp\/v2\/product_brand?post=2911"},{"taxonomy":"product_cat","embeddable":true,"href":"https:\/\/dev.garden.ee\/en\/wp-json\/wp\/v2\/product_cat?post=2911"},{"taxonomy":"product_tag","embeddable":true,"href":"https:\/\/dev.garden.ee\/en\/wp-json\/wp\/v2\/product_tag?post=2911"}],"curies":[{"name":"wp","href":"https:\/\/api.w.org\/{rel}","templated":true}]}}