{"id":2907,"date":"2023-01-18T17:20:16","date_gmt":"2023-01-18T15:20:16","guid":{"rendered":"https:\/\/dev.zezz.ee\/garden\/toode\/agastache-rugosa-golden-jubilee\/"},"modified":"2026-02-13T16:15:30","modified_gmt":"2026-02-13T14:15:30","slug":"agastache-rugosa-golden-jubilee","status":"publish","type":"product","link":"https:\/\/dev.garden.ee\/en\/product\/agastache-rugosa-golden-jubilee\/","title":{"rendered":"Agastache rugosa &#8216;Golden Jubilee&#8217;"},"content":{"rendered":"<input class=\"fooboxshare_post_id\" type=\"hidden\" value=\"2907\"\/>","protected":false},"excerpt":{"rendered":"<p>Taim pakub ilusat kontrastset v\u00e4rvide m\u00e4ngu oma s\u00fcgavlillade \u00f5ite ja kollaste lehtedega. Lilled ja lehed on aromaatsed. P\u00fcstised, kuni 70cm \u00f5ievarred. Sobib h\u00e4sti peenarde \u00e4\u00e4ristuseks v\u00f5i kohtadesse, kuhu soovitakse luua loodusl\u00e4hedast kooslust. Meelitab ligi mesilasi ja liblikaid. Eelistab h\u00e4sti vett l\u00e4bilaskvat huumusrikast mulda ja p\u00e4ikeselist sooja kasvukohta, aga lepib ka tavalise aiamullaga.<\/p>","protected":false},"featured_media":2908,"template":"","meta":[],"product_brand":[],"product_cat":[4407,4415,4414,9650,6934,4401,22],"product_tag":[],"class_list":{"0":"post-2907","1":"product","2":"type-product","3":"status-publish","4":"has-post-thumbnail","6":"product_cat-aasad","7":"product_cat-lilleaed","8":"product_cat-lohnaaed","9":"product_cat-looduslik-aed","10":"product_cat-mesilassobralik-aed","11":"product_cat-pusikud","12":"product_cat-taimed","13":"pa_haiguskindlus-hea","14":"pa_kasvukorgus-50-70-cm-2","15":"pa_laius-60-cm","16":"pa_lisainfo-mesilaste-lemmik","17":"pa_lohn-lohnav","18":"pa_oie-varv-lilla","19":"pa_oitsemise-aeg-juuli-august","20":"pa_talvekindlus-keskmine","21":"pa_tingimused-hea-drenaaz","22":"pa_tsoon-5-9","23":"pa_valguse-tingimused-paike","24":"pa_valguse-tingimused-poolvari","25":"pa_variatsioon-suurem-pott","26":"pa_variatsioon-vaiksem-pott","28":"first","29":"instock","30":"purchasable","31":"product-type-variable"},"acf":[],"_links":{"self":[{"href":"https:\/\/dev.garden.ee\/en\/wp-json\/wp\/v2\/product\/2907","targetHints":{"allow":["GET"]}}],"collection":[{"href":"https:\/\/dev.garden.ee\/en\/wp-json\/wp\/v2\/product"}],"about":[{"href":"https:\/\/dev.garden.ee\/en\/wp-json\/wp\/v2\/types\/product"}],"wp:featuredmedia":[{"embeddable":true,"href":"https:\/\/dev.garden.ee\/en\/wp-json\/wp\/v2\/media\/2908"}],"wp:attachment":[{"href":"https:\/\/dev.garden.ee\/en\/wp-json\/wp\/v2\/media?parent=2907"}],"wp:term":[{"taxonomy":"product_brand","embeddable":true,"href":"https:\/\/dev.garden.ee\/en\/wp-json\/wp\/v2\/product_brand?post=2907"},{"taxonomy":"product_cat","embeddable":true,"href":"https:\/\/dev.garden.ee\/en\/wp-json\/wp\/v2\/product_cat?post=2907"},{"taxonomy":"product_tag","embeddable":true,"href":"https:\/\/dev.garden.ee\/en\/wp-json\/wp\/v2\/product_tag?post=2907"}],"curies":[{"name":"wp","href":"https:\/\/api.w.org\/{rel}","templated":true}]}}