{"id":2901,"date":"2023-01-18T17:20:13","date_gmt":"2023-01-18T15:20:13","guid":{"rendered":"https:\/\/dev.zezz.ee\/garden\/toode\/asplenium-scolopendrium\/"},"modified":"2026-02-17T01:11:17","modified_gmt":"2026-02-16T23:11:17","slug":"asplenium-scolopendrium","status":"publish","type":"product","link":"https:\/\/dev.garden.ee\/en\/product\/asplenium-scolopendrium\/","title":{"rendered":"Asplenium scolopendrium"},"content":{"rendered":"<input class=\"fooboxshare_post_id\" type=\"hidden\" value=\"2901\"\/>","protected":false},"excerpt":{"rendered":"<p>Troopilise v\u00e4limusega\u00a0s\u00f5najalg. Ebatavaliseks teeb ta just lehe lihtne, puhas vorm ilma spetsiifilise mustri ja l\u00f5hedeta. S\u00fcgavrohelised, nahkjad lehed moodustavad kompaktseid salgakesi. Lehe tagak\u00fcljel on pilkup\u00fc\u00fcdvad pruunid p\u00f5ikitriibud, need on taime spoorid. Ideaalne kasvukoht talle on jahe ja varjuline, looduses on n\u00e4htud taime kasvamas kivide, kiviaedade vahelt, v\u00e4ga v\u00e4hese mullaga ja toitainevaeselt. V\u00f5ib proovida kasvatada taime sarnastes tingimustes, kuid siis j\u00e4\u00e4b taim v\u00e4ikeseks. Eelistatum on siiski niiskem, hea drenaa\u017eiga ja orgaaniliselt v\u00e4etatud muld. Hoidke taime \u00fcmber mult\u0161i, et niiskust hoida.<\/p>","protected":false},"featured_media":2902,"template":"","meta":[],"product_brand":[],"product_cat":[4406,4401,4399,4412,22],"product_tag":[],"class_list":{"0":"post-2901","1":"product","2":"type-product","3":"status-publish","4":"has-post-thumbnail","6":"product_cat-park","7":"product_cat-pusikud","8":"product_cat-sonajalad","9":"product_cat-varjuaed","10":"product_cat-taimed","11":"pa_kasvukorgus-30-40-cm","12":"pa_laius-30-45-cm","13":"pa_lisainfo-dekoratiivne-lehestik","14":"pa_lisainfo-sobib-osalise-varjuga-kasvualale","15":"pa_talvekindlus-hea","16":"pa_tingimused-hea-drenaaz","17":"pa_tingimused-niiske","18":"pa_tingimused-parasniiske","19":"pa_tingimused-viljakas","20":"pa_tsoon-4-9","21":"pa_valguse-tingimused-poolvari","22":"pa_valguse-tingimused-vari","23":"pa_variatsioon-suurem-pott","24":"pa_variatsioon-vaiksem-pott","26":"first","27":"instock","28":"purchasable","29":"product-type-variable"},"acf":[],"_links":{"self":[{"href":"https:\/\/dev.garden.ee\/en\/wp-json\/wp\/v2\/product\/2901","targetHints":{"allow":["GET"]}}],"collection":[{"href":"https:\/\/dev.garden.ee\/en\/wp-json\/wp\/v2\/product"}],"about":[{"href":"https:\/\/dev.garden.ee\/en\/wp-json\/wp\/v2\/types\/product"}],"wp:featuredmedia":[{"embeddable":true,"href":"https:\/\/dev.garden.ee\/en\/wp-json\/wp\/v2\/media\/2902"}],"wp:attachment":[{"href":"https:\/\/dev.garden.ee\/en\/wp-json\/wp\/v2\/media?parent=2901"}],"wp:term":[{"taxonomy":"product_brand","embeddable":true,"href":"https:\/\/dev.garden.ee\/en\/wp-json\/wp\/v2\/product_brand?post=2901"},{"taxonomy":"product_cat","embeddable":true,"href":"https:\/\/dev.garden.ee\/en\/wp-json\/wp\/v2\/product_cat?post=2901"},{"taxonomy":"product_tag","embeddable":true,"href":"https:\/\/dev.garden.ee\/en\/wp-json\/wp\/v2\/product_tag?post=2901"}],"curies":[{"name":"wp","href":"https:\/\/api.w.org\/{rel}","templated":true}]}}