{"id":2897,"date":"2023-01-18T17:20:10","date_gmt":"2023-01-18T15:20:10","guid":{"rendered":"https:\/\/dev.zezz.ee\/garden\/toode\/aruncus-guinea-fowl\/"},"modified":"2026-02-17T00:26:36","modified_gmt":"2026-02-16T22:26:36","slug":"aruncus-guinea-fowl","status":"publish","type":"product","link":"https:\/\/dev.garden.ee\/en\/product\/aruncus-guinea-fowl\/","title":{"rendered":"Aruncus &#8216;Guinea Fowl&#8217;"},"content":{"rendered":"<input class=\"fooboxshare_post_id\" type=\"hidden\" value=\"2897\"\/>","protected":false},"excerpt":{"rendered":"<p>Efektne, veidi s\u00f5najalga meenutav tihe lehestik on atraktiivne l\u00e4bi suve. \u00d5ied meenutavad eksootilise linnu sulgi, need on elevandiluukarva valged. Armastab niiskust, sobib istutamiseks ka vee \u00e4\u00e4rde. Hea pinnakatte- ja konteinertaim, samuti l\u00f5ikelill. Kui taim j\u00e4\u00e4b kuiva k\u00e4tte, siis l\u00e4heb lehestik kiiresti longu. Kuivanud \u00f5ite tagasil\u00f5ikamine stimuleerib uutele \u00f5itele.<\/p>","protected":false},"featured_media":2898,"template":"","meta":[],"product_brand":[],"product_cat":[9637,4415,4413,4406,9200,4401,4409,4412,22],"product_tag":[],"class_list":{"0":"post-2897","1":"product","2":"type-product","3":"status-publish","4":"has-post-thumbnail","6":"product_cat-istutuskast","7":"product_cat-lilleaed","8":"product_cat-loikelilleaed","9":"product_cat-park","10":"product_cat-pinnakatjad","11":"product_cat-pusikud","12":"product_cat-tiigiaed","13":"product_cat-varjuaed","14":"product_cat-taimed","15":"pa_kasvukorgus-50-cm","16":"pa_laius-50-60-cm","17":"pa_lisainfo-hea-pinnakatja","18":"pa_lisainfo-kaldataim","19":"pa_lisainfo-sobilik-istutuskasti-jaoks","20":"pa_lisainfo-sobib-loikelilleks","21":"pa_oie-varv-valge","22":"pa_oitsemise-aeg-mai-juuni","23":"pa_tingimused-niiske","24":"pa_tingimused-viljakas","25":"pa_tsoon-4-8","26":"pa_valguse-tingimused-paike","27":"pa_valguse-tingimused-poolvari","28":"pa_variatsioon-suurem-pott","29":"pa_variatsioon-vaiksem-pott","31":"first","32":"instock","33":"purchasable","34":"product-type-variable"},"acf":[],"_links":{"self":[{"href":"https:\/\/dev.garden.ee\/en\/wp-json\/wp\/v2\/product\/2897","targetHints":{"allow":["GET"]}}],"collection":[{"href":"https:\/\/dev.garden.ee\/en\/wp-json\/wp\/v2\/product"}],"about":[{"href":"https:\/\/dev.garden.ee\/en\/wp-json\/wp\/v2\/types\/product"}],"wp:featuredmedia":[{"embeddable":true,"href":"https:\/\/dev.garden.ee\/en\/wp-json\/wp\/v2\/media\/2898"}],"wp:attachment":[{"href":"https:\/\/dev.garden.ee\/en\/wp-json\/wp\/v2\/media?parent=2897"}],"wp:term":[{"taxonomy":"product_brand","embeddable":true,"href":"https:\/\/dev.garden.ee\/en\/wp-json\/wp\/v2\/product_brand?post=2897"},{"taxonomy":"product_cat","embeddable":true,"href":"https:\/\/dev.garden.ee\/en\/wp-json\/wp\/v2\/product_cat?post=2897"},{"taxonomy":"product_tag","embeddable":true,"href":"https:\/\/dev.garden.ee\/en\/wp-json\/wp\/v2\/product_tag?post=2897"}],"curies":[{"name":"wp","href":"https:\/\/api.w.org\/{rel}","templated":true}]}}