{"id":2889,"date":"2023-01-18T17:20:01","date_gmt":"2023-01-18T15:20:01","guid":{"rendered":"https:\/\/dev.zezz.ee\/garden\/toode\/artemisia-ludoviciana-silver-queen\/"},"modified":"2026-02-17T00:00:57","modified_gmt":"2026-02-16T22:00:57","slug":"artemisia-ludoviciana-silver-queen","status":"publish","type":"product","link":"https:\/\/dev.garden.ee\/en\/product\/artemisia-ludoviciana-silver-queen\/","title":{"rendered":"Artemisia ludoviciana &#8216;Silver Queen&#8217;"},"content":{"rendered":"<input class=\"fooboxshare_post_id\" type=\"hidden\" value=\"2889\"\/>","protected":false},"excerpt":{"rendered":"<p>H\u00f5bedaselt valged, aromaatsed lehed. Lisab aeda kontrasti ja valgust. Sobib ideaalselt roooside seltsiliseks peenrasse, p\u00fcsib kaunilt kogu hooaja, peaaegu igihaljas. Kasutatakse ka kuivatatult lilleseadetes. V\u00f5ivad esineda p\u00fcstise varre otsas \u00fclipisikesed kreemikad \u00f5ied, mis on siiski t\u00e4htsusetud ja tuleks eemaldada. Talub kuivemat mulda.<span style=\"color: #ff0000;\">\u00a0<\/span><\/p>","protected":false},"featured_media":2890,"template":"","meta":[],"product_brand":[],"product_cat":[4415,9200,4401,22],"product_tag":[],"class_list":{"0":"post-2889","1":"product","2":"type-product","3":"status-publish","4":"has-post-thumbnail","6":"product_cat-lilleaed","7":"product_cat-pinnakatjad","8":"product_cat-pusikud","9":"product_cat-taimed","10":"pa_haiguskindlus-vaga-hea","11":"pa_kasvukorgus-60-90-cm","12":"pa_laius-60-90-cm","13":"pa_lehestikuvarv-hobedane","14":"pa_lisainfo-dekoratiivne-lehestik","15":"pa_lisainfo-janese-kahjustustele-vastupidav","16":"pa_lohn-lohnav","17":"pa_oie-varv-kreemjas","18":"pa_oitsemise-aeg-august","19":"pa_talvekindlus-vaga-hea","20":"pa_tingimused-hea-drenaaz","21":"pa_tingimused-kuiv","22":"pa_tingimused-parasniiske","23":"pa_tsoon-4-9","24":"pa_valguse-tingimused-paike","25":"pa_variatsioon-suurem-pott","26":"pa_variatsioon-vaiksem-pott","28":"first","29":"onbackorder","30":"purchasable","31":"product-type-variable"},"acf":[],"_links":{"self":[{"href":"https:\/\/dev.garden.ee\/en\/wp-json\/wp\/v2\/product\/2889","targetHints":{"allow":["GET"]}}],"collection":[{"href":"https:\/\/dev.garden.ee\/en\/wp-json\/wp\/v2\/product"}],"about":[{"href":"https:\/\/dev.garden.ee\/en\/wp-json\/wp\/v2\/types\/product"}],"wp:featuredmedia":[{"embeddable":true,"href":"https:\/\/dev.garden.ee\/en\/wp-json\/wp\/v2\/media\/2890"}],"wp:attachment":[{"href":"https:\/\/dev.garden.ee\/en\/wp-json\/wp\/v2\/media?parent=2889"}],"wp:term":[{"taxonomy":"product_brand","embeddable":true,"href":"https:\/\/dev.garden.ee\/en\/wp-json\/wp\/v2\/product_brand?post=2889"},{"taxonomy":"product_cat","embeddable":true,"href":"https:\/\/dev.garden.ee\/en\/wp-json\/wp\/v2\/product_cat?post=2889"},{"taxonomy":"product_tag","embeddable":true,"href":"https:\/\/dev.garden.ee\/en\/wp-json\/wp\/v2\/product_tag?post=2889"}],"curies":[{"name":"wp","href":"https:\/\/api.w.org\/{rel}","templated":true}]}}