{"id":2884,"date":"2023-01-18T17:19:59","date_gmt":"2023-01-18T15:19:59","guid":{"rendered":"https:\/\/dev.zezz.ee\/garden\/toode\/armeria-maritima-rubrifolia\/"},"modified":"2026-02-16T20:52:26","modified_gmt":"2026-02-16T18:52:26","slug":"armeria-maritima-rubrifolia","status":"publish","type":"product","link":"https:\/\/dev.garden.ee\/en\/product\/armeria-maritima-rubrifolia\/","title":{"rendered":"Armeria maritima &#8216;Rubrifolia&#8217;"},"content":{"rendered":"<input class=\"fooboxshare_post_id\" type=\"hidden\" value=\"2884\"\/>","protected":false},"excerpt":{"rendered":"<p>Merikann moodustab pehme armsa murum\u00e4tta, mille kohale ilmuvad pikema, p\u00fcstise varre otsa ereroosad v\u00e4iksed \u00f5iepallikesed. Lehestik on atraktiivne tumedam purpurne ning lehestik ja \u00f5ied\u00a0annavad suurep\u00e4rase kontrasti. Kena peenra \u00e4\u00e4ristajana v\u00f5i kiviktaimlasse. M\u00f5jub efektselt suurema r\u00fchmana. P\u00e4rast \u00f5itsemist tuleks kuivanud \u00f5ied \u00e4ra l\u00f5igata, siis \u00f5itseb teistkordselt.\u00a0 Talub temperatuuri kuni -30 \u00b0C ja j\u00e4\u00e4b\u00a0haljaks\u00a0\u00fcle talve.<\/p>","protected":false},"featured_media":2885,"template":"","meta":[],"product_brand":[],"product_cat":[4415,6934,9200,4401,22],"product_tag":[],"class_list":{"0":"post-2884","1":"product","2":"type-product","3":"status-publish","4":"has-post-thumbnail","6":"product_cat-lilleaed","7":"product_cat-mesilassobralik-aed","8":"product_cat-pinnakatjad","9":"product_cat-pusikud","10":"product_cat-taimed","11":"pa_haiguskindlus-vaga-hea","12":"pa_kasvukorgus-10-20-cm","13":"pa_laius-15-30-cm","14":"pa_lehestikuvarv-purpurne","15":"pa_lisainfo-dekoratiivne-lehestik","16":"pa_lisainfo-hirve-kahjustustele-vastupidav","17":"pa_lisainfo-mesilaste-lemmik","18":"pa_oie-varv-roosa","19":"pa_oitsemise-aeg-juuni-juuli","20":"pa_talvekindlus-vaga-hea","21":"pa_tingimused-hea-drenaaz","22":"pa_tingimused-vaheviljakas","23":"pa_tsoon-2-9","24":"pa_valguse-tingimused-paike","25":"pa_variatsioon-suurem-pott","26":"pa_variatsioon-vaiksem-pott","28":"first","29":"instock","30":"purchasable","31":"product-type-variable"},"acf":[],"_links":{"self":[{"href":"https:\/\/dev.garden.ee\/en\/wp-json\/wp\/v2\/product\/2884","targetHints":{"allow":["GET"]}}],"collection":[{"href":"https:\/\/dev.garden.ee\/en\/wp-json\/wp\/v2\/product"}],"about":[{"href":"https:\/\/dev.garden.ee\/en\/wp-json\/wp\/v2\/types\/product"}],"wp:featuredmedia":[{"embeddable":true,"href":"https:\/\/dev.garden.ee\/en\/wp-json\/wp\/v2\/media\/2885"}],"wp:attachment":[{"href":"https:\/\/dev.garden.ee\/en\/wp-json\/wp\/v2\/media?parent=2884"}],"wp:term":[{"taxonomy":"product_brand","embeddable":true,"href":"https:\/\/dev.garden.ee\/en\/wp-json\/wp\/v2\/product_brand?post=2884"},{"taxonomy":"product_cat","embeddable":true,"href":"https:\/\/dev.garden.ee\/en\/wp-json\/wp\/v2\/product_cat?post=2884"},{"taxonomy":"product_tag","embeddable":true,"href":"https:\/\/dev.garden.ee\/en\/wp-json\/wp\/v2\/product_tag?post=2884"}],"curies":[{"name":"wp","href":"https:\/\/api.w.org\/{rel}","templated":true}]}}