{"id":2868,"date":"2023-01-18T17:19:48","date_gmt":"2023-01-18T15:19:48","guid":{"rendered":"https:\/\/dev.zezz.ee\/garden\/toode\/anemone-hupehensis-september-charm\/"},"modified":"2026-02-13T21:56:30","modified_gmt":"2026-02-13T19:56:30","slug":"anemone-hupehensis-september-charm","status":"publish","type":"product","link":"https:\/\/dev.garden.ee\/en\/product\/anemone-hupehensis-september-charm\/","title":{"rendered":"Anemone hupehensis &#8216;September Charm&#8217;"},"content":{"rendered":"<input class=\"fooboxshare_post_id\" type=\"hidden\" value=\"2868\"\/>","protected":false},"excerpt":{"rendered":"<p>H\u00fcbriid\u00fclase roosa variant. Kaunid, haprad \u00f5ied pikkadel vartel, armas kollane tolmukate s\u00fcdamik. Kergelt kausjad \u00f5ied on u. 6-8 cm l\u00e4bim\u00f5\u00f5duga. Kroonlehtede v\u00e4lisk\u00fclgedel on tumeroosa varjutus.\u00a0Tumeroheliste l\u00f5histe lehtedega.\u00a0J\u00f5ulise kasvuga! Parim etteaste poolvarjulises kasvualas.<\/p>\n<p>Hooldus:\u00a0Jaga varakevadel v\u00f5i s\u00fcgisel. Taimele ei meeldi liigne \u00fcmberistutamine. V\u00e4ltida kasvukohta, kuhu v\u00f5iks tekkida talve l\u00f5pul liigne vesi.<\/p>\n<p>Kaaslastena sobivad nt\u00a0<em>Nepeta kubanica,\u00a0Aster cordifolius<\/em> &#8216;Little Carlow&#8217; ja\u00a0<a><em>Actaea ramosa<\/em> &#8216;Pink Spike&#8217;<\/a><em>.\u00a0<\/em>Vt all &#8211; seotud tooted.<\/p>","protected":false},"featured_media":2869,"template":"","meta":[],"product_brand":[],"product_cat":[4415,6934,4401,4412,22],"product_tag":[],"class_list":{"0":"post-2868","1":"product","2":"type-product","3":"status-publish","4":"has-post-thumbnail","6":"product_cat-lilleaed","7":"product_cat-mesilassobralik-aed","8":"product_cat-pusikud","9":"product_cat-varjuaed","10":"product_cat-taimed","11":"pa_kasvukorgus-60-80-cm","12":"pa_laius-60-70-cm","13":"pa_lisainfo-sobib-osalise-varjuga-kasvualale","14":"pa_oie-varv-roosa","15":"pa_oitsemise-aeg-august-oktoober","16":"pa_talvekindlus-hea","17":"pa_tingimused-hea-drenaaz","18":"pa_tingimused-parasniiske","19":"pa_tsoon-5-9","20":"pa_valguse-tingimused-paike","21":"pa_valguse-tingimused-poolvari","22":"pa_variatsioon-suurem-pott","23":"pa_variatsioon-vaiksem-pott","25":"first","26":"instock","27":"purchasable","28":"product-type-variable"},"acf":[],"_links":{"self":[{"href":"https:\/\/dev.garden.ee\/en\/wp-json\/wp\/v2\/product\/2868","targetHints":{"allow":["GET"]}}],"collection":[{"href":"https:\/\/dev.garden.ee\/en\/wp-json\/wp\/v2\/product"}],"about":[{"href":"https:\/\/dev.garden.ee\/en\/wp-json\/wp\/v2\/types\/product"}],"wp:featuredmedia":[{"embeddable":true,"href":"https:\/\/dev.garden.ee\/en\/wp-json\/wp\/v2\/media\/2869"}],"wp:attachment":[{"href":"https:\/\/dev.garden.ee\/en\/wp-json\/wp\/v2\/media?parent=2868"}],"wp:term":[{"taxonomy":"product_brand","embeddable":true,"href":"https:\/\/dev.garden.ee\/en\/wp-json\/wp\/v2\/product_brand?post=2868"},{"taxonomy":"product_cat","embeddable":true,"href":"https:\/\/dev.garden.ee\/en\/wp-json\/wp\/v2\/product_cat?post=2868"},{"taxonomy":"product_tag","embeddable":true,"href":"https:\/\/dev.garden.ee\/en\/wp-json\/wp\/v2\/product_tag?post=2868"}],"curies":[{"name":"wp","href":"https:\/\/api.w.org\/{rel}","templated":true}]}}