{"id":2851,"date":"2023-01-18T17:19:37","date_gmt":"2023-01-18T15:19:37","guid":{"rendered":"https:\/\/dev.zezz.ee\/garden\/toode\/amsonia-blue-ice\/"},"modified":"2026-02-13T21:11:55","modified_gmt":"2026-02-13T19:11:55","slug":"amsonia-blue-ice","status":"publish","type":"product","link":"https:\/\/dev.garden.ee\/en\/product\/amsonia-blue-ice\/","title":{"rendered":"Amsonia &#8216;Blue Ice&#8217;"},"content":{"rendered":"<input class=\"fooboxshare_post_id\" type=\"hidden\" value=\"2851\"\/>","protected":false},"excerpt":{"rendered":"<p>Kompaktne ja pikalt \u00f5itsev p\u00fcsik. Taim moodustab madalaid rohelisi k\u00fcnkaid, millele ilmuvad suve algul sinised pungade kobarad, need avanevad kauniteks helesinisteks, t\u00e4hekujulisteks \u00f5iteks. \u00d5ied p\u00fcsivad kaunina mitmeid n\u00e4dalaid. S\u00fcgisel muutub lehestik kollaseks.<\/p>","protected":false},"featured_media":2852,"template":"","meta":[],"product_brand":[],"product_cat":[4415,4401,22],"product_tag":[],"class_list":{"0":"post-2851","1":"product","2":"type-product","3":"status-publish","4":"has-post-thumbnail","6":"product_cat-lilleaed","7":"product_cat-pusikud","8":"product_cat-taimed","9":"pa_kasvukorgus-35-40-cm-2","10":"pa_laius-45-60-cm","11":"pa_lisainfo-pilgupuudja","12":"pa_oie-varv-sinine","13":"pa_oitsemise-aeg-juuni-juuli","14":"pa_talvekindlus-vaga-hea","15":"pa_tingimused-neutraalne","16":"pa_tsoon-z4-9","17":"pa_valguse-tingimused-paike","18":"pa_valguse-tingimused-poolvari","19":"pa_variatsioon-suurem-pott","20":"pa_variatsioon-vaiksem-pott","22":"first","23":"onbackorder","24":"purchasable","25":"product-type-variable"},"acf":[],"_links":{"self":[{"href":"https:\/\/dev.garden.ee\/en\/wp-json\/wp\/v2\/product\/2851","targetHints":{"allow":["GET"]}}],"collection":[{"href":"https:\/\/dev.garden.ee\/en\/wp-json\/wp\/v2\/product"}],"about":[{"href":"https:\/\/dev.garden.ee\/en\/wp-json\/wp\/v2\/types\/product"}],"wp:featuredmedia":[{"embeddable":true,"href":"https:\/\/dev.garden.ee\/en\/wp-json\/wp\/v2\/media\/2852"}],"wp:attachment":[{"href":"https:\/\/dev.garden.ee\/en\/wp-json\/wp\/v2\/media?parent=2851"}],"wp:term":[{"taxonomy":"product_brand","embeddable":true,"href":"https:\/\/dev.garden.ee\/en\/wp-json\/wp\/v2\/product_brand?post=2851"},{"taxonomy":"product_cat","embeddable":true,"href":"https:\/\/dev.garden.ee\/en\/wp-json\/wp\/v2\/product_cat?post=2851"},{"taxonomy":"product_tag","embeddable":true,"href":"https:\/\/dev.garden.ee\/en\/wp-json\/wp\/v2\/product_tag?post=2851"}],"curies":[{"name":"wp","href":"https:\/\/api.w.org\/{rel}","templated":true}]}}