{"id":2782,"date":"2023-01-18T17:18:52","date_gmt":"2023-01-18T15:18:52","guid":{"rendered":"https:\/\/dev.zezz.ee\/garden\/toode\/hydrangea-paniculata-diamond-rouge\/"},"modified":"2023-03-20T16:23:35","modified_gmt":"2023-03-20T14:23:35","slug":"hydrangea-paniculata-diamond-rouge","status":"publish","type":"product","link":"https:\/\/dev.garden.ee\/en\/product\/hydrangea-paniculata-diamond-rouge\/","title":{"rendered":"Hydrangea paniculata &#8216;Diamond Rouge&#8217;"},"content":{"rendered":"<input class=\"fooboxshare_post_id\" type=\"hidden\" value=\"2782\"\/>","protected":false},"excerpt":{"rendered":"<p>Erakordne sort, esiteks tegemist on \u00fchtede pikemalt p\u00fcsivate ning teisalt punasemate \u00f5isikutega. Algselt avanevad \u00f5isikud on valged, seej\u00e4rel v\u00e4rvuvad need roosaks ning kusagil augustis muutuvad s\u00e4rav purpur\/punaseks. Sort v\u00e4\u00e4rib oma nime, tuues rohkel teemante igasse aeda, kus aga \u00f5itseda saab! Tegemist on prantsuse aretaja Jean Renault loominguga.<\/p>","protected":false},"featured_media":2783,"template":"","meta":[],"product_brand":[],"product_cat":[4403,4406,4396,22],"product_tag":[],"class_list":{"0":"post-2782","1":"product","2":"type-product","3":"status-publish","4":"has-post-thumbnail","6":"product_cat-kodu","7":"product_cat-park","8":"product_cat-puud-ja-poosad","9":"product_cat-taimed","10":"pa_moodud-k-15-m-l-12-m","11":"pa_oitsemise-aeg-juuli-september","12":"pa_talvekindlus-vaga-hea","13":"pa_variatsioon-poosas-h-100-120-cm","14":"pa_variatsioon-poosas-h-30-40-cm","15":"pa_variatsioon-poosas-h-60-80-cm","17":"first","18":"instock","19":"taxable","20":"shipping-taxable","21":"purchasable","22":"product-type-variable"},"acf":[],"_links":{"self":[{"href":"https:\/\/dev.garden.ee\/en\/wp-json\/wp\/v2\/product\/2782","targetHints":{"allow":["GET"]}}],"collection":[{"href":"https:\/\/dev.garden.ee\/en\/wp-json\/wp\/v2\/product"}],"about":[{"href":"https:\/\/dev.garden.ee\/en\/wp-json\/wp\/v2\/types\/product"}],"wp:featuredmedia":[{"embeddable":true,"href":"https:\/\/dev.garden.ee\/en\/wp-json\/wp\/v2\/media\/2783"}],"wp:attachment":[{"href":"https:\/\/dev.garden.ee\/en\/wp-json\/wp\/v2\/media?parent=2782"}],"wp:term":[{"taxonomy":"product_brand","embeddable":true,"href":"https:\/\/dev.garden.ee\/en\/wp-json\/wp\/v2\/product_brand?post=2782"},{"taxonomy":"product_cat","embeddable":true,"href":"https:\/\/dev.garden.ee\/en\/wp-json\/wp\/v2\/product_cat?post=2782"},{"taxonomy":"product_tag","embeddable":true,"href":"https:\/\/dev.garden.ee\/en\/wp-json\/wp\/v2\/product_tag?post=2782"}],"curies":[{"name":"wp","href":"https:\/\/api.w.org\/{rel}","templated":true}]}}