{"id":2738,"date":"2023-01-18T17:18:26","date_gmt":"2023-01-18T15:18:26","guid":{"rendered":"https:\/\/dev.zezz.ee\/garden\/toode\/lonicera-periclymenum-serotina\/"},"modified":"2023-04-18T15:13:20","modified_gmt":"2023-04-18T12:13:20","slug":"lonicera-periclymenum-serotina","status":"publish","type":"product","link":"https:\/\/dev.garden.ee\/en\/product\/lonicera-periclymenum-serotina\/","title":{"rendered":"Lonicera periclymenum &#8216;Serotina&#8217;"},"content":{"rendered":"<input class=\"fooboxshare_post_id\" type=\"hidden\" value=\"2738\"\/>","protected":false},"excerpt":{"rendered":"<p>Kes k\u00fcll keelduks lihtsast \u00f5iet\u00e4iendust kesksuvest esimeste k\u00fclmadeni. Lastes selle klassikalise kuslapuu m\u00f6\u00f6da seina uhkeldades \u00fcles ronima ongi tulemuseks ergas, magusal\u00f5hnaliste \u00f5itemeri, mida t\u00e4iendab lopsakas sinakasroheline lehestik. Kahehuulse \u00f5ie v\u00e4limised kroonlehed on punakaspurpursed ning sisemised kreemjasvalged. Peale \u00f5isi saab nautida punaseid marju. Sordile on omistatud Award of Garden Merit.<\/p>","protected":false},"featured_media":2739,"template":"","meta":[],"product_brand":[],"product_cat":[4403,4415,6934,4397,22],"product_tag":[],"class_list":{"0":"post-2738","1":"product","2":"type-product","3":"status-publish","4":"has-post-thumbnail","6":"product_cat-kodu","7":"product_cat-lilleaed","8":"product_cat-mesilassobralik-aed","9":"product_cat-ronitaimed","10":"product_cat-taimed","11":"pa_moodud-k-3-5-m","12":"pa_muugisuurus-erinevad-suurused","13":"pa_oie-varv-purpurne","14":"pa_oitsemise-aeg-august-september","15":"pa_variatsioon-ronitaim-h-100-120-cm","16":"pa_variatsioon-ronitaim-h-150-cm","17":"pa_variatsioon-ronitaim-h-80-100-cm","19":"first","20":"instock","21":"taxable","22":"shipping-taxable","23":"purchasable","24":"product-type-variable"},"acf":[],"_links":{"self":[{"href":"https:\/\/dev.garden.ee\/en\/wp-json\/wp\/v2\/product\/2738","targetHints":{"allow":["GET"]}}],"collection":[{"href":"https:\/\/dev.garden.ee\/en\/wp-json\/wp\/v2\/product"}],"about":[{"href":"https:\/\/dev.garden.ee\/en\/wp-json\/wp\/v2\/types\/product"}],"wp:featuredmedia":[{"embeddable":true,"href":"https:\/\/dev.garden.ee\/en\/wp-json\/wp\/v2\/media\/2739"}],"wp:attachment":[{"href":"https:\/\/dev.garden.ee\/en\/wp-json\/wp\/v2\/media?parent=2738"}],"wp:term":[{"taxonomy":"product_brand","embeddable":true,"href":"https:\/\/dev.garden.ee\/en\/wp-json\/wp\/v2\/product_brand?post=2738"},{"taxonomy":"product_cat","embeddable":true,"href":"https:\/\/dev.garden.ee\/en\/wp-json\/wp\/v2\/product_cat?post=2738"},{"taxonomy":"product_tag","embeddable":true,"href":"https:\/\/dev.garden.ee\/en\/wp-json\/wp\/v2\/product_tag?post=2738"}],"curies":[{"name":"wp","href":"https:\/\/api.w.org\/{rel}","templated":true}]}}