{"id":2693,"date":"2023-01-18T17:17:54","date_gmt":"2023-01-18T15:17:54","guid":{"rendered":"https:\/\/dev.zezz.ee\/garden\/toode\/astrantia-sunningdale-variegated\/"},"modified":"2026-02-17T18:10:33","modified_gmt":"2026-02-17T16:10:33","slug":"astrantia-sunningdale-variegated","status":"publish","type":"product","link":"https:\/\/dev.garden.ee\/en\/product\/astrantia-sunningdale-variegated\/","title":{"rendered":"Astrantia major &#8216;Sunningdale Variegated&#8217;"},"content":{"rendered":"<input class=\"fooboxshare_post_id\" type=\"hidden\" value=\"2693\"\/>","protected":false},"excerpt":{"rendered":"<p>Tihe, pikkade, sitkete varte ja elegantselt kirjute, l\u00e4ikivate, s\u00fcgavalt l\u00f5histunud lehtedega puhmjas p\u00fcsik. Kirev lehev\u00e4rv tuhmub suve edenedes. Roosakasvalged \u00f5isikud meenutavad paberjaid n\u00f5elapatju. K\u00f5rgelt hinnatud taim aiakujundajate seas.<\/p>\n<p>N\u00e4rtsinud \u00f5ite eemaldamine pikendab \u00f5itseperioodi, samuti v\u00e4ldib isek\u00fclvi. Hea l\u00f5ikelill, mis sobib h\u00e4sti lillekompositsioonidesse. Lihtne hooldada. V\u00f5ib kasvatada ka konteinerites. Jagamiseks sobivaim aeg on varakevad.<\/p>","protected":false},"featured_media":2694,"template":"","meta":[],"product_brand":[],"product_cat":[9637,4415,4413,4401,22],"product_tag":[],"class_list":{"0":"post-2693","1":"product","2":"type-product","3":"status-publish","4":"has-post-thumbnail","6":"product_cat-istutuskast","7":"product_cat-lilleaed","8":"product_cat-loikelilleaed","9":"product_cat-pusikud","10":"product_cat-taimed","11":"pa_haiguskindlus-hea","12":"pa_kasvukorgus-60-70-cm","13":"pa_laius-30-50-cm","14":"pa_lehestikuvarv-roheline","15":"pa_lehestikuvarv-kollane","16":"pa_lehestikuvarv-kreemjas","17":"pa_lehestikuvarv-mitmevarviline","18":"pa_lehestikuvarv-valge","19":"pa_lisainfo-dekoratiivne-lehestik","20":"pa_lisainfo-sobilik-istutuskasti-jaoks","21":"pa_lisainfo-sobib-loikelilleks","22":"pa_lisainfo-sobib-osalise-varjuga-kasvualale","23":"pa_oie-varv-roosa","24":"pa_oitsemise-aeg-mai-august","25":"pa_talvekindlus-vaga-hea","26":"pa_tingimused-hea-drenaaz","27":"pa_tingimused-niiske","28":"pa_tingimused-viljakas","29":"pa_tsoon-3-9","30":"pa_valguse-tingimused-paike","31":"pa_valguse-tingimused-poolvari","32":"pa_variatsioon-suurem-pott","33":"pa_variatsioon-vaiksem-pott","35":"first","36":"onbackorder","37":"purchasable","38":"product-type-variable"},"acf":[],"_links":{"self":[{"href":"https:\/\/dev.garden.ee\/en\/wp-json\/wp\/v2\/product\/2693","targetHints":{"allow":["GET"]}}],"collection":[{"href":"https:\/\/dev.garden.ee\/en\/wp-json\/wp\/v2\/product"}],"about":[{"href":"https:\/\/dev.garden.ee\/en\/wp-json\/wp\/v2\/types\/product"}],"wp:featuredmedia":[{"embeddable":true,"href":"https:\/\/dev.garden.ee\/en\/wp-json\/wp\/v2\/media\/2694"}],"wp:attachment":[{"href":"https:\/\/dev.garden.ee\/en\/wp-json\/wp\/v2\/media?parent=2693"}],"wp:term":[{"taxonomy":"product_brand","embeddable":true,"href":"https:\/\/dev.garden.ee\/en\/wp-json\/wp\/v2\/product_brand?post=2693"},{"taxonomy":"product_cat","embeddable":true,"href":"https:\/\/dev.garden.ee\/en\/wp-json\/wp\/v2\/product_cat?post=2693"},{"taxonomy":"product_tag","embeddable":true,"href":"https:\/\/dev.garden.ee\/en\/wp-json\/wp\/v2\/product_tag?post=2693"}],"curies":[{"name":"wp","href":"https:\/\/api.w.org\/{rel}","templated":true}]}}