{"id":2685,"date":"2023-01-18T17:17:47","date_gmt":"2023-01-18T15:17:47","guid":{"rendered":"https:\/\/dev.zezz.ee\/garden\/toode\/syringa-x-hyacinthiflora-ester-staley\/"},"modified":"2023-03-24T11:20:31","modified_gmt":"2023-03-24T09:20:31","slug":"syringa-x-hyacinthiflora-ester-staley","status":"publish","type":"product","link":"https:\/\/dev.garden.ee\/en\/product\/syringa-x-hyacinthiflora-ester-staley\/","title":{"rendered":"Syringa x hyacinthiflora &#8216;Esther Staley&#8217;"},"content":{"rendered":"<input class=\"fooboxshare_post_id\" type=\"hidden\" value=\"2685\"\/>","protected":false},"excerpt":{"rendered":"<p>V\u00e4ga l\u00f5hnavate roosade \u00f5itega, p\u00fcstise kasvuga sirel. Enne avanemist on \u00f5ienupud tumedamad roosad, kohati lausa punased. \u00d5itep\u00f6\u00f6rised ulatuvad 12 cm-ni.\u00a0Taim kuulub k\u00fcmne Award of Garden Meriti poolt tunnustatud sirelite hulka.<\/p>","protected":false},"featured_media":2686,"template":"","meta":[],"product_brand":[],"product_cat":[4403,4395,4414,4406,4396,22],"product_tag":[9209],"class_list":{"0":"post-2685","1":"product","2":"type-product","3":"status-publish","4":"has-post-thumbnail","6":"product_cat-kodu","7":"product_cat-hekid","8":"product_cat-lohnaaed","9":"product_cat-park","10":"product_cat-puud-ja-poosad","11":"product_cat-taimed","12":"product_tag-rhs-award-of-garden-merit","13":"pa_moodud-k-25-3-m-l-25-m","14":"pa_muugisuurus-erinevad-suurused","15":"pa_oie-varv-roosa","16":"pa_oitsemise-aeg-mai-juuni","17":"pa_talvekindlus-vaga-hea","18":"pa_tsoon-3-7","19":"pa_variatsioon-poosas-h-100-125-cm","20":"pa_variatsioon-poosas-h-150-175-cm","21":"pa_variatsioon-poosas-h-80-100-cm","22":"pa_variatsioon-puuvorm-tuvi-80-100-cm","24":"first","25":"instock","26":"taxable","27":"shipping-taxable","28":"purchasable","29":"product-type-variable"},"acf":[],"_links":{"self":[{"href":"https:\/\/dev.garden.ee\/en\/wp-json\/wp\/v2\/product\/2685","targetHints":{"allow":["GET"]}}],"collection":[{"href":"https:\/\/dev.garden.ee\/en\/wp-json\/wp\/v2\/product"}],"about":[{"href":"https:\/\/dev.garden.ee\/en\/wp-json\/wp\/v2\/types\/product"}],"wp:featuredmedia":[{"embeddable":true,"href":"https:\/\/dev.garden.ee\/en\/wp-json\/wp\/v2\/media\/2686"}],"wp:attachment":[{"href":"https:\/\/dev.garden.ee\/en\/wp-json\/wp\/v2\/media?parent=2685"}],"wp:term":[{"taxonomy":"product_brand","embeddable":true,"href":"https:\/\/dev.garden.ee\/en\/wp-json\/wp\/v2\/product_brand?post=2685"},{"taxonomy":"product_cat","embeddable":true,"href":"https:\/\/dev.garden.ee\/en\/wp-json\/wp\/v2\/product_cat?post=2685"},{"taxonomy":"product_tag","embeddable":true,"href":"https:\/\/dev.garden.ee\/en\/wp-json\/wp\/v2\/product_tag?post=2685"}],"curies":[{"name":"wp","href":"https:\/\/api.w.org\/{rel}","templated":true}]}}