{"id":2654,"date":"2023-01-18T17:17:24","date_gmt":"2023-01-18T15:17:24","guid":{"rendered":"https:\/\/dev.zezz.ee\/garden\/toode\/chionanthus-virginicus\/"},"modified":"2023-03-20T13:40:25","modified_gmt":"2023-03-20T11:40:25","slug":"chionanthus-virginicus","status":"publish","type":"product","link":"https:\/\/dev.garden.ee\/en\/product\/chionanthus-virginicus\/","title":{"rendered":"Chionanthus virginicus"},"content":{"rendered":"<input class=\"fooboxshare_post_id\" type=\"hidden\" value=\"2654\"\/>","protected":false},"excerpt":{"rendered":"<p>Imekaunis ning omap\u00e4rase \u00f5iestikuga v\u00e4iksem puuke on kindel kevadine pilgup\u00fc\u00fcdja. \u00d5iepilv, mis kerkib enne lehti v\u00f5i siis koos esimeste lehekestega pakub lisaks p\u00f5nevale v\u00e4limusele ka m\u00f5nusat l\u00f5hnaelamust. \u00d5hulised, rippuvad, kreemvalged \u00f5isikud tekivad mai l\u00f5pus, juuni alguses. S\u00fcgisel on \u00f5iestiku tulemuseks sinakasmustad viljad. Soolo kaunitar! Laiuva, \u00fcmara kujuga p\u00f5\u00f5sas v\u00f5i v\u00e4ike puu, mis oma koduses keskkonnas kasvab niiskemates lehtmetsades ja n\u00f5lvadel. Meie tingimustes pigem veidi p\u00e4ikselisemal, tuulevaiksel kohal.Tumeroheline, l\u00e4ikiv lehestik (kuni 20 cm pikad, kitsamad lehed muutuvad s\u00fcgisel kaunilt kollaseks) ja helehall t\u00fcvi, mida t\u00e4iustavad valged t\u00e4kked.<\/p>","protected":false},"featured_media":2655,"template":"","meta":[],"product_brand":[],"product_cat":[4403,4406,4396,22],"product_tag":[],"class_list":{"0":"post-2654","1":"product","2":"type-product","3":"status-publish","4":"has-post-thumbnail","6":"product_cat-kodu","7":"product_cat-park","8":"product_cat-puud-ja-poosad","9":"product_cat-taimed","10":"pa_moodud-k-3-45-m-l-3-45-m","11":"pa_muugisuurus-h-50-60-cm","12":"pa_oie-varv-valge","13":"pa_oitsemise-aeg-mai-juuni","14":"pa_talvekindlus-vaga-hea","15":"pa_tsoon-z-4-9","16":"pa_variatsioon-poosas-h-30-40-cm","17":"pa_variatsioon-poosas-h-50-60-cm","19":"first","20":"instock","21":"taxable","22":"shipping-taxable","23":"purchasable","24":"product-type-variable"},"acf":[],"_links":{"self":[{"href":"https:\/\/dev.garden.ee\/en\/wp-json\/wp\/v2\/product\/2654","targetHints":{"allow":["GET"]}}],"collection":[{"href":"https:\/\/dev.garden.ee\/en\/wp-json\/wp\/v2\/product"}],"about":[{"href":"https:\/\/dev.garden.ee\/en\/wp-json\/wp\/v2\/types\/product"}],"wp:featuredmedia":[{"embeddable":true,"href":"https:\/\/dev.garden.ee\/en\/wp-json\/wp\/v2\/media\/2655"}],"wp:attachment":[{"href":"https:\/\/dev.garden.ee\/en\/wp-json\/wp\/v2\/media?parent=2654"}],"wp:term":[{"taxonomy":"product_brand","embeddable":true,"href":"https:\/\/dev.garden.ee\/en\/wp-json\/wp\/v2\/product_brand?post=2654"},{"taxonomy":"product_cat","embeddable":true,"href":"https:\/\/dev.garden.ee\/en\/wp-json\/wp\/v2\/product_cat?post=2654"},{"taxonomy":"product_tag","embeddable":true,"href":"https:\/\/dev.garden.ee\/en\/wp-json\/wp\/v2\/product_tag?post=2654"}],"curies":[{"name":"wp","href":"https:\/\/api.w.org\/{rel}","templated":true}]}}