{"id":2628,"date":"2023-01-18T17:17:08","date_gmt":"2023-01-18T15:17:08","guid":{"rendered":"https:\/\/dev.zezz.ee\/garden\/toode\/deschampsia-cespitosa-bronzeschleier\/"},"modified":"2026-02-20T21:47:39","modified_gmt":"2026-02-20T19:47:39","slug":"deschampsia-cespitosa-bronzeschleier","status":"publish","type":"product","link":"https:\/\/dev.garden.ee\/en\/product\/deschampsia-cespitosa-bronzeschleier\/","title":{"rendered":"Deschampsia cespitosa &#8216;Bronzeschleier&#8217;"},"content":{"rendered":"<input class=\"fooboxshare_post_id\" type=\"hidden\" value=\"2628\"\/>","protected":false},"excerpt":{"rendered":"<p>Hea struktuuriga, kiirekasvuline, karedate peenikeste kaarjate lehtedega, puhmjas k\u00f5rreline. Loob toreda, voogava efekti. \u00d5isik \u00f5huline ja pronksjaskollane. Lihtne kasvatada ja hooldada. Taime jagamist ja vanade varte maha l\u00f5ikamist teostada\u00a0varakevadel. Hea taim massistutuseks, taimeala \u00e4\u00e4ristajaks v\u00f5i taustaks. V\u00f5ib kasvatada ka konteineris. Talub h\u00e4sti erinevat pinnast, niiskem on hea, kuid kasvab ka kuivemapoolsel, liivasemal alal.<\/p>","protected":false},"featured_media":2629,"template":"","meta":[],"product_brand":[],"product_cat":[4407,9637,4400,4415,4401,4412,22],"product_tag":[],"class_list":{"0":"post-2628","1":"product","2":"type-product","3":"status-publish","4":"has-post-thumbnail","6":"product_cat-aasad","7":"product_cat-istutuskast","8":"product_cat-korrelised","9":"product_cat-lilleaed","10":"product_cat-pusikud","11":"product_cat-varjuaed","12":"product_cat-taimed","13":"pa_haiguskindlus-vaga-hea","14":"pa_kasvukorgus-60-90-cm","15":"pa_laius-45-60-cm","16":"pa_lisainfo-janese-kahjustustele-vastupidav","17":"pa_lisainfo-sobilik-istutuskasti-jaoks","18":"pa_lisainfo-sobib-osalise-varjuga-kasvualale","19":"pa_oie-varv-pruun","20":"pa_oitsemise-aeg-juuli-august","21":"pa_talvekindlus-vaga-hea","22":"pa_tingimused-hea-drenaaz","23":"pa_tingimused-huumusrikas","24":"pa_tingimused-koik-mullatuubid","25":"pa_tingimused-niiske","26":"pa_tsoon-4-9","27":"pa_valguse-tingimused-paike","28":"pa_valguse-tingimused-poolvari","29":"pa_variatsioon-suurem-pott","30":"pa_variatsioon-vaiksem-pott","32":"first","33":"instock","34":"purchasable","35":"product-type-variable"},"acf":[],"_links":{"self":[{"href":"https:\/\/dev.garden.ee\/en\/wp-json\/wp\/v2\/product\/2628","targetHints":{"allow":["GET"]}}],"collection":[{"href":"https:\/\/dev.garden.ee\/en\/wp-json\/wp\/v2\/product"}],"about":[{"href":"https:\/\/dev.garden.ee\/en\/wp-json\/wp\/v2\/types\/product"}],"wp:featuredmedia":[{"embeddable":true,"href":"https:\/\/dev.garden.ee\/en\/wp-json\/wp\/v2\/media\/2629"}],"wp:attachment":[{"href":"https:\/\/dev.garden.ee\/en\/wp-json\/wp\/v2\/media?parent=2628"}],"wp:term":[{"taxonomy":"product_brand","embeddable":true,"href":"https:\/\/dev.garden.ee\/en\/wp-json\/wp\/v2\/product_brand?post=2628"},{"taxonomy":"product_cat","embeddable":true,"href":"https:\/\/dev.garden.ee\/en\/wp-json\/wp\/v2\/product_cat?post=2628"},{"taxonomy":"product_tag","embeddable":true,"href":"https:\/\/dev.garden.ee\/en\/wp-json\/wp\/v2\/product_tag?post=2628"}],"curies":[{"name":"wp","href":"https:\/\/api.w.org\/{rel}","templated":true}]}}