{"id":2600,"date":"2023-01-18T17:16:43","date_gmt":"2023-01-18T15:16:43","guid":{"rendered":"https:\/\/dev.zezz.ee\/garden\/toode\/wisteria-sinensis-prolific\/"},"modified":"2023-04-14T12:49:15","modified_gmt":"2023-04-14T09:49:15","slug":"wisteria-sinensis-prolific","status":"publish","type":"product","link":"https:\/\/dev.garden.ee\/en\/product\/wisteria-sinensis-prolific\/","title":{"rendered":"Wisteria sinensis &#8216;Prolific&#8217;"},"content":{"rendered":"<input class=\"fooboxshare_post_id\" type=\"hidden\" value=\"2600\"\/>","protected":false},"excerpt":{"rendered":"<p>Rikkalikult \u00f5itsev rippuba, mis v\u00f5ib peale esimest kevad-suvist \u00f5itsemist veel ka teist korda \u00f5itsema hakata (juulis). Suuremad ja rikkalikumad \u00f5ied kui tavalisel rippoal &#8211; sinised, kergelt violetsed ning l\u00f5hnavad.\u00a0Alustab \u00f5itsemist juba teisel aastal peale istutamist (mis erineb tavalisest rippoast, sest tema vajab v\u00e4hemalt 5 kasvuaastat enne \u00f5itsema hakkamist).<\/p>\n<p>Suvel v\u00e4rskelt rohelised lehed, kuni 30 cm pikad. Oksad keerduvad tugede \u00fcmber nagu liaanid ja vajavad korralikku toestust. Ideaalne seinte, v\u00e4ravate, tugipostide, pergolate katja, v\u00f5ib ka vana puu peale juhtida.\u00a0Armastab sooja ja kannatab tuult. Talveks soovitame katta.<\/p>","protected":false},"featured_media":2601,"template":"","meta":[],"product_brand":[],"product_cat":[4403,4415,4414,4397,22],"product_tag":[],"class_list":{"0":"post-2600","1":"product","2":"type-product","3":"status-publish","4":"has-post-thumbnail","6":"product_cat-kodu","7":"product_cat-lilleaed","8":"product_cat-lohnaaed","9":"product_cat-ronitaimed","10":"product_cat-taimed","11":"pa_moodud-k-6-9-m-l-2-5-m","12":"pa_muugisuurus-erinevad-suurused","13":"pa_oie-varv-sinine","14":"pa_oitsemise-aeg-mai-juuni","15":"pa_talvekindlus-kulmaorn","16":"pa_tsoon-6-9","17":"pa_variatsioon-poosas-h-175-200-cm","19":"first","20":"instock","21":"taxable","22":"shipping-taxable","23":"purchasable","24":"product-type-variable"},"acf":[],"_links":{"self":[{"href":"https:\/\/dev.garden.ee\/en\/wp-json\/wp\/v2\/product\/2600","targetHints":{"allow":["GET"]}}],"collection":[{"href":"https:\/\/dev.garden.ee\/en\/wp-json\/wp\/v2\/product"}],"about":[{"href":"https:\/\/dev.garden.ee\/en\/wp-json\/wp\/v2\/types\/product"}],"wp:featuredmedia":[{"embeddable":true,"href":"https:\/\/dev.garden.ee\/en\/wp-json\/wp\/v2\/media\/2601"}],"wp:attachment":[{"href":"https:\/\/dev.garden.ee\/en\/wp-json\/wp\/v2\/media?parent=2600"}],"wp:term":[{"taxonomy":"product_brand","embeddable":true,"href":"https:\/\/dev.garden.ee\/en\/wp-json\/wp\/v2\/product_brand?post=2600"},{"taxonomy":"product_cat","embeddable":true,"href":"https:\/\/dev.garden.ee\/en\/wp-json\/wp\/v2\/product_cat?post=2600"},{"taxonomy":"product_tag","embeddable":true,"href":"https:\/\/dev.garden.ee\/en\/wp-json\/wp\/v2\/product_tag?post=2600"}],"curies":[{"name":"wp","href":"https:\/\/api.w.org\/{rel}","templated":true}]}}