{"id":25955,"date":"2026-03-07T12:41:10","date_gmt":"2026-03-07T10:41:10","guid":{"rendered":"https:\/\/dev.garden.ee\/?post_type=product&#038;p=25955"},"modified":"2026-03-07T12:47:21","modified_gmt":"2026-03-07T10:47:21","slug":"pulmonaria-trevi-fountain","status":"publish","type":"product","link":"https:\/\/dev.garden.ee\/en\/product\/pulmonaria-trevi-fountain\/","title":{"rendered":"Pulmonaria &#8216;Trevi Fountain&#8217;"},"content":{"rendered":"<input class=\"fooboxshare_post_id\" type=\"hidden\" value=\"25955\"\/>","protected":false},"excerpt":{"rendered":"<p>Hooldusvaba ning haiguskindel pinnakatja. H\u00f5beroheline t\u00e4hniline lehestik p\u00fcsib pikalt dekoratiivsena. Pehmete talvede korral v\u00f5ib p\u00fcsida lausa igihaljana. Kevade l\u00f5pul ning suve algul taime kaunistavad \u00f5ied paiknevad rikkalikult. Seda peetakse \u00fcheks kauem \u00f5itsvamaks siniseks kopsurohuks. Nende \u00f5ied n\u00e4evad kevadel v\u00e4ga v\u00e4rsked ja s\u00e4ravad v\u00e4lja. \u00d5ied meelitavad edukalt ligi ka tolmendajaid. Kasvavad k\u00f5ige paremini osalise v\u00f5i t\u00e4ieliku varjuga alal, jahedates ja toitainerikastes muldades. V\u00e4ltida kuiva. \u00d5ievarred p\u00e4rast \u00f5isemist tagasi l\u00f5igata &#8211; see s\u00e4ilitab pikemalt kauni ning terve lehestiku.<\/p>","protected":false},"featured_media":25958,"template":"","meta":[],"product_brand":[],"product_cat":[6934,4406,9200,4401,4412,22],"product_tag":[],"class_list":{"0":"post-25955","1":"product","2":"type-product","3":"status-publish","4":"has-post-thumbnail","6":"product_cat-mesilassobralik-aed","7":"product_cat-park","8":"product_cat-pinnakatjad","9":"product_cat-pusikud","10":"product_cat-varjuaed","11":"product_cat-taimed","12":"pa_haiguskindlus-vaga-hea","13":"pa_kasvukorgus-30-cm","14":"pa_laius-60-cm","15":"pa_lisainfo-hea-pinnakatja","16":"pa_lisainfo-hirve-kahjustustele-vastupidav","17":"pa_lisainfo-janese-kahjustustele-vastupidav","18":"pa_lisainfo-mesilaste-lemmik","19":"pa_lisainfo-sobib-osalise-varjuga-kasvualale","20":"pa_oie-varv-sinine","21":"pa_oitsemise-aeg-mai-juuni","22":"pa_talvekindlus-vaga-hea","23":"pa_tingimused-hea-drenaaz","24":"pa_tingimused-niiske","25":"pa_tsoon-4-8","26":"pa_valguse-tingimused-poolvari","27":"pa_valguse-tingimused-vari","28":"pa_variatsioon-suurem-pott","29":"pa_variatsioon-vaiksem-pott","31":"first","32":"instock","33":"purchasable","34":"product-type-variable"},"acf":[],"_links":{"self":[{"href":"https:\/\/dev.garden.ee\/en\/wp-json\/wp\/v2\/product\/25955","targetHints":{"allow":["GET"]}}],"collection":[{"href":"https:\/\/dev.garden.ee\/en\/wp-json\/wp\/v2\/product"}],"about":[{"href":"https:\/\/dev.garden.ee\/en\/wp-json\/wp\/v2\/types\/product"}],"wp:featuredmedia":[{"embeddable":true,"href":"https:\/\/dev.garden.ee\/en\/wp-json\/wp\/v2\/media\/25958"}],"wp:attachment":[{"href":"https:\/\/dev.garden.ee\/en\/wp-json\/wp\/v2\/media?parent=25955"}],"wp:term":[{"taxonomy":"product_brand","embeddable":true,"href":"https:\/\/dev.garden.ee\/en\/wp-json\/wp\/v2\/product_brand?post=25955"},{"taxonomy":"product_cat","embeddable":true,"href":"https:\/\/dev.garden.ee\/en\/wp-json\/wp\/v2\/product_cat?post=25955"},{"taxonomy":"product_tag","embeddable":true,"href":"https:\/\/dev.garden.ee\/en\/wp-json\/wp\/v2\/product_tag?post=25955"}],"curies":[{"name":"wp","href":"https:\/\/api.w.org\/{rel}","templated":true}]}}