{"id":25922,"date":"2026-03-06T12:52:12","date_gmt":"2026-03-06T10:52:12","guid":{"rendered":"https:\/\/dev.garden.ee\/?post_type=product&#038;p=25922"},"modified":"2026-03-06T15:50:12","modified_gmt":"2026-03-06T13:50:12","slug":"physostegia-virginiana-alba","status":"publish","type":"product","link":"https:\/\/dev.garden.ee\/en\/product\/physostegia-virginiana-alba\/","title":{"rendered":"Physostegia virginiana &#8216;Alba&#8217;"},"content":{"rendered":"<input class=\"fooboxshare_post_id\" type=\"hidden\" value=\"25922\"\/>","protected":false},"excerpt":{"rendered":"<p>S\u00e4ravvalged \u00f5itekogumid asuvad vertikaalsetes \u00f5isikutes. \u00d5ite avanemine algab alumistest ning j\u00e4rgem\u00f6\u00f6da hakkavad avanema \u00fclemised. Hiljem valmivad rohelised seemnekobarad, millega dekoreeritud oksi saab edukalt kasutada erinevates lillekimpudes. Pika \u00f5itsemisajaga lihtsasti kasvatatav taim. Talvekindel. Juureks on tal risoom, millele ta kasvatab kiiresti uusi taimepuhmaid, varred on taimel p\u00fcstised ja tugevad.Soovitav on taime 4-5 aasta j\u00e4rel uuendada ehk jagada, siis muutub puhmik j\u00e4lle v\u00e4rskeks ja uhkeks. Sobib kasvatada p\u00fcsikupeenras, klumpidena murus, ideaalne p\u00fcsik maakodu-aias. Eelistab p\u00e4ikeselist kasvukohta.<\/p>","protected":false},"featured_media":25921,"template":"","meta":[],"product_brand":[],"product_cat":[4401,22],"product_tag":[],"class_list":{"0":"post-25922","1":"product","2":"type-product","3":"status-publish","4":"has-post-thumbnail","6":"product_cat-pusikud","7":"product_cat-taimed","8":"pa_haiguskindlus-vaga-hea","9":"pa_kasvukorgus-75-90-cm","10":"pa_laius-50-70-cm","11":"pa_lisainfo-mesilaste-lemmik","12":"pa_lisainfo-sobib-loikelilleks","13":"pa_oie-varv-valge","14":"pa_oitsemise-aeg-juuli-september","15":"pa_talvekindlus-vaga-hea","16":"pa_tingimused-kergelt-happeline","17":"pa_tingimused-savikas","18":"pa_tsoon-2-9","19":"pa_valguse-tingimused-paike","20":"pa_variatsioon-suurem-pott","21":"pa_variatsioon-vaiksem-pott","23":"first","24":"instock","25":"purchasable","26":"product-type-variable"},"acf":[],"_links":{"self":[{"href":"https:\/\/dev.garden.ee\/en\/wp-json\/wp\/v2\/product\/25922","targetHints":{"allow":["GET"]}}],"collection":[{"href":"https:\/\/dev.garden.ee\/en\/wp-json\/wp\/v2\/product"}],"about":[{"href":"https:\/\/dev.garden.ee\/en\/wp-json\/wp\/v2\/types\/product"}],"wp:featuredmedia":[{"embeddable":true,"href":"https:\/\/dev.garden.ee\/en\/wp-json\/wp\/v2\/media\/25921"}],"wp:attachment":[{"href":"https:\/\/dev.garden.ee\/en\/wp-json\/wp\/v2\/media?parent=25922"}],"wp:term":[{"taxonomy":"product_brand","embeddable":true,"href":"https:\/\/dev.garden.ee\/en\/wp-json\/wp\/v2\/product_brand?post=25922"},{"taxonomy":"product_cat","embeddable":true,"href":"https:\/\/dev.garden.ee\/en\/wp-json\/wp\/v2\/product_cat?post=25922"},{"taxonomy":"product_tag","embeddable":true,"href":"https:\/\/dev.garden.ee\/en\/wp-json\/wp\/v2\/product_tag?post=25922"}],"curies":[{"name":"wp","href":"https:\/\/api.w.org\/{rel}","templated":true}]}}