{"id":25892,"date":"2026-03-05T19:21:30","date_gmt":"2026-03-05T17:21:30","guid":{"rendered":"https:\/\/dev.garden.ee\/?post_type=product&#038;p=25892"},"modified":"2026-03-05T19:30:49","modified_gmt":"2026-03-05T17:30:49","slug":"phlomis-tuberosa","status":"publish","type":"product","link":"https:\/\/dev.garden.ee\/en\/product\/phlomis-tuberosa\/","title":{"rendered":"Phlomis tuberosa"},"content":{"rendered":"<input class=\"fooboxshare_post_id\" type=\"hidden\" value=\"25892\"\/>","protected":false},"excerpt":{"rendered":"<p>Vastupidav p\u00fcsik, mis pakub aiailu l\u00e4bi k\u00f5igi aastaaegade. See \u00f5itseb rikkalikult hiliskevadest suve keskpaigani ning j\u00e4\u00e4b atraktiivseks ka s\u00fcgisel ja talvel t\u00e4nu oma dekoratiivsetele seemnepeadele, mis p\u00fcsivad taime vartel ning pakuvad lindudele toitu. Selle lavendliroosad kapuutsikujulised \u00f5ied paiknevad tumeburgundia tooni vartel, mis t\u00f5usevad \u00fcle tiheda, kuni 40 cm k\u00f5rguse noolekujuliste roheliste lehtede roseti. Eriti kaunid on need h\u00e4rmatise v\u00f5i lume all. Suvel meelitavad need, aga ligi mesilasi ja liblikaid.<\/p>\n<p data-start=\"632\" data-end=\"894\">Taim loob silmapaistvaid v\u00e4rvikombinatsioone koos siniste \u00f5itega p\u00fcsikutega, n\u00e4iteks lavendlite, kurerehade v\u00f5i k\u00f5rrelistega. V\u00e4ga mitmek\u00fclgne ja kohanemisv\u00f5imeline, sobib suurep\u00e4raselt kuivadele p\u00e4ikesepaistelistele peenardele ja niiduaedadesse.\u00a0V\u00e4hen\u00f5udlik ja probleemivaba, kasvab k\u00f5ige paremini t\u00e4isp\u00e4ikeses, kuid talub ka kerget varju.<\/p>\n<p data-start=\"1303\" data-end=\"1476\" data-is-last-node=\"\" data-is-only-node=\"\">P\u00e4rit Kesk- ja Kagu-Euroopast ning Aasiast.<\/p>\n<p data-start=\"1303\" data-end=\"1476\" data-is-last-node=\"\" data-is-only-node=\"\">Jagada varakevadel.<\/p>","protected":false},"featured_media":25895,"template":"","meta":[],"product_brand":[],"product_cat":[4401,22],"product_tag":[],"class_list":{"0":"post-25892","1":"product","2":"type-product","3":"status-publish","4":"has-post-thumbnail","6":"product_cat-pusikud","7":"product_cat-taimed","8":"pa_haiguskindlus-vaga-hea","9":"pa_kasvukorgus-120-150-cm","10":"pa_laius-60-90-cm","11":"pa_lisainfo-mesilaste-lemmik","12":"pa_lisainfo-pilgupuudja","13":"pa_lisainfo-sobib-loikelilleks","14":"pa_lisainfo-talub-pouda","15":"pa_oie-varv-lilla","16":"pa_oitsemise-aeg-juuni-juuli","17":"pa_talvekindlus-vaga-hea","18":"pa_tingimused-kuivema-poolsem","19":"pa_tingimused-vahenoudlik-pinnase-suhtes","20":"pa_valguse-tingimused-paike","21":"pa_variatsioon-suurem-pott","22":"pa_variatsioon-vaiksem-pott","24":"first","25":"outofstock","26":"purchasable","27":"product-type-variable"},"acf":[],"_links":{"self":[{"href":"https:\/\/dev.garden.ee\/en\/wp-json\/wp\/v2\/product\/25892","targetHints":{"allow":["GET"]}}],"collection":[{"href":"https:\/\/dev.garden.ee\/en\/wp-json\/wp\/v2\/product"}],"about":[{"href":"https:\/\/dev.garden.ee\/en\/wp-json\/wp\/v2\/types\/product"}],"wp:featuredmedia":[{"embeddable":true,"href":"https:\/\/dev.garden.ee\/en\/wp-json\/wp\/v2\/media\/25895"}],"wp:attachment":[{"href":"https:\/\/dev.garden.ee\/en\/wp-json\/wp\/v2\/media?parent=25892"}],"wp:term":[{"taxonomy":"product_brand","embeddable":true,"href":"https:\/\/dev.garden.ee\/en\/wp-json\/wp\/v2\/product_brand?post=25892"},{"taxonomy":"product_cat","embeddable":true,"href":"https:\/\/dev.garden.ee\/en\/wp-json\/wp\/v2\/product_cat?post=25892"},{"taxonomy":"product_tag","embeddable":true,"href":"https:\/\/dev.garden.ee\/en\/wp-json\/wp\/v2\/product_tag?post=25892"}],"curies":[{"name":"wp","href":"https:\/\/api.w.org\/{rel}","templated":true}]}}