{"id":25880,"date":"2026-03-05T17:28:56","date_gmt":"2026-03-05T15:28:56","guid":{"rendered":"https:\/\/dev.garden.ee\/?post_type=product&#038;p=25880"},"modified":"2026-03-05T17:36:21","modified_gmt":"2026-03-05T15:36:21","slug":"persicaria-amplexicaulis-golden-arrow","status":"publish","type":"product","link":"https:\/\/dev.garden.ee\/en\/product\/persicaria-amplexicaulis-golden-arrow\/","title":{"rendered":"Persicaria amplexicaulis &#8216;Golden Arrow&#8217;"},"content":{"rendered":"<input class=\"fooboxshare_post_id\" type=\"hidden\" value=\"25880\"\/>","protected":false},"excerpt":{"rendered":"<p>J\u00f5ulise kasvuga p\u00fcsikul on meeldivalt pikk \u00f5itsemisperiood. S\u00e4ravpunased kitsalt piklikud \u00f5isikud sirguvad kuld-kollase lehestiku kohal ja v\u00f5ivad olla kuni 10cm pikad. \u00d5iges kasvukohas kasvav taim vajab v\u00e4ga minimaalset hoolitsust. K\u00f5ik taime osad v\u00f5ivad tekitada naha\u00e4rritust ning allaneelamisel v\u00f5ib esineda mao\u00e4rritust.<\/p>","protected":false},"featured_media":25883,"template":"","meta":[],"product_brand":[],"product_cat":[4401,4409,4392,22],"product_tag":[],"class_list":{"0":"post-25880","1":"product","2":"type-product","3":"status-publish","4":"has-post-thumbnail","6":"product_cat-pusikud","7":"product_cat-tiigiaed","8":"product_cat-tiigitaimed","9":"product_cat-taimed","10":"pa_kasvukorgus-90-cm","11":"pa_laius-90-cm","12":"pa_lisainfo-dekoratiivne-lehestik","13":"pa_lisainfo-hirve-kahjustustele-vastupidav","14":"pa_lisainfo-kaldataim","15":"pa_lisainfo-mesilaste-lemmik","16":"pa_lisainfo-pilgupuudja","17":"pa_lisainfo-sobib-loikelilleks","18":"pa_oie-varv-punane","19":"pa_oitsemise-aeg-juuli-september","20":"pa_talvekindlus-vaga-hea","21":"pa_tingimused-niiske","22":"pa_tsoon-info-lisamisel","23":"pa_valguse-tingimused-paike","24":"pa_valguse-tingimused-poolvari","25":"pa_variatsioon-suurem-pott","26":"pa_variatsioon-vaiksem-pott","28":"first","29":"onbackorder","30":"purchasable","31":"product-type-variable"},"acf":[],"_links":{"self":[{"href":"https:\/\/dev.garden.ee\/en\/wp-json\/wp\/v2\/product\/25880","targetHints":{"allow":["GET"]}}],"collection":[{"href":"https:\/\/dev.garden.ee\/en\/wp-json\/wp\/v2\/product"}],"about":[{"href":"https:\/\/dev.garden.ee\/en\/wp-json\/wp\/v2\/types\/product"}],"wp:featuredmedia":[{"embeddable":true,"href":"https:\/\/dev.garden.ee\/en\/wp-json\/wp\/v2\/media\/25883"}],"wp:attachment":[{"href":"https:\/\/dev.garden.ee\/en\/wp-json\/wp\/v2\/media?parent=25880"}],"wp:term":[{"taxonomy":"product_brand","embeddable":true,"href":"https:\/\/dev.garden.ee\/en\/wp-json\/wp\/v2\/product_brand?post=25880"},{"taxonomy":"product_cat","embeddable":true,"href":"https:\/\/dev.garden.ee\/en\/wp-json\/wp\/v2\/product_cat?post=25880"},{"taxonomy":"product_tag","embeddable":true,"href":"https:\/\/dev.garden.ee\/en\/wp-json\/wp\/v2\/product_tag?post=25880"}],"curies":[{"name":"wp","href":"https:\/\/api.w.org\/{rel}","templated":true}]}}