{"id":25862,"date":"2026-03-05T15:46:17","date_gmt":"2026-03-05T13:46:17","guid":{"rendered":"https:\/\/dev.garden.ee\/?post_type=product&#038;p=25862"},"modified":"2026-03-05T15:55:32","modified_gmt":"2026-03-05T13:55:32","slug":"penstemon-pinifolius","status":"publish","type":"product","link":"https:\/\/dev.garden.ee\/en\/product\/penstemon-pinifolius\/","title":{"rendered":"Penstemon pinifolius"},"content":{"rendered":"<input class=\"fooboxshare_post_id\" type=\"hidden\" value=\"25862\"\/>","protected":false},"excerpt":{"rendered":"<p>M\u00e4nnilehine peekerlill moodustab kauni puhma, oma igihaljaste n\u00f5eljate lehtedega, mis kattub terveks suveks s\u00e4ravate punaste \u00f5itega. Meelitab ligi tolmendajaid. \u00d5itsenud \u00f5isikute eemaldamine soodustab t\u00e4iendavat \u00f5itsemist. Annab isek\u00fclvi. J\u00e4lgi tigusid.<\/p>","protected":false},"featured_media":25865,"template":"","meta":[],"product_brand":[],"product_cat":[4401,22],"product_tag":[],"class_list":{"0":"post-25862","1":"product","2":"type-product","3":"status-publish","4":"has-post-thumbnail","6":"product_cat-pusikud","7":"product_cat-taimed","8":"pa_haiguskindlus-keskmine","9":"pa_kasvukorgus-30-cm","10":"pa_laius-30-40-cm","11":"pa_lisainfo-hirve-kahjustustele-vastupidav","12":"pa_lisainfo-janese-kahjustustele-vastupidav","13":"pa_lisainfo-talub-pouda","14":"pa_oie-varv-oranz","15":"pa_oitsemise-aeg-juuni-september","16":"pa_talvekindlus-keskmine","17":"pa_tingimused-hea-drenaaz","18":"pa_tingimused-kuiv","19":"pa_tingimused-liivane","20":"pa_tingimused-parasniiske","21":"pa_tsoon-4-10","22":"pa_valguse-tingimused-paike","23":"pa_variatsioon-suurem-pott","24":"pa_variatsioon-vaiksem-pott","26":"first","27":"instock","28":"purchasable","29":"product-type-variable"},"acf":[],"_links":{"self":[{"href":"https:\/\/dev.garden.ee\/en\/wp-json\/wp\/v2\/product\/25862","targetHints":{"allow":["GET"]}}],"collection":[{"href":"https:\/\/dev.garden.ee\/en\/wp-json\/wp\/v2\/product"}],"about":[{"href":"https:\/\/dev.garden.ee\/en\/wp-json\/wp\/v2\/types\/product"}],"wp:featuredmedia":[{"embeddable":true,"href":"https:\/\/dev.garden.ee\/en\/wp-json\/wp\/v2\/media\/25865"}],"wp:attachment":[{"href":"https:\/\/dev.garden.ee\/en\/wp-json\/wp\/v2\/media?parent=25862"}],"wp:term":[{"taxonomy":"product_brand","embeddable":true,"href":"https:\/\/dev.garden.ee\/en\/wp-json\/wp\/v2\/product_brand?post=25862"},{"taxonomy":"product_cat","embeddable":true,"href":"https:\/\/dev.garden.ee\/en\/wp-json\/wp\/v2\/product_cat?post=25862"},{"taxonomy":"product_tag","embeddable":true,"href":"https:\/\/dev.garden.ee\/en\/wp-json\/wp\/v2\/product_tag?post=25862"}],"curies":[{"name":"wp","href":"https:\/\/api.w.org\/{rel}","templated":true}]}}