{"id":25853,"date":"2026-03-05T13:22:40","date_gmt":"2026-03-05T11:22:40","guid":{"rendered":"https:\/\/dev.garden.ee\/?post_type=product&#038;p=25853"},"modified":"2026-03-05T13:33:10","modified_gmt":"2026-03-05T11:33:10","slug":"penstemon-digitalis-dark-towers","status":"publish","type":"product","link":"https:\/\/dev.garden.ee\/en\/product\/penstemon-digitalis-dark-towers\/","title":{"rendered":"Penstemon digitalis &#8216;Dark Towers&#8217;"},"content":{"rendered":"<input class=\"fooboxshare_post_id\" type=\"hidden\" value=\"25853\"\/>","protected":false},"excerpt":{"rendered":"<p data-start=\"0\" data-end=\"309\">H\u00fcbriidne penstemon, mis \u00fchendab endas Penstemon \u2018Prairie Splendor\u2019 tugeva roosa \u00f5iev\u00e4rvi ja Penstemon digitalis \u2018Husker Red\u2019 tumeda lehestiku. Selle silmatorkav v\u00e4limus tuleneb s\u00fcgavast burgundiapunast lehestikust, mille taustal heleroosad torujad \u00f5ied loovad tugeva kontrasti.\u00a0Pooligihaljas p\u00fcsik, millel on p\u00fcstine ja p\u00f5\u00f5sastuv kasvukuju. Moodustab kompaktse puhmiku, mis sobib h\u00e4sti nii peenraservadesse kui ka fookustaimena aeda. \u00d5ed on torujad, pehmed roosad kuni kahvatulillad ning asetsevad \u00f5hulistes p\u00fcstistes \u00f5isikutes. Need kerkivad tumeda burgundiapunase lehestiku kohale, pakkudes muljetavaldavat visuaalset kontrasti.\u00a0\u00d5itseb varasuvest kuni varas\u00fcgiseni, mis teeb sellest pika \u00f5itseajaga sordi.\u00a0Pooligihaljad lehed on s\u00fcgavalt veinipunased kuni burgundiapunased \u2013 isegi tumedamad kui sordil \u2018Husker Red\u2019.\u00a0Eelk\u00f5ige dekoratiivtaim, mille tugeva lehestiku ja pilkup\u00fc\u00fcdvate \u00f5ite t\u00f5ttu sobib h\u00e4sti peenardesse, massistutustesse v\u00f5i aksenditaimeks linnahaljastusse, rannikuaedadesse, kiviktaimlatesse, taluaedadesse, vihmaaedadesse ja preeriaistutustesse. Sobib ka l\u00f5ikelilleks.\u00a0P\u00e4rast juurdumist on taim hea p\u00f5uakindlusega ja sobib ka kuivema kasvukoha istutustesse.<\/p>\n<p data-start=\"0\" data-end=\"309\">Ei vaja rohket v\u00e4etamist ja saab h\u00e4sti hakkama lahjades mullatingimustes. S\u00fcgisel v\u00f5ib anda kerge orgaanilise v\u00e4etise, et soodustada j\u00e4rgmisel aastal kasvu ja \u00f5itsemist.\u00a0N\u00e4rbunud \u00f5ite eemaldamine soodustab uut \u00f5itsemist. Taimi v\u00f5ib tugevalt tagasi l\u00f5igata s\u00fcgisel v\u00f5i varakevadel, et tagada tugev kasv.\u00a0Paljunda pehmetest pistikutest varasuvel, poolk\u00f5vadest pistikutest suvel v\u00f5i puhmiku jagamisega kevadel.\u00a0V\u00f5imalikud on teod, n\u00e4lkjad ja nematoodid. Liigniisked tingimused v\u00f5ivad soodustada seenhaigusi \u2013 tagage hea \u00f5huringlus ja v\u00e4ltige lehtedele kastmist.<\/p>","protected":false},"featured_media":25856,"template":"","meta":[],"product_brand":[],"product_cat":[4401,22],"product_tag":[],"class_list":{"0":"post-25853","1":"product","2":"type-product","3":"status-publish","4":"has-post-thumbnail","6":"product_cat-pusikud","7":"product_cat-taimed","8":"pa_haiguskindlus-vaga-hea","9":"pa_kasvukorgus-60-90-cm","10":"pa_laius-75-cm","11":"pa_lisainfo-hirve-kahjustustele-vastupidav","12":"pa_lisainfo-janese-kahjustustele-vastupidav","13":"pa_lisainfo-mesilaste-lemmik","14":"pa_lisainfo-sobib-loikelilleks","15":"pa_lisainfo-vajab-tuulte-eest-varju","16":"pa_oie-varv-lavendlililla","17":"pa_oie-varv-roosakas","18":"pa_oitsemise-aeg-juuli-august","19":"pa_talvekindlus-vaga-hea","20":"pa_tingimused-hea-drenaaz","21":"pa_tingimused-parasniiske","22":"pa_tsoon-3-8","23":"pa_valguse-tingimused-paike","24":"pa_variatsioon-suurem-pott","25":"pa_variatsioon-vaiksem-pott","27":"first","28":"instock","29":"purchasable","30":"product-type-variable"},"acf":[],"_links":{"self":[{"href":"https:\/\/dev.garden.ee\/en\/wp-json\/wp\/v2\/product\/25853","targetHints":{"allow":["GET"]}}],"collection":[{"href":"https:\/\/dev.garden.ee\/en\/wp-json\/wp\/v2\/product"}],"about":[{"href":"https:\/\/dev.garden.ee\/en\/wp-json\/wp\/v2\/types\/product"}],"wp:featuredmedia":[{"embeddable":true,"href":"https:\/\/dev.garden.ee\/en\/wp-json\/wp\/v2\/media\/25856"}],"wp:attachment":[{"href":"https:\/\/dev.garden.ee\/en\/wp-json\/wp\/v2\/media?parent=25853"}],"wp:term":[{"taxonomy":"product_brand","embeddable":true,"href":"https:\/\/dev.garden.ee\/en\/wp-json\/wp\/v2\/product_brand?post=25853"},{"taxonomy":"product_cat","embeddable":true,"href":"https:\/\/dev.garden.ee\/en\/wp-json\/wp\/v2\/product_cat?post=25853"},{"taxonomy":"product_tag","embeddable":true,"href":"https:\/\/dev.garden.ee\/en\/wp-json\/wp\/v2\/product_tag?post=25853"}],"curies":[{"name":"wp","href":"https:\/\/api.w.org\/{rel}","templated":true}]}}