{"id":25838,"date":"2026-03-05T12:09:25","date_gmt":"2026-03-05T10:09:25","guid":{"rendered":"https:\/\/dev.garden.ee\/?post_type=product&#038;p=25838"},"modified":"2026-03-05T12:18:44","modified_gmt":"2026-03-05T10:18:44","slug":"panicum-virgatum-warrior","status":"publish","type":"product","link":"https:\/\/dev.garden.ee\/en\/product\/panicum-virgatum-warrior\/","title":{"rendered":"Panicum virgatum &#8216;Warrior&#8217;"},"content":{"rendered":"<input class=\"fooboxshare_post_id\" type=\"hidden\" value=\"25838\"\/>","protected":false},"excerpt":{"rendered":"<p>Moodustab kompaktse puhma lamedatest, lineaarsestest lehtedest, mis s\u00fcgisel muutuvad kollaseks; kannab suuri purpurseid \u00f5isikup\u00f6\u00f6riseid.\u00a0Sobib kasvatamiseks rannikualadel, kruusaaedades, preeriaistutustes, linna- ja sisehooviaedades, taluaedades ja vabakujulistes istutustes, terrassidel ja anumates, loodusl\u00e4hedastes aedades, l\u00f5ikelilledena ning peenra- ja \u00e4\u00e4ristustaimena.<\/p>\n<div class=\"text-base my-auto mx-auto py-5 px-6\">\n<div class=\"mx-auto flex flex-1 text-base gap-4 md:gap-5 lg:gap-6 md:max-w-3xl lg:max-w-[40rem] xl:max-w-[48rem] group\/turn-messages focus-visible:outline-none\">\n<div class=\"group\/conversation-turn relative flex w-full min-w-0 flex-col agent-turn @xs\/thread:px-0 @sm\/thread:px-1.5 @md\/thread:px-4\">\n<div class=\"relative flex-col gap-1 md:gap-3\">\n<div class=\"flex max-w-full flex-col flex-grow\">\n<div class=\"min-h-8 text-message relative flex w-full flex-col items-end gap-2 whitespace-normal break-words text-start [.text-message+&amp;]:mt-5\" dir=\"auto\" data-message-author-role=\"assistant\" data-message-id=\"e6f0c3e5-c339-4078-8cb3-cd3f92235616\" data-message-model-slug=\"gpt-4o\">\n<div class=\"flex w-full flex-col gap-1 empty:hidden first:pt-[3px]\">\n<div class=\"markdown prose w-full break-words dark:prose-invert dark\">\n<p data-start=\"0\" data-end=\"59\">Kevadel eemalda kuivanud lehestik ja vanad \u00f5itsenud varred. Jagada kevadel.<\/p>\n<\/div>\n<\/div>\n<\/div>\n<\/div>\n<\/div>\n<\/div>\n<\/div>\n<\/div>","protected":false},"featured_media":25841,"template":"","meta":[],"product_brand":[],"product_cat":[4407,4400,4415,4401,22],"product_tag":[],"class_list":{"0":"post-25838","1":"product","2":"type-product","3":"status-publish","4":"has-post-thumbnail","6":"product_cat-aasad","7":"product_cat-korrelised","8":"product_cat-lilleaed","9":"product_cat-pusikud","10":"product_cat-taimed","11":"pa_haiguskindlus-vaga-hea","12":"pa_kasvukorgus-80-100-cm","13":"pa_laius-60-90-cm","14":"pa_lisainfo-sobib-loikelilleks","15":"pa_lisainfo-talub-pouda","16":"pa_oie-varv-lilla","17":"pa_oitsemise-aeg-august-oktoober","18":"pa_talvekindlus-vaga-hea","19":"pa_tingimused-hea-drenaaz","20":"pa_tingimused-kuiv","21":"pa_tingimused-parasniiske","22":"pa_tsoon-4-9","23":"pa_valguse-tingimused-paike","24":"pa_variatsioon-suurem-pott","25":"pa_variatsioon-vaiksem-pott","27":"first","28":"instock","29":"purchasable","30":"product-type-variable"},"acf":[],"_links":{"self":[{"href":"https:\/\/dev.garden.ee\/en\/wp-json\/wp\/v2\/product\/25838","targetHints":{"allow":["GET"]}}],"collection":[{"href":"https:\/\/dev.garden.ee\/en\/wp-json\/wp\/v2\/product"}],"about":[{"href":"https:\/\/dev.garden.ee\/en\/wp-json\/wp\/v2\/types\/product"}],"wp:featuredmedia":[{"embeddable":true,"href":"https:\/\/dev.garden.ee\/en\/wp-json\/wp\/v2\/media\/25841"}],"wp:attachment":[{"href":"https:\/\/dev.garden.ee\/en\/wp-json\/wp\/v2\/media?parent=25838"}],"wp:term":[{"taxonomy":"product_brand","embeddable":true,"href":"https:\/\/dev.garden.ee\/en\/wp-json\/wp\/v2\/product_brand?post=25838"},{"taxonomy":"product_cat","embeddable":true,"href":"https:\/\/dev.garden.ee\/en\/wp-json\/wp\/v2\/product_cat?post=25838"},{"taxonomy":"product_tag","embeddable":true,"href":"https:\/\/dev.garden.ee\/en\/wp-json\/wp\/v2\/product_tag?post=25838"}],"curies":[{"name":"wp","href":"https:\/\/api.w.org\/{rel}","templated":true}]}}