{"id":25799,"date":"2026-03-03T22:26:03","date_gmt":"2026-03-03T20:26:03","guid":{"rendered":"https:\/\/dev.garden.ee\/?post_type=product&#038;p=25799"},"modified":"2026-03-03T22:56:29","modified_gmt":"2026-03-03T20:56:29","slug":"nepeta-racemosa-amelia","status":"publish","type":"product","link":"https:\/\/dev.garden.ee\/en\/product\/nepeta-racemosa-amelia\/","title":{"rendered":"Nepeta racemosa &#8216;Amelia&#8217;"},"content":{"rendered":"<input class=\"fooboxshare_post_id\" type=\"hidden\" value=\"25799\"\/>","protected":false},"excerpt":{"rendered":"<p>H\u00f5berohekate armomaatsete lehtedega, v\u00e4ga \u00f5ierohke ning pika \u00f5itsemise ajaga \u00fcmarat vormi hoidev kompaktne p\u00fcsik.\u00a0Suurep\u00e4rane valik atraktiivsete ja l\u00f5hnavate piirete loomiseks radade lillepeenarde \u00e4\u00e4rde v\u00f5i terrassidele.<\/p>\n<p>P\u00e4rast esimest \u00f5itsemist l\u00f5igake varred tagasi, et soodustada korduvat \u00f5itsemist.<\/p>","protected":false},"featured_media":25803,"template":"","meta":[],"product_brand":[],"product_cat":[4401,22],"product_tag":[],"class_list":{"0":"post-25799","1":"product","2":"type-product","3":"status-publish","4":"has-post-thumbnail","6":"product_cat-pusikud","7":"product_cat-taimed","8":"pa_haiguskindlus-vaga-hea","9":"pa_kasvukorgus-60-cm","10":"pa_laius-60-cm","11":"pa_lisainfo-hea-pinnakatja","12":"pa_lisainfo-mesilaste-lemmik","13":"pa_lisainfo-sobilik-istutuskasti-jaoks","14":"pa_lisainfo-sobib-lohnaaeda","15":"pa_lisainfo-talub-pouda","16":"pa_oie-varv-roosa","17":"pa_oitsemise-aeg-juuni-september","18":"pa_talvekindlus-vaga-hea","19":"pa_tingimused-hea-drenaaz","20":"pa_tsoon-3-8","21":"pa_valguse-tingimused-paike","22":"pa_valguse-tingimused-poolvari","23":"pa_variatsioon-suurem-pott","24":"pa_variatsioon-vaiksem-pott","26":"first","27":"onbackorder","28":"purchasable","29":"product-type-variable"},"acf":[],"_links":{"self":[{"href":"https:\/\/dev.garden.ee\/en\/wp-json\/wp\/v2\/product\/25799","targetHints":{"allow":["GET"]}}],"collection":[{"href":"https:\/\/dev.garden.ee\/en\/wp-json\/wp\/v2\/product"}],"about":[{"href":"https:\/\/dev.garden.ee\/en\/wp-json\/wp\/v2\/types\/product"}],"wp:featuredmedia":[{"embeddable":true,"href":"https:\/\/dev.garden.ee\/en\/wp-json\/wp\/v2\/media\/25803"}],"wp:attachment":[{"href":"https:\/\/dev.garden.ee\/en\/wp-json\/wp\/v2\/media?parent=25799"}],"wp:term":[{"taxonomy":"product_brand","embeddable":true,"href":"https:\/\/dev.garden.ee\/en\/wp-json\/wp\/v2\/product_brand?post=25799"},{"taxonomy":"product_cat","embeddable":true,"href":"https:\/\/dev.garden.ee\/en\/wp-json\/wp\/v2\/product_cat?post=25799"},{"taxonomy":"product_tag","embeddable":true,"href":"https:\/\/dev.garden.ee\/en\/wp-json\/wp\/v2\/product_tag?post=25799"}],"curies":[{"name":"wp","href":"https:\/\/api.w.org\/{rel}","templated":true}]}}