{"id":25794,"date":"2026-03-03T21:15:55","date_gmt":"2026-03-03T19:15:55","guid":{"rendered":"https:\/\/dev.garden.ee\/?post_type=product&#038;p=25794"},"modified":"2026-03-03T21:22:56","modified_gmt":"2026-03-03T19:22:56","slug":"nepeta-grandiflora-dawn-to-dusk","status":"publish","type":"product","link":"https:\/\/dev.garden.ee\/en\/product\/nepeta-grandiflora-dawn-to-dusk\/","title":{"rendered":"Nepeta grandiflora &#8216;Dawn to Dusk&#8217;"},"content":{"rendered":"<input class=\"fooboxshare_post_id\" type=\"hidden\" value=\"25794\"\/>","protected":false},"excerpt":{"rendered":"<p data-start=\"0\" data-end=\"396\">P\u00fcstise ja p\u00f5\u00f5sastuva kasvukujuga p\u00fcsik, mille tugevad varred on kaetud aromaatsete, ovaalsete hallikasroheliste lehtedega (kuni 10 cm pikad). Suve alguses ilmuvad \u00f5isikud, mis koosnevad \u00f5rnroosadest \u00f5itest ja tumepurpursetest tupplehtedest. P\u00e4rast \u00f5itsemist v\u00f5ib taime tagasi l\u00f5igata, et hoida see kompaktne ja soodustada uut \u00f5itsemislainet. Kui n\u00e4rbunud \u00f5ied regulaarselt eemaldada, \u00f5itseb taim kogu kasvuperioodi v\u00e4ltel uuesti. Meelitab ligi liblikaid. \u00dcldiselt kahjurite- ja haigustevaba, kuigi kuivadel suvedel v\u00f5ib esineda jahukastet ning teod ja n\u00e4lkjad v\u00f5ivad kahjustada noori v\u00f5rseid.<\/p>\n<p data-start=\"588\" data-end=\"858\">V\u00e4hen\u00f5udlik ja vastupidav taim, mis sobib suurep\u00e4raselt erinevatesse aedadesse \u2013 peenardesse, kiviktaimlatesse, linnahaljastusse, maakoduaedadesse ja rannikualadele. Ideaalne rooside all kasvatamiseks, kuna t\u00e4iendavad v\u00e4rvitoonid ja varjavad roosip\u00f5\u00f5saste alumisi osi. Kuumades kohtades hindab ka p\u00e4rastl\u00f5unast varju.<\/p>\n<p data-start=\"1172\" data-end=\"1300\" data-is-last-node=\"\" data-is-only-node=\"\">Paljundatakse kevadel v\u00f5i s\u00fcgisel jagamise teel.<\/p>","protected":false},"featured_media":25797,"template":"","meta":[],"product_brand":[],"product_cat":[4401,22],"product_tag":[],"class_list":{"0":"post-25794","1":"product","2":"type-product","3":"status-publish","4":"has-post-thumbnail","6":"product_cat-pusikud","7":"product_cat-taimed","8":"pa_haiguskindlus-hea","9":"pa_kasvukorgus-50-80-cm","10":"pa_laius-30-60-cm","11":"pa_lisainfo-hirve-kahjustustele-vastupidav","12":"pa_lisainfo-janese-kahjustustele-vastupidav","13":"pa_lisainfo-mesilaste-lemmik","14":"pa_lisainfo-sobib-lohnaaeda","15":"pa_oie-varv-roosakas","16":"pa_oitsemise-aeg-juuni-september","17":"pa_talvekindlus-vaga-hea","18":"pa_tingimused-hea-drenaaz","19":"pa_tsoon-4-7","20":"pa_valguse-tingimused-paike","21":"pa_valguse-tingimused-poolvari","22":"pa_variatsioon-suurem-pott","23":"pa_variatsioon-vaiksem-pott","25":"first","26":"instock","27":"purchasable","28":"product-type-variable"},"acf":[],"_links":{"self":[{"href":"https:\/\/dev.garden.ee\/en\/wp-json\/wp\/v2\/product\/25794","targetHints":{"allow":["GET"]}}],"collection":[{"href":"https:\/\/dev.garden.ee\/en\/wp-json\/wp\/v2\/product"}],"about":[{"href":"https:\/\/dev.garden.ee\/en\/wp-json\/wp\/v2\/types\/product"}],"wp:featuredmedia":[{"embeddable":true,"href":"https:\/\/dev.garden.ee\/en\/wp-json\/wp\/v2\/media\/25797"}],"wp:attachment":[{"href":"https:\/\/dev.garden.ee\/en\/wp-json\/wp\/v2\/media?parent=25794"}],"wp:term":[{"taxonomy":"product_brand","embeddable":true,"href":"https:\/\/dev.garden.ee\/en\/wp-json\/wp\/v2\/product_brand?post=25794"},{"taxonomy":"product_cat","embeddable":true,"href":"https:\/\/dev.garden.ee\/en\/wp-json\/wp\/v2\/product_cat?post=25794"},{"taxonomy":"product_tag","embeddable":true,"href":"https:\/\/dev.garden.ee\/en\/wp-json\/wp\/v2\/product_tag?post=25794"}],"curies":[{"name":"wp","href":"https:\/\/api.w.org\/{rel}","templated":true}]}}