{"id":25777,"date":"2026-03-03T16:57:08","date_gmt":"2026-03-03T14:57:08","guid":{"rendered":"https:\/\/dev.garden.ee\/?post_type=product&#038;p=25777"},"modified":"2026-03-03T17:31:01","modified_gmt":"2026-03-03T15:31:01","slug":"mukgenia-nova-flame","status":"publish","type":"product","link":"https:\/\/dev.garden.ee\/en\/product\/mukgenia-nova-flame\/","title":{"rendered":"Mukgenia NOVA\u00ae &#8216;Flame&#8217;"},"content":{"rendered":"<input class=\"fooboxshare_post_id\" type=\"hidden\" value=\"25777\"\/>","protected":false},"excerpt":{"rendered":"<p>Lehvikbergeenia dekoratiivsed lehed on paksud, nahkjad ja l\u00f5histunud servaga ning v\u00e4rvuvad s\u00fcgise saabudes otstest kauniks veinipunaseks. J\u00e4rmisel kevadel taas talveunest t\u00e4rgates, on t\u00f5usmed pruunikas-punast tooni.<\/p>\n<p>&#8216;Nova Flame&#8217; \u00f5itseb aprilli l\u00f5pus, mais ja juunis t\u00e4hekujuliste, kobarates asetsevate tumeroosade \u00f5ietega, mis k\u00f5rguvad lehtede kohal tugevatel punakatel \u00f5ievartel ning meelitavad ligi rohkelt tolmeljajaid.<\/p>\n<p>Taim kasvab kuni 30cm k\u00f5rguseks ning moodustab n\u00e4gusa, kompaktse puhma, mis soodsatel kasvutingimustel hakkab risoomide teel aegamisi paljunema. Lehvikbergeenia sobib nii p\u00fcsikupeenardele kui ka sobiva suurusega taimekastidesse ja lillepottidesse, samuti v\u00f5ib teda edukalt istutada suuremate puude ja p\u00f5\u00f5saste alla. Tegemist on ka t\u00e4nuv\u00e4\u00e4rse pinnakattetaimega.<\/p>\n<p><em>Mukgenia<\/em>\u00a0kasvab \u00fchtviisi meelsasti nii t\u00e4isp\u00e4ikeses, poolvarjus kui ka t\u00e4isvarjus ning eelistab niisket, huumusrikast ja hea drenaa\u017eiga pinnast. Ei talu p\u00f5uda.<\/p>","protected":false},"featured_media":25781,"template":"","meta":[],"product_brand":[],"product_cat":[9637,6934,9200,4401,4412,22],"product_tag":[],"class_list":{"0":"post-25777","1":"product","2":"type-product","3":"status-publish","4":"has-post-thumbnail","6":"product_cat-istutuskast","7":"product_cat-mesilassobralik-aed","8":"product_cat-pinnakatjad","9":"product_cat-pusikud","10":"product_cat-varjuaed","11":"product_cat-taimed","12":"pa_kasvukorgus-25-30-cm-2","13":"pa_laius-30-45-cm-2","14":"pa_lisainfo-dekoratiivne-lehestik","15":"pa_lisainfo-ei-talu-pouda","16":"pa_lisainfo-hea-pinnakatja","17":"pa_lisainfo-kaunis-sugisvarvus","18":"pa_lisainfo-mesilaste-lemmik","19":"pa_lisainfo-sobilik-istutuskasti-jaoks","20":"pa_lisainfo-sobib-osalise-varjuga-kasvualale","21":"pa_oie-varv-roosa","22":"pa_oitsemise-aeg-aprill-juuli","23":"pa_talvekindlus-vaga-hea","24":"pa_tingimused-hea-drenaaz","25":"pa_tingimused-huumusrikas","26":"pa_tingimused-niiske","27":"pa_tingimused-viljakas","28":"pa_tsoon-3-9","29":"pa_valguse-tingimused-paike","30":"pa_valguse-tingimused-poolvari","31":"pa_valguse-tingimused-vari","32":"pa_variatsioon-suurem-pott","33":"pa_variatsioon-vaiksem-pott","35":"first","36":"instock","37":"purchasable","38":"product-type-variable"},"acf":[],"_links":{"self":[{"href":"https:\/\/dev.garden.ee\/en\/wp-json\/wp\/v2\/product\/25777","targetHints":{"allow":["GET"]}}],"collection":[{"href":"https:\/\/dev.garden.ee\/en\/wp-json\/wp\/v2\/product"}],"about":[{"href":"https:\/\/dev.garden.ee\/en\/wp-json\/wp\/v2\/types\/product"}],"wp:featuredmedia":[{"embeddable":true,"href":"https:\/\/dev.garden.ee\/en\/wp-json\/wp\/v2\/media\/25781"}],"wp:attachment":[{"href":"https:\/\/dev.garden.ee\/en\/wp-json\/wp\/v2\/media?parent=25777"}],"wp:term":[{"taxonomy":"product_brand","embeddable":true,"href":"https:\/\/dev.garden.ee\/en\/wp-json\/wp\/v2\/product_brand?post=25777"},{"taxonomy":"product_cat","embeddable":true,"href":"https:\/\/dev.garden.ee\/en\/wp-json\/wp\/v2\/product_cat?post=25777"},{"taxonomy":"product_tag","embeddable":true,"href":"https:\/\/dev.garden.ee\/en\/wp-json\/wp\/v2\/product_tag?post=25777"}],"curies":[{"name":"wp","href":"https:\/\/api.w.org\/{rel}","templated":true}]}}