{"id":25767,"date":"2026-03-03T16:04:34","date_gmt":"2026-03-03T14:04:34","guid":{"rendered":"https:\/\/dev.garden.ee\/?post_type=product&#038;p=25767"},"modified":"2026-03-03T16:13:41","modified_gmt":"2026-03-03T14:13:41","slug":"monarda-bee-true","status":"publish","type":"product","link":"https:\/\/dev.garden.ee\/en\/product\/monarda-bee-true\/","title":{"rendered":"Monarda &#8216;Bee True&#8217;"},"content":{"rendered":"<input class=\"fooboxshare_post_id\" type=\"hidden\" value=\"25767\"\/>","protected":false},"excerpt":{"rendered":"<p>Kompaktne monarda sort, mille lehed on aromaatsed ning mille lehestik on jahukastele vastupidav. \u00dchtlasi on tegu ka v\u00e4ga \u00f5ieka sordiga, mis annab vaarika punaseid \u00f5isi.\u00a0Sort kuulub Monardade\u00a0sarja Bee-You, kuhu on aretamise teel saadud erakordse haiguskindlusega sordid, mis \u00f5itsevad veelgi rikkalikumalt.<\/p>\n<p>Eemalda \u00f5itsenud \u00f5isikuid, et soodustata t\u00e4iendavat \u00f5itsemist.<\/p>","protected":false},"featured_media":25770,"template":"","meta":[],"product_brand":[],"product_cat":[4415,4414,4413,4401,22],"product_tag":[],"class_list":{"0":"post-25767","1":"product","2":"type-product","3":"status-publish","4":"has-post-thumbnail","6":"product_cat-lilleaed","7":"product_cat-lohnaaed","8":"product_cat-loikelilleaed","9":"product_cat-pusikud","10":"product_cat-taimed","11":"pa_haiguskindlus-hea","12":"pa_kasvukorgus-60-cm","13":"pa_lisainfo-mesilaste-lemmik","14":"pa_lisainfo-sobib-lohnaaeda","15":"pa_lisainfo-sobib-loikelilleks","16":"pa_lohn-lohnav","17":"pa_oie-varv-purpurne","18":"pa_oitsemise-aeg-juuli-september","19":"pa_talvekindlus-vaga-hea","20":"pa_tingimused-hea-drenaaz","21":"pa_tingimused-niiske","22":"pa_valguse-tingimused-paike","23":"pa_variatsioon-suurem-pott","24":"pa_variatsioon-vaiksem-pott","26":"first","27":"instock","28":"purchasable","29":"product-type-variable"},"acf":[],"_links":{"self":[{"href":"https:\/\/dev.garden.ee\/en\/wp-json\/wp\/v2\/product\/25767","targetHints":{"allow":["GET"]}}],"collection":[{"href":"https:\/\/dev.garden.ee\/en\/wp-json\/wp\/v2\/product"}],"about":[{"href":"https:\/\/dev.garden.ee\/en\/wp-json\/wp\/v2\/types\/product"}],"wp:featuredmedia":[{"embeddable":true,"href":"https:\/\/dev.garden.ee\/en\/wp-json\/wp\/v2\/media\/25770"}],"wp:attachment":[{"href":"https:\/\/dev.garden.ee\/en\/wp-json\/wp\/v2\/media?parent=25767"}],"wp:term":[{"taxonomy":"product_brand","embeddable":true,"href":"https:\/\/dev.garden.ee\/en\/wp-json\/wp\/v2\/product_brand?post=25767"},{"taxonomy":"product_cat","embeddable":true,"href":"https:\/\/dev.garden.ee\/en\/wp-json\/wp\/v2\/product_cat?post=25767"},{"taxonomy":"product_tag","embeddable":true,"href":"https:\/\/dev.garden.ee\/en\/wp-json\/wp\/v2\/product_tag?post=25767"}],"curies":[{"name":"wp","href":"https:\/\/api.w.org\/{rel}","templated":true}]}}