{"id":2576,"date":"2023-01-18T17:16:24","date_gmt":"2023-01-18T15:16:24","guid":{"rendered":"https:\/\/dev.zezz.ee\/garden\/toode\/philadelphus-starbright\/"},"modified":"2023-03-21T14:06:25","modified_gmt":"2023-03-21T12:06:25","slug":"philadelphus-starbright","status":"publish","type":"product","link":"https:\/\/dev.garden.ee\/en\/product\/philadelphus-starbright\/","title":{"rendered":"Philadelphus &#8216;Starbright&#8217;"},"content":{"rendered":"<input class=\"fooboxshare_post_id\" type=\"hidden\" value=\"2576\"\/>","protected":false},"excerpt":{"rendered":"<p>Hinnatud, hiljuti aretatud ebajasmiin, mille teeb eriliseks tema \u0161okolaadipruun-purpurne uus kasv. Noored v\u00f5rsed ja lehed paistavad suurep\u00e4raselt vanema\u00a0rohelise lehestiku taustal v\u00e4lja. Keskmise kasvuga, kuid\u00a0v\u00e4ga suurte, lumivalgete liht\u00f5itega, mille l\u00f5hn\u00a0on meeldivalt tugev, apelsini\u00f5ie aroomides. Tolerantne pinnase osas, kuid annab parima tulemuse p\u00e4ikese k\u00e4es kasvades. L\u00f5ika vormi v\u00f5i noorenda peale \u00f5itsemist.<\/p>","protected":false},"featured_media":2577,"template":"","meta":[],"product_brand":[],"product_cat":[4403,4395,4414,6934,4406,4396,22],"product_tag":[],"class_list":{"0":"post-2576","1":"product","2":"type-product","3":"status-publish","4":"has-post-thumbnail","6":"product_cat-kodu","7":"product_cat-hekid","8":"product_cat-lohnaaed","9":"product_cat-mesilassobralik-aed","10":"product_cat-park","11":"product_cat-puud-ja-poosad","12":"product_cat-taimed","13":"pa_moodud-k-2-3-m-l-15-2-m","14":"pa_oie-varv-valge","15":"pa_oitsemise-aeg-juuni-juuli","16":"pa_talvekindlus-vaga-hea","17":"pa_tsoon-999","18":"pa_variatsioon-poosas-h-40-60-cm","19":"pa_variatsioon-poosas-h-80-100-cm","21":"first","22":"instock","23":"taxable","24":"shipping-taxable","25":"purchasable","26":"product-type-variable"},"acf":[],"_links":{"self":[{"href":"https:\/\/dev.garden.ee\/en\/wp-json\/wp\/v2\/product\/2576","targetHints":{"allow":["GET"]}}],"collection":[{"href":"https:\/\/dev.garden.ee\/en\/wp-json\/wp\/v2\/product"}],"about":[{"href":"https:\/\/dev.garden.ee\/en\/wp-json\/wp\/v2\/types\/product"}],"wp:featuredmedia":[{"embeddable":true,"href":"https:\/\/dev.garden.ee\/en\/wp-json\/wp\/v2\/media\/2577"}],"wp:attachment":[{"href":"https:\/\/dev.garden.ee\/en\/wp-json\/wp\/v2\/media?parent=2576"}],"wp:term":[{"taxonomy":"product_brand","embeddable":true,"href":"https:\/\/dev.garden.ee\/en\/wp-json\/wp\/v2\/product_brand?post=2576"},{"taxonomy":"product_cat","embeddable":true,"href":"https:\/\/dev.garden.ee\/en\/wp-json\/wp\/v2\/product_cat?post=2576"},{"taxonomy":"product_tag","embeddable":true,"href":"https:\/\/dev.garden.ee\/en\/wp-json\/wp\/v2\/product_tag?post=2576"}],"curies":[{"name":"wp","href":"https:\/\/api.w.org\/{rel}","templated":true}]}}