{"id":25748,"date":"2026-03-03T08:09:12","date_gmt":"2026-03-03T06:09:12","guid":{"rendered":"https:\/\/dev.garden.ee\/?post_type=product&#038;p=25748"},"modified":"2026-03-03T13:31:56","modified_gmt":"2026-03-03T11:31:56","slug":"molinia-caerulea-heidezwerg","status":"publish","type":"product","link":"https:\/\/dev.garden.ee\/en\/product\/molinia-caerulea-heidezwerg\/","title":{"rendered":"Molinia caerulea &#8216;Heidezwerg&#8217;"},"content":{"rendered":"<input class=\"fooboxshare_post_id\" type=\"hidden\" value=\"25748\"\/>","protected":false},"excerpt":{"rendered":"<p>Kompaktne Briti p\u00f5lisk\u00f5rreline, millel on erkroheline lehestik ja lillad \u00f5ied, mis vananevad tugevatel vartel pruuniks. S\u00fcgisel atraktiivsed seemnepead ja v\u00e4rvikirev.\u00a0V\u00e4hen\u00f5udlik ning talvekindel.\u00a0L\u00f5ika varakevadel maani maha.<\/p>","protected":false},"featured_media":25756,"template":"","meta":[],"product_brand":[],"product_cat":[4400,4401,22],"product_tag":[],"class_list":{"0":"post-25748","1":"product","2":"type-product","3":"status-publish","4":"has-post-thumbnail","6":"product_cat-korrelised","7":"product_cat-pusikud","8":"product_cat-taimed","9":"pa_haiguskindlus-hea","10":"pa_kasvukorgus-30-60-cm","11":"pa_laius-40-cm","12":"pa_oie-varv-purpurne","13":"pa_oitsemise-aeg-juuli-oktoober","14":"pa_talvekindlus-vaga-hea","15":"pa_tingimused-hea-drenaaz","16":"pa_tingimused-kergelt-niiske","17":"pa_tingimused-kuiv","18":"pa_tingimused-parasniiske","19":"pa_tingimused-viljakas","20":"pa_valguse-tingimused-paike","21":"pa_valguse-tingimused-poolvari","22":"pa_variatsioon-suurem-pott","23":"pa_variatsioon-vaiksem-pott","25":"first","26":"instock","27":"purchasable","28":"product-type-variable"},"acf":[],"_links":{"self":[{"href":"https:\/\/dev.garden.ee\/en\/wp-json\/wp\/v2\/product\/25748","targetHints":{"allow":["GET"]}}],"collection":[{"href":"https:\/\/dev.garden.ee\/en\/wp-json\/wp\/v2\/product"}],"about":[{"href":"https:\/\/dev.garden.ee\/en\/wp-json\/wp\/v2\/types\/product"}],"wp:featuredmedia":[{"embeddable":true,"href":"https:\/\/dev.garden.ee\/en\/wp-json\/wp\/v2\/media\/25756"}],"wp:attachment":[{"href":"https:\/\/dev.garden.ee\/en\/wp-json\/wp\/v2\/media?parent=25748"}],"wp:term":[{"taxonomy":"product_brand","embeddable":true,"href":"https:\/\/dev.garden.ee\/en\/wp-json\/wp\/v2\/product_brand?post=25748"},{"taxonomy":"product_cat","embeddable":true,"href":"https:\/\/dev.garden.ee\/en\/wp-json\/wp\/v2\/product_cat?post=25748"},{"taxonomy":"product_tag","embeddable":true,"href":"https:\/\/dev.garden.ee\/en\/wp-json\/wp\/v2\/product_tag?post=25748"}],"curies":[{"name":"wp","href":"https:\/\/api.w.org\/{rel}","templated":true}]}}