{"id":25740,"date":"2026-03-02T20:30:05","date_gmt":"2026-03-02T18:30:05","guid":{"rendered":"https:\/\/dev.garden.ee\/?post_type=product&#038;p=25740"},"modified":"2026-03-02T20:42:33","modified_gmt":"2026-03-02T18:42:33","slug":"melica-ciliata","status":"publish","type":"product","link":"https:\/\/dev.garden.ee\/en\/product\/melica-ciliata\/","title":{"rendered":"Melica ciliata"},"content":{"rendered":"<input class=\"fooboxshare_post_id\" type=\"hidden\" value=\"25740\"\/>","protected":false},"excerpt":{"rendered":"<p>Meeldiv m\u00e4tast moodustav k\u00f5rreline, mis kasvab h\u00e4sti p\u00e4ikesepaistelises v\u00f5i poolvarjulises kohas ning kuivema poolses mullas. Suvel ilmuvad v\u00e4rskete ja peenete lehtede kohale kitsaste, lamedate ja lillakate \u00f5isikutega p\u00f6\u00f6rised, mis peale avanemist muutuvad kahvatu bee\u017eikasvalgeks. Sobib h\u00e4sti kokku n\u00e4iteks puju, kukeharja ja n\u00f5ian\u00f5gesega. Sobib ka l\u00f5ikelilleks ja kasutamiseks naturaalsetes ja maaaedades.<\/p>\n<p>L\u00f5ika maani tagasi varakevadel enne uute kasvude tekkimist.<\/p>","protected":false},"featured_media":0,"template":"","meta":[],"product_brand":[],"product_cat":[4407,4400,9650,4401,22],"product_tag":[],"class_list":{"0":"post-25740","1":"product","2":"type-product","3":"status-publish","5":"product_cat-aasad","6":"product_cat-korrelised","7":"product_cat-looduslik-aed","8":"product_cat-pusikud","9":"product_cat-taimed","10":"pa_haiguskindlus-vaga-hea","11":"pa_kasvukorgus-60-cm","12":"pa_laius-30-cm","13":"pa_lisainfo-sobib-osalise-varjuga-kasvualale","14":"pa_lisainfo-talub-pouda","15":"pa_oie-varv-beez","16":"pa_oie-varv-kreemjas","17":"pa_oie-varv-lilla","18":"pa_oitsemise-aeg-juuni-september","19":"pa_talvekindlus-vaga-hea","20":"pa_tingimused-hea-drenaaz","21":"pa_tingimused-liivane","22":"pa_tsoon-4-8","23":"pa_valguse-tingimused-paike","24":"pa_valguse-tingimused-poolvari","25":"pa_variatsioon-suurem-pott","26":"pa_variatsioon-vaiksem-pott","28":"first","29":"instock","30":"purchasable","31":"product-type-variable"},"acf":[],"_links":{"self":[{"href":"https:\/\/dev.garden.ee\/en\/wp-json\/wp\/v2\/product\/25740","targetHints":{"allow":["GET"]}}],"collection":[{"href":"https:\/\/dev.garden.ee\/en\/wp-json\/wp\/v2\/product"}],"about":[{"href":"https:\/\/dev.garden.ee\/en\/wp-json\/wp\/v2\/types\/product"}],"wp:attachment":[{"href":"https:\/\/dev.garden.ee\/en\/wp-json\/wp\/v2\/media?parent=25740"}],"wp:term":[{"taxonomy":"product_brand","embeddable":true,"href":"https:\/\/dev.garden.ee\/en\/wp-json\/wp\/v2\/product_brand?post=25740"},{"taxonomy":"product_cat","embeddable":true,"href":"https:\/\/dev.garden.ee\/en\/wp-json\/wp\/v2\/product_cat?post=25740"},{"taxonomy":"product_tag","embeddable":true,"href":"https:\/\/dev.garden.ee\/en\/wp-json\/wp\/v2\/product_tag?post=25740"}],"curies":[{"name":"wp","href":"https:\/\/api.w.org\/{rel}","templated":true}]}}