{"id":25730,"date":"2026-03-02T16:02:02","date_gmt":"2026-03-02T14:02:02","guid":{"rendered":"https:\/\/dev.garden.ee\/?post_type=product&#038;p=25730"},"modified":"2026-03-02T16:15:47","modified_gmt":"2026-03-02T14:15:47","slug":"lychnis-coronaria","status":"publish","type":"product","link":"https:\/\/dev.garden.ee\/en\/product\/lychnis-coronaria\/","title":{"rendered":"Lychnis coronaria"},"content":{"rendered":"<input class=\"fooboxshare_post_id\" type=\"hidden\" value=\"25730\"\/>","protected":false},"excerpt":{"rendered":"<p>V\u00e4ga atraktiivne p\u00fcsik moodustab v\u00e4ikese, tiheda p\u00f5\u00f5sa h\u00f5beroheliste varte ja lehtedega. P\u00fcstised, pikemad varred hoiavad pikalt \u00f5itsevaid\u00a0\u00f5isi. Hea l\u00f5ikelill. Annab isek\u00fclvi. Eelistab niiskemat hea drenaa\u017eiga pinnast, kuid tuleb toime ka kuivemate perioodidega.<\/p>\n<p>P\u00e4rjatud Award of Garden Merit tiitliga.<\/p>\n<p>Soovitav jagada \u00fcle aasta, et vorm k\u00e4est ei l\u00e4heks.<\/p>","protected":false},"featured_media":25733,"template":"","meta":[],"product_brand":[],"product_cat":[4415,4413,6934,4401,22],"product_tag":[9209],"class_list":{"0":"post-25730","1":"product","2":"type-product","3":"status-publish","4":"has-post-thumbnail","6":"product_cat-lilleaed","7":"product_cat-loikelilleaed","8":"product_cat-mesilassobralik-aed","9":"product_cat-pusikud","10":"product_cat-taimed","11":"product_tag-rhs-award-of-garden-merit","12":"pa_haiguskindlus-vaga-hea","13":"pa_kasvukorgus-60-70-cm","14":"pa_laius-30-45-cm-2","15":"pa_lehestikuvarv-hoberoheline","16":"pa_lisainfo-hirve-kahjustustele-vastupidav","17":"pa_lisainfo-pilgupuudja","18":"pa_lisainfo-sobib-loikelilleks","19":"pa_lisainfo-talub-pouda","20":"pa_oie-varv-magenta","21":"pa_oitsemise-aeg-juuni-august","22":"pa_talvekindlus-vaga-hea","23":"pa_tingimused-hea-drenaaz","24":"pa_tsoon-3-8","25":"pa_valguse-tingimused-paike","26":"pa_variatsioon-suurem-pott","27":"pa_variatsioon-vaiksem-pott","29":"first","30":"instock","31":"purchasable","32":"product-type-variable"},"acf":[],"_links":{"self":[{"href":"https:\/\/dev.garden.ee\/en\/wp-json\/wp\/v2\/product\/25730","targetHints":{"allow":["GET"]}}],"collection":[{"href":"https:\/\/dev.garden.ee\/en\/wp-json\/wp\/v2\/product"}],"about":[{"href":"https:\/\/dev.garden.ee\/en\/wp-json\/wp\/v2\/types\/product"}],"wp:featuredmedia":[{"embeddable":true,"href":"https:\/\/dev.garden.ee\/en\/wp-json\/wp\/v2\/media\/25733"}],"wp:attachment":[{"href":"https:\/\/dev.garden.ee\/en\/wp-json\/wp\/v2\/media?parent=25730"}],"wp:term":[{"taxonomy":"product_brand","embeddable":true,"href":"https:\/\/dev.garden.ee\/en\/wp-json\/wp\/v2\/product_brand?post=25730"},{"taxonomy":"product_cat","embeddable":true,"href":"https:\/\/dev.garden.ee\/en\/wp-json\/wp\/v2\/product_cat?post=25730"},{"taxonomy":"product_tag","embeddable":true,"href":"https:\/\/dev.garden.ee\/en\/wp-json\/wp\/v2\/product_tag?post=25730"}],"curies":[{"name":"wp","href":"https:\/\/api.w.org\/{rel}","templated":true}]}}