{"id":25712,"date":"2026-03-02T10:29:29","date_gmt":"2026-03-02T08:29:29","guid":{"rendered":"https:\/\/dev.garden.ee\/?post_type=product&#038;p=25712"},"modified":"2026-03-02T11:08:32","modified_gmt":"2026-03-02T09:08:32","slug":"linum-perenne-diamant-uus","status":"publish","type":"product","link":"https:\/\/dev.garden.ee\/en\/product\/linum-perenne-diamant-uus\/","title":{"rendered":"Linum perenne &#8216;Diamant&#8217; UUS!"},"content":{"rendered":"<input class=\"fooboxshare_post_id\" type=\"hidden\" value=\"25712\"\/>","protected":false},"excerpt":{"rendered":"<p>Mitmeaastasel linal on p\u00fcstised varred, tavaliselt alumisest otsast ilma lehtedeta. Lehed on lineaarsed, teravate servadega. Kitsa sinakasrohelise lehestikuga ja valgete (2,5 cm) \u00f5itega, millel kollane keskosa. \u00d5ied sulguvad keskp\u00e4eva paiku. \u00d5itsemine v\u00f5ib kesta lausa kuni 8 n\u00e4dalat, poolvarjulisse kasvualasse istutades v\u00f5ib \u00f5itsemine kesta aga kuni 12 n\u00e4dalat. Hiljem kui \u00f5itsemine on l\u00f5ppenud, siis suve teises pooles pakuvad p\u00f5nevust valminud seemnepead. Kuigi taime varred n\u00e4evad v\u00e4lja v\u00e4ga \u00f5rnad, siis tegelikult on neid v\u00e4ga raske katki murda.<\/p>\n<p>Sobib istutamiseks kiviktaimlasse, looduslikele aladele, eriti suurematesse r\u00fchmadesse. Talvel on soovitatav see katta okaspuuokstega.<\/p>","protected":false},"featured_media":25715,"template":"","meta":[],"product_brand":[],"product_cat":[4407,9503,4415,9650,6934,4401,22],"product_tag":[9780],"class_list":{"0":"post-25712","1":"product","2":"type-product","3":"status-publish","4":"has-post-thumbnail","6":"product_cat-aasad","7":"product_cat-kiviktaimla","8":"product_cat-lilleaed","9":"product_cat-looduslik-aed","10":"product_cat-mesilassobralik-aed","11":"product_cat-pusikud","12":"product_cat-taimed","13":"product_tag-uus","14":"pa_kasvukorgus-25-cm","15":"pa_laius-15-cm","16":"pa_lisainfo-mesilaste-lemmik","17":"pa_lisainfo-talub-pouda","18":"pa_oie-varv-valge","19":"pa_oitsemise-aeg-juuni-august","20":"pa_tingimused-kergelt-aluseline","21":"pa_tingimused-kuiv","22":"pa_tingimused-liivane","23":"pa_valguse-tingimused-paike","24":"pa_valguse-tingimused-poolvari","25":"pa_variatsioon-suurem-pott","26":"pa_variatsioon-vaiksem-pott","28":"first","29":"onbackorder","30":"purchasable","31":"product-type-variable"},"acf":[],"_links":{"self":[{"href":"https:\/\/dev.garden.ee\/en\/wp-json\/wp\/v2\/product\/25712","targetHints":{"allow":["GET"]}}],"collection":[{"href":"https:\/\/dev.garden.ee\/en\/wp-json\/wp\/v2\/product"}],"about":[{"href":"https:\/\/dev.garden.ee\/en\/wp-json\/wp\/v2\/types\/product"}],"wp:featuredmedia":[{"embeddable":true,"href":"https:\/\/dev.garden.ee\/en\/wp-json\/wp\/v2\/media\/25715"}],"wp:attachment":[{"href":"https:\/\/dev.garden.ee\/en\/wp-json\/wp\/v2\/media?parent=25712"}],"wp:term":[{"taxonomy":"product_brand","embeddable":true,"href":"https:\/\/dev.garden.ee\/en\/wp-json\/wp\/v2\/product_brand?post=25712"},{"taxonomy":"product_cat","embeddable":true,"href":"https:\/\/dev.garden.ee\/en\/wp-json\/wp\/v2\/product_cat?post=25712"},{"taxonomy":"product_tag","embeddable":true,"href":"https:\/\/dev.garden.ee\/en\/wp-json\/wp\/v2\/product_tag?post=25712"}],"curies":[{"name":"wp","href":"https:\/\/api.w.org\/{rel}","templated":true}]}}