{"id":25692,"date":"2026-03-01T14:35:52","date_gmt":"2026-03-01T12:35:52","guid":{"rendered":"https:\/\/dev.garden.ee\/?post_type=product&#038;p=25692"},"modified":"2026-03-01T14:47:25","modified_gmt":"2026-03-01T12:47:25","slug":"lavandula-x-intermedia-phenomenal","status":"publish","type":"product","link":"https:\/\/dev.garden.ee\/en\/product\/lavandula-x-intermedia-phenomenal\/","title":{"rendered":"Lavandula x intermedia &#8216;Phenomenal&#8217;"},"content":{"rendered":"<input class=\"fooboxshare_post_id\" type=\"hidden\" value=\"25692\"\/>","protected":false},"excerpt":{"rendered":"<p>See sort on rohkem vastuv\u00f5tlikum k\u00fclmale ja niiskusele. K\u00fcll, aga tuleb tema s\u00e4rav rohekashall lehestik paremini esile siiski p\u00e4ikese k\u00e4es ja kuivas pinnases. Tegemist on v\u00e4ga l\u00f5hnava ja suuri \u00f5iekobaraid moodustava sordiga. Sobib h\u00e4sti peenra \u00e4\u00e4ristaimeks, k\u00f5nniteede \u00e4\u00e4rde, \u00fcrdiaeda, kohtadesse kus on vaja peletada aiakahjureid.<\/p>\n<p>Parema talvitumise ja harunemise jaoks k\u00e4rbi ladvaotsi varakevadel.<\/p>","protected":false},"featured_media":25695,"template":"","meta":[],"product_brand":[],"product_cat":[4415,4414,4413,6934,4401,4410,4411,4393,22],"product_tag":[],"class_list":{"0":"post-25692","1":"product","2":"type-product","3":"status-publish","4":"has-post-thumbnail","6":"product_cat-lilleaed","7":"product_cat-lohnaaed","8":"product_cat-loikelilleaed","9":"product_cat-mesilassobralik-aed","10":"product_cat-pusikud","11":"product_cat-tarbeaed","12":"product_cat-urdiaed","13":"product_cat-urdid","14":"product_cat-taimed","15":"pa_haiguskindlus-vaga-hea","16":"pa_kasvukorgus-70-cm","17":"pa_laius-70-80-cm","18":"pa_lehestikuvarv-rohekashall","19":"pa_lisainfo-hirve-kahjustustele-vastupidav","20":"pa_lisainfo-janese-kahjustustele-vastupidav","21":"pa_lisainfo-mesilaste-lemmik","22":"pa_lisainfo-pilgupuudja","23":"pa_lisainfo-sobib-lohnaaeda","24":"pa_lisainfo-talub-pouda","25":"pa_lohn-vaga-tugev","26":"pa_oie-varv-lilla","27":"pa_oitsemise-aeg-juuli-august","28":"pa_talvekindlus-hea","29":"pa_tingimused-hea-drenaaz","30":"pa_tsoon-info-lisamisel","31":"pa_valguse-tingimused-paike","32":"pa_variatsioon-suurem-pott","33":"pa_variatsioon-vaiksem-pott","35":"first","36":"onbackorder","37":"purchasable","38":"product-type-variable"},"acf":[],"_links":{"self":[{"href":"https:\/\/dev.garden.ee\/en\/wp-json\/wp\/v2\/product\/25692","targetHints":{"allow":["GET"]}}],"collection":[{"href":"https:\/\/dev.garden.ee\/en\/wp-json\/wp\/v2\/product"}],"about":[{"href":"https:\/\/dev.garden.ee\/en\/wp-json\/wp\/v2\/types\/product"}],"wp:featuredmedia":[{"embeddable":true,"href":"https:\/\/dev.garden.ee\/en\/wp-json\/wp\/v2\/media\/25695"}],"wp:attachment":[{"href":"https:\/\/dev.garden.ee\/en\/wp-json\/wp\/v2\/media?parent=25692"}],"wp:term":[{"taxonomy":"product_brand","embeddable":true,"href":"https:\/\/dev.garden.ee\/en\/wp-json\/wp\/v2\/product_brand?post=25692"},{"taxonomy":"product_cat","embeddable":true,"href":"https:\/\/dev.garden.ee\/en\/wp-json\/wp\/v2\/product_cat?post=25692"},{"taxonomy":"product_tag","embeddable":true,"href":"https:\/\/dev.garden.ee\/en\/wp-json\/wp\/v2\/product_tag?post=25692"}],"curies":[{"name":"wp","href":"https:\/\/api.w.org\/{rel}","templated":true}]}}