{"id":25683,"date":"2026-03-01T12:21:18","date_gmt":"2026-03-01T10:21:18","guid":{"rendered":"https:\/\/dev.garden.ee\/?post_type=product&#038;p=25683"},"modified":"2026-03-01T13:14:08","modified_gmt":"2026-03-01T11:14:08","slug":"koeleria-glauca-uus","status":"publish","type":"product","link":"https:\/\/dev.garden.ee\/en\/product\/koeleria-glauca-uus\/","title":{"rendered":"Koeleria glauca UUS!"},"content":{"rendered":"<input class=\"fooboxshare_post_id\" type=\"hidden\" value=\"25683\"\/>","protected":false},"excerpt":{"rendered":"<p>Peene sinakas-rohelise lehestikuga kompaktse ja tiheda vormiga k\u00f5rreline, mis on leplik nii pinnase, kui ka valgustingimuste suhtes. Eelistab isegi toitainetevaesemat mulda orgaanilisele. Hea valik keerulisematesse tsoonidesse &#8211; varju, kuiva, kivisesse v\u00f5i kruusasesse. Ilmutab valgeid h\u00f5beda l\u00e4ikega \u00f5isi, mis k\u00f5rguvad lehem\u00e4tta kohale terveks suveks. Kasvu ergutamiseks on parim s\u00fcgiseti maatasa l\u00f5igata. Efektne taim masshaljastusse, teede servadesse, pinnakatjaks, aasa-aladele ja konteineritesse. V\u00e4ga saastekindel. Sobib ka suurema \u00f5hureostusega aladele &#8211; linnadesse, tiheda liiklusega \u00e4\u00e4ristatud hoovidesse.<\/p>\n<p><span style=\"color: #ff0000;\">\u00a0<\/span><\/p>","protected":false},"featured_media":8584,"template":"","meta":[],"product_brand":[],"product_cat":[4407,9637,4400,9200,4401,4412,22],"product_tag":[9780],"class_list":{"0":"post-25683","1":"product","2":"type-product","3":"status-publish","4":"has-post-thumbnail","6":"product_cat-aasad","7":"product_cat-istutuskast","8":"product_cat-korrelised","9":"product_cat-pinnakatjad","10":"product_cat-pusikud","11":"product_cat-varjuaed","12":"product_cat-taimed","13":"product_tag-uus","14":"pa_haiguskindlus-vaga-hea","15":"pa_moodud-k-15-20-cm-l-20-cm","16":"pa_oie-varv-kreemjas","17":"pa_oitsemise-aeg-juuni-august","18":"pa_talvekindlus-vaga-hea","19":"pa_tsoon-z-3-8","20":"pa_variatsioon-suurem-pott","21":"pa_variatsioon-vaiksem-pott","23":"first","24":"outofstock","25":"purchasable","26":"product-type-variable"},"acf":[],"_links":{"self":[{"href":"https:\/\/dev.garden.ee\/en\/wp-json\/wp\/v2\/product\/25683","targetHints":{"allow":["GET"]}}],"collection":[{"href":"https:\/\/dev.garden.ee\/en\/wp-json\/wp\/v2\/product"}],"about":[{"href":"https:\/\/dev.garden.ee\/en\/wp-json\/wp\/v2\/types\/product"}],"wp:featuredmedia":[{"embeddable":true,"href":"https:\/\/dev.garden.ee\/en\/wp-json\/wp\/v2\/media\/8584"}],"wp:attachment":[{"href":"https:\/\/dev.garden.ee\/en\/wp-json\/wp\/v2\/media?parent=25683"}],"wp:term":[{"taxonomy":"product_brand","embeddable":true,"href":"https:\/\/dev.garden.ee\/en\/wp-json\/wp\/v2\/product_brand?post=25683"},{"taxonomy":"product_cat","embeddable":true,"href":"https:\/\/dev.garden.ee\/en\/wp-json\/wp\/v2\/product_cat?post=25683"},{"taxonomy":"product_tag","embeddable":true,"href":"https:\/\/dev.garden.ee\/en\/wp-json\/wp\/v2\/product_tag?post=25683"}],"curies":[{"name":"wp","href":"https:\/\/api.w.org\/{rel}","templated":true}]}}