{"id":25679,"date":"2026-03-01T12:12:02","date_gmt":"2026-03-01T10:12:02","guid":{"rendered":"https:\/\/dev.garden.ee\/?post_type=product&#038;p=25679"},"modified":"2026-03-01T12:19:24","modified_gmt":"2026-03-01T10:19:24","slug":"kniphofia-citrina","status":"publish","type":"product","link":"https:\/\/dev.garden.ee\/en\/product\/kniphofia-citrina\/","title":{"rendered":"Kniphofia citrina"},"content":{"rendered":"<input class=\"fooboxshare_post_id\" type=\"hidden\" value=\"25679\"\/>","protected":false},"excerpt":{"rendered":"<p>Rohtne p\u00fcsik, millel on pikad ja kitsad lehed. Suvel ning s\u00fcgisel \u00f5itsevad \u00f5isikud, mille v\u00e4rvus varieerub kreemikaskollasest kuni oran\u017eika ja laimiroheliseni. P\u00fcstise kimbuna kasvav taim.<\/p>\n<p>T\u00f5rvikliiliad on \u00fched eksootilisema v\u00e4limusega taimed, mis lisavad draamat suve teisele poolele oma eraldi \u00f5isikuvartel pikkadesse \u00f5isikutesse koondunud \u00f5itega, mis meenutavad p\u00f5levaid t\u00f5rvikuid. Taim tuleks istutada p\u00e4ikeselisele v\u00f5i poolvarjulisele, vett h\u00e4sti l\u00e4bilaskva viljaka pinnasega kasvukohale.<\/p>","protected":false},"featured_media":25682,"template":"","meta":[],"product_brand":[],"product_cat":[9637,4415,4413,6934,4401,9550,22],"product_tag":[],"class_list":{"0":"post-25679","1":"product","2":"type-product","3":"status-publish","4":"has-post-thumbnail","6":"product_cat-istutuskast","7":"product_cat-lilleaed","8":"product_cat-loikelilleaed","9":"product_cat-mesilassobralik-aed","10":"product_cat-pusikud","11":"product_cat-rodu-ja-terrass","12":"product_cat-taimed","13":"pa_haiguskindlus-vaga-hea","14":"pa_kasvukorgus-30-75-cm","15":"pa_laius-50-cm","16":"pa_lisainfo-mesilaste-lemmik","17":"pa_lisainfo-pilgupuudja","18":"pa_lisainfo-sobilik-istutuskasti-jaoks","19":"pa_lisainfo-sobib-loikelilleks","20":"pa_lisainfo-talub-pouda","21":"pa_oie-varv-kollane","22":"pa_oie-varv-kreemjas","23":"pa_oie-varv-rohekaskollane","24":"pa_oitsemise-aeg-juuni-september","25":"pa_talvekindlus-veidi-kulmaorn","26":"pa_tingimused-hea-drenaaz","27":"pa_tingimused-kuiv","28":"pa_tingimused-parasniiske","29":"pa_tingimused-viljakas","30":"pa_tsoon-6-9","31":"pa_valguse-tingimused-paike","32":"pa_variatsioon-suurem-pott","33":"pa_variatsioon-vaiksem-pott","35":"first","36":"instock","37":"purchasable","38":"product-type-variable"},"acf":[],"_links":{"self":[{"href":"https:\/\/dev.garden.ee\/en\/wp-json\/wp\/v2\/product\/25679","targetHints":{"allow":["GET"]}}],"collection":[{"href":"https:\/\/dev.garden.ee\/en\/wp-json\/wp\/v2\/product"}],"about":[{"href":"https:\/\/dev.garden.ee\/en\/wp-json\/wp\/v2\/types\/product"}],"wp:featuredmedia":[{"embeddable":true,"href":"https:\/\/dev.garden.ee\/en\/wp-json\/wp\/v2\/media\/25682"}],"wp:attachment":[{"href":"https:\/\/dev.garden.ee\/en\/wp-json\/wp\/v2\/media?parent=25679"}],"wp:term":[{"taxonomy":"product_brand","embeddable":true,"href":"https:\/\/dev.garden.ee\/en\/wp-json\/wp\/v2\/product_brand?post=25679"},{"taxonomy":"product_cat","embeddable":true,"href":"https:\/\/dev.garden.ee\/en\/wp-json\/wp\/v2\/product_cat?post=25679"},{"taxonomy":"product_tag","embeddable":true,"href":"https:\/\/dev.garden.ee\/en\/wp-json\/wp\/v2\/product_tag?post=25679"}],"curies":[{"name":"wp","href":"https:\/\/api.w.org\/{rel}","templated":true}]}}