{"id":25670,"date":"2026-03-01T11:55:20","date_gmt":"2026-03-01T09:55:20","guid":{"rendered":"https:\/\/dev.garden.ee\/?post_type=product&#038;p=25670"},"modified":"2026-03-01T12:03:01","modified_gmt":"2026-03-01T10:03:01","slug":"kniphofia-mango-popsicle","status":"publish","type":"product","link":"https:\/\/dev.garden.ee\/en\/product\/kniphofia-mango-popsicle\/","title":{"rendered":"Kniphofia &#8216;Mango Popsicle&#8217;"},"content":{"rendered":"<input class=\"fooboxshare_post_id\" type=\"hidden\" value=\"25670\"\/>","protected":false},"excerpt":{"rendered":"<p>T\u00f5rvikliiliad on \u00fched eksootilisema v\u00e4limusega taimed, mis lisavad draamat suve teisele poolele oma eraldi \u00f5isikuvartel pikkadesse \u00f5isikutesse koondunud \u00f5itega, mis meenutavad p\u00f5levaid t\u00f5rvikuid. Taim tuleks istutada p\u00e4ikeselisele v\u00f5i poolvarjulisele, vett h\u00e4sti l\u00e4bilaskva viljaka pinnasega kasvukohale.<\/p>\n<p>Tugevad \u00f5ievarred k\u00f5rguvad uhkelt pikkade, kitsaste, kaarekujuliste keskroheliste lehtede tupsuliste hunnikute kohale.<\/p>\n<p>Sellel sordil on pikem \u00f5itsemise aeg.<\/p>","protected":false},"featured_media":25673,"template":"","meta":[],"product_brand":[],"product_cat":[9637,4415,4413,6934,4401,9550,22],"product_tag":[],"class_list":{"0":"post-25670","1":"product","2":"type-product","3":"status-publish","4":"has-post-thumbnail","6":"product_cat-istutuskast","7":"product_cat-lilleaed","8":"product_cat-loikelilleaed","9":"product_cat-mesilassobralik-aed","10":"product_cat-pusikud","11":"product_cat-rodu-ja-terrass","12":"product_cat-taimed","13":"pa_haiguskindlus-vaga-hea","14":"pa_kasvukorgus-70-cm","15":"pa_laius-45-cm","16":"pa_lisainfo-hirve-kahjustustele-vastupidav","17":"pa_lisainfo-janese-kahjustustele-vastupidav","18":"pa_lisainfo-mesilaste-lemmik","19":"pa_lisainfo-pilgupuudja","20":"pa_lisainfo-sobilik-istutuskasti-jaoks","21":"pa_lisainfo-sobib-loikelilleks","22":"pa_lisainfo-talub-pouda","23":"pa_oie-varv-oranz","24":"pa_oitsemise-aeg-juuni-oktoober","25":"pa_talvekindlus-veidi-kulmaorn","26":"pa_tingimused-viljakas","27":"pa_tsoon-6-9","28":"pa_valguse-tingimused-paike","29":"pa_variatsioon-suurem-pott","30":"pa_variatsioon-vaiksem-pott","32":"first","33":"instock","34":"purchasable","35":"product-type-variable"},"acf":[],"_links":{"self":[{"href":"https:\/\/dev.garden.ee\/en\/wp-json\/wp\/v2\/product\/25670","targetHints":{"allow":["GET"]}}],"collection":[{"href":"https:\/\/dev.garden.ee\/en\/wp-json\/wp\/v2\/product"}],"about":[{"href":"https:\/\/dev.garden.ee\/en\/wp-json\/wp\/v2\/types\/product"}],"wp:featuredmedia":[{"embeddable":true,"href":"https:\/\/dev.garden.ee\/en\/wp-json\/wp\/v2\/media\/25673"}],"wp:attachment":[{"href":"https:\/\/dev.garden.ee\/en\/wp-json\/wp\/v2\/media?parent=25670"}],"wp:term":[{"taxonomy":"product_brand","embeddable":true,"href":"https:\/\/dev.garden.ee\/en\/wp-json\/wp\/v2\/product_brand?post=25670"},{"taxonomy":"product_cat","embeddable":true,"href":"https:\/\/dev.garden.ee\/en\/wp-json\/wp\/v2\/product_cat?post=25670"},{"taxonomy":"product_tag","embeddable":true,"href":"https:\/\/dev.garden.ee\/en\/wp-json\/wp\/v2\/product_tag?post=25670"}],"curies":[{"name":"wp","href":"https:\/\/api.w.org\/{rel}","templated":true}]}}