{"id":2567,"date":"2023-01-18T17:16:19","date_gmt":"2023-01-18T15:16:19","guid":{"rendered":"https:\/\/dev.zezz.ee\/garden\/toode\/gypsophila-paniculata-bristol-fairy\/"},"modified":"2026-02-24T15:24:30","modified_gmt":"2026-02-24T13:24:30","slug":"gypsophila-paniculata-bristol-fairy","status":"publish","type":"product","link":"https:\/\/dev.garden.ee\/en\/product\/gypsophila-paniculata-bristol-fairy\/","title":{"rendered":"Gypsophila paniculata &#8216;Bristol Fairy&#8217;"},"content":{"rendered":"<input class=\"fooboxshare_post_id\" type=\"hidden\" value=\"2567\"\/>","protected":false},"excerpt":{"rendered":"<p>V\u00e4ga populaarne suure\u00f5ieline kipslill. Tuhandete kaupa tillukesi t\u00e4idis\u00f5isi, mis on ehteks h\u00e4sti laiaks harunenud p\u00f5\u00f5sale. Kogu tervik on nagu h\u00f5ljuv valge pilv. Kui eemaldada \u00e4ra\u00f5itsenud varred, \u00f5itseb ta teist korda veel. Hallikasroheline lehestik j\u00e4\u00e4b peaaegu m\u00e4rkamatuks. Kuna \u00f5itsemiste vahel pole taim nii atraktiivne, oleks m\u00f5istlik t\u00fchimik t\u00e4ita erinevate idamagunate sortidega. Armastab h\u00e4sti sooja ja p\u00e4ikeselist kasvukohta, kuivemat pinda. M\u00e4rjal pinnal v\u00f5ib hukkuda. V\u00e4ga kaunis kasutada \u00f5hulisuse lisamiseks lillekimpudesse ja kuivatatult kuivlilleseadetesse.<\/p>","protected":false},"featured_media":2568,"template":"","meta":[],"product_brand":[],"product_cat":[4415,4413,6934,4401,22],"product_tag":[],"class_list":{"0":"post-2567","1":"product","2":"type-product","3":"status-publish","4":"has-post-thumbnail","6":"product_cat-lilleaed","7":"product_cat-loikelilleaed","8":"product_cat-mesilassobralik-aed","9":"product_cat-pusikud","10":"product_cat-taimed","11":"pa_haiguskindlus-hea","12":"pa_moodud-l-60-90-cm-k-60-90-cm","13":"pa_oie-varv-valge","14":"pa_oitsemise-aeg-juuli","15":"pa_talvekindlus-vaga-hea","16":"pa_tsoon-z-4-9","17":"pa_variatsioon-suurem-pott","18":"pa_variatsioon-vaiksem-pott","20":"first","21":"instock","22":"purchasable","23":"product-type-variable"},"acf":[],"_links":{"self":[{"href":"https:\/\/dev.garden.ee\/en\/wp-json\/wp\/v2\/product\/2567","targetHints":{"allow":["GET"]}}],"collection":[{"href":"https:\/\/dev.garden.ee\/en\/wp-json\/wp\/v2\/product"}],"about":[{"href":"https:\/\/dev.garden.ee\/en\/wp-json\/wp\/v2\/types\/product"}],"wp:featuredmedia":[{"embeddable":true,"href":"https:\/\/dev.garden.ee\/en\/wp-json\/wp\/v2\/media\/2568"}],"wp:attachment":[{"href":"https:\/\/dev.garden.ee\/en\/wp-json\/wp\/v2\/media?parent=2567"}],"wp:term":[{"taxonomy":"product_brand","embeddable":true,"href":"https:\/\/dev.garden.ee\/en\/wp-json\/wp\/v2\/product_brand?post=2567"},{"taxonomy":"product_cat","embeddable":true,"href":"https:\/\/dev.garden.ee\/en\/wp-json\/wp\/v2\/product_cat?post=2567"},{"taxonomy":"product_tag","embeddable":true,"href":"https:\/\/dev.garden.ee\/en\/wp-json\/wp\/v2\/product_tag?post=2567"}],"curies":[{"name":"wp","href":"https:\/\/api.w.org\/{rel}","templated":true}]}}