{"id":25661,"date":"2026-03-01T11:34:08","date_gmt":"2026-03-01T09:34:08","guid":{"rendered":"https:\/\/dev.garden.ee\/?post_type=product&#038;p=25661"},"modified":"2026-03-01T11:41:08","modified_gmt":"2026-03-01T09:41:08","slug":"kniphofia-creamsicle","status":"publish","type":"product","link":"https:\/\/dev.garden.ee\/en\/product\/kniphofia-creamsicle\/","title":{"rendered":"Kniphofia &#8216;Creamsicle&#8217;"},"content":{"rendered":"<input class=\"fooboxshare_post_id\" type=\"hidden\" value=\"25661\"\/>","protected":false},"excerpt":{"rendered":"<p>T\u00f5rvikliiliad on \u00fched eksootilisema v\u00e4limusega taimed, mille eraldi \u00f5isikuvartel pikkadesse \u00f5isikutesse koondunud \u00f5ied meenutavad p\u00f5levaid t\u00f5rvikuid. Taim tuleks istutada p\u00e4ikeselisele v\u00f5i poolvarjulisele, vett h\u00e4sti l\u00e4bilaskva viljaka pinnasega kasvukohale.<\/p>\n<p>Pika \u00f5itsemisajaga k\u00e4\u00e4bussort.<\/p>","protected":false},"featured_media":0,"template":"","meta":[],"product_brand":[],"product_cat":[9637,4415,4413,6934,4401,9550,22],"product_tag":[],"class_list":{"0":"post-25661","1":"product","2":"type-product","3":"status-publish","5":"product_cat-istutuskast","6":"product_cat-lilleaed","7":"product_cat-loikelilleaed","8":"product_cat-mesilassobralik-aed","9":"product_cat-pusikud","10":"product_cat-rodu-ja-terrass","11":"product_cat-taimed","12":"pa_haiguskindlus-vaga-hea","13":"pa_kasvukorgus-45-cm","14":"pa_laius-info-lisamisel","15":"pa_lisainfo-hirve-kahjustustele-vastupidav","16":"pa_lisainfo-janese-kahjustustele-vastupidav","17":"pa_lisainfo-mesilaste-lemmik","18":"pa_lisainfo-pilgupuudja","19":"pa_lisainfo-sobilik-istutuskasti-jaoks","20":"pa_lisainfo-sobib-loikelilleks","21":"pa_lisainfo-talub-pouda","22":"pa_oie-varv-oranz","23":"pa_oitsemise-aeg-juuni-august","24":"pa_talvekindlus-veidi-kulmaorn","25":"pa_tingimused-hea-drenaaz","26":"pa_tingimused-viljakas","27":"pa_tsoon-6-9","28":"pa_valguse-tingimused-paike","29":"pa_valguse-tingimused-poolvari","30":"pa_variatsioon-suurem-pott","31":"pa_variatsioon-vaiksem-pott","33":"first","34":"instock","35":"purchasable","36":"product-type-variable"},"acf":[],"_links":{"self":[{"href":"https:\/\/dev.garden.ee\/en\/wp-json\/wp\/v2\/product\/25661","targetHints":{"allow":["GET"]}}],"collection":[{"href":"https:\/\/dev.garden.ee\/en\/wp-json\/wp\/v2\/product"}],"about":[{"href":"https:\/\/dev.garden.ee\/en\/wp-json\/wp\/v2\/types\/product"}],"wp:attachment":[{"href":"https:\/\/dev.garden.ee\/en\/wp-json\/wp\/v2\/media?parent=25661"}],"wp:term":[{"taxonomy":"product_brand","embeddable":true,"href":"https:\/\/dev.garden.ee\/en\/wp-json\/wp\/v2\/product_brand?post=25661"},{"taxonomy":"product_cat","embeddable":true,"href":"https:\/\/dev.garden.ee\/en\/wp-json\/wp\/v2\/product_cat?post=25661"},{"taxonomy":"product_tag","embeddable":true,"href":"https:\/\/dev.garden.ee\/en\/wp-json\/wp\/v2\/product_tag?post=25661"}],"curies":[{"name":"wp","href":"https:\/\/api.w.org\/{rel}","templated":true}]}}