{"id":25651,"date":"2026-03-01T10:39:15","date_gmt":"2026-03-01T08:39:15","guid":{"rendered":"https:\/\/dev.garden.ee\/?post_type=product&#038;p=25651"},"modified":"2026-03-01T11:11:41","modified_gmt":"2026-03-01T09:11:41","slug":"kirengeshoma-palmata","status":"publish","type":"product","link":"https:\/\/dev.garden.ee\/en\/product\/kirengeshoma-palmata\/","title":{"rendered":"Kirengeshoma palmata"},"content":{"rendered":"<input class=\"fooboxshare_post_id\" type=\"hidden\" value=\"25651\"\/>","protected":false},"excerpt":{"rendered":"<p>Hortensialiste sugukonda kuuluv jaapani vahak\u00fcbar on v\u00e4ga dekoratiivse v\u00e4limusega ja seni veel Eesti aedades k\u00fcllaltki v\u00e4hentuntud p\u00fcsik. Taim on p\u00e4rit Jaapani ja Korea m\u00e4estikualadelt ning moodustab umbes 1,2 meetri k\u00f5rguse korrap\u00e4rase puhma. Tema suured ja sametised, kuni 20cm l\u00e4bim\u00f5\u00f5duga lehed meenutavad nii oma kujult kui ka suuruselt vahtralehti.<\/p>\n<p>Hilissuvel ilmuvad lehestiku kohale n\u00f5tked tumepunased \u00f5ievarred, mis tipnevad allapoole rippuvate v\u00f5ikollaste kellukakujuliste \u00f5itega. Need kaunid, 3,5 cm pikkused \u00f5ied t\u00f5usevad rohelise lehemassi taustal h\u00e4sti esile ning on t\u00e4nu oma tihkele vahajale tekstuurile andnud taimele tema nime &#8211; vahak\u00fcbar. Hiljem moodustuvad \u00f5itest huvitava kujuga kolmetipulised pruunikasrohelised seemnekuprad.<\/p>\n<p>Vahak\u00fcbar vajab varjulisemaid valgustingimusi ning hea drenaa\u017eiga huumusrikast ja happelist kasvupinnast. Hiliss\u00fcgisel v\u00f5iks taime tugevalt tagasi l\u00f5igata.\u00a0<em>K. palmata<\/em>\u00a0on heaks naabriks ja seltsiliseks hostadele, rodgersiatele, s\u00f5najalgadele, astilbedele ja teistele dekoratiivse lehestikuga varjuaia p\u00fcsikutele. Taim ei paku huvi hirvedele.<\/p>\n<p>Vahak\u00fcbarat saab paljundada kevadel jagamise teel, varasuvel v\u00f5etud pistoktsega v\u00f5i seemnetega &#8211; viimase puhul soovitame kasutada talik\u00fclvi meetodit.<\/p>\n<p>1993 aastal p\u00e4lvis\u00a0<em>Kirengeshoma palmata<\/em>\u00a0ka Briti Kuningliku Aiandusseltsi\u00a0<em>Garden Merit<\/em>\u00a0auhinna.<\/p>","protected":false},"featured_media":25655,"template":"","meta":[],"product_brand":[],"product_cat":[4401,4412,22],"product_tag":[9209],"class_list":{"0":"post-25651","1":"product","2":"type-product","3":"status-publish","4":"has-post-thumbnail","6":"product_cat-pusikud","7":"product_cat-varjuaed","8":"product_cat-taimed","9":"product_tag-rhs-award-of-garden-merit","10":"pa_kasvukorgus-90-120-cm","11":"pa_laius-75-90-cm","12":"pa_lisainfo-dekoratiivne-lehestik","13":"pa_lisainfo-hirve-kahjustustele-vastupidav","14":"pa_lisainfo-pilgupuudja","15":"pa_lisainfo-sobib-osalise-varjuga-kasvualale","16":"pa_oie-varv-kollane","17":"pa_oitsemise-aeg-august-september","18":"pa_talvekindlus-vaga-hea","19":"pa_tingimused-happeline","20":"pa_tingimused-hea-drenaaz","21":"pa_tingimused-huumusrikas","22":"pa_tingimused-niiske","23":"pa_tsoon-4-8","24":"pa_valguse-tingimused-hajutatud-valgus","25":"pa_valguse-tingimused-poolvari","26":"pa_valguse-tingimused-vari","27":"pa_variatsioon-suurem-pott","28":"pa_variatsioon-vaiksem-pott","30":"first","31":"instock","32":"purchasable","33":"product-type-variable"},"acf":[],"_links":{"self":[{"href":"https:\/\/dev.garden.ee\/en\/wp-json\/wp\/v2\/product\/25651","targetHints":{"allow":["GET"]}}],"collection":[{"href":"https:\/\/dev.garden.ee\/en\/wp-json\/wp\/v2\/product"}],"about":[{"href":"https:\/\/dev.garden.ee\/en\/wp-json\/wp\/v2\/types\/product"}],"wp:featuredmedia":[{"embeddable":true,"href":"https:\/\/dev.garden.ee\/en\/wp-json\/wp\/v2\/media\/25655"}],"wp:attachment":[{"href":"https:\/\/dev.garden.ee\/en\/wp-json\/wp\/v2\/media?parent=25651"}],"wp:term":[{"taxonomy":"product_brand","embeddable":true,"href":"https:\/\/dev.garden.ee\/en\/wp-json\/wp\/v2\/product_brand?post=25651"},{"taxonomy":"product_cat","embeddable":true,"href":"https:\/\/dev.garden.ee\/en\/wp-json\/wp\/v2\/product_cat?post=25651"},{"taxonomy":"product_tag","embeddable":true,"href":"https:\/\/dev.garden.ee\/en\/wp-json\/wp\/v2\/product_tag?post=25651"}],"curies":[{"name":"wp","href":"https:\/\/api.w.org\/{rel}","templated":true}]}}