{"id":25634,"date":"2026-02-28T21:07:01","date_gmt":"2026-02-28T19:07:01","guid":{"rendered":"https:\/\/dev.garden.ee\/?post_type=product&#038;p=25634"},"modified":"2026-02-28T22:03:09","modified_gmt":"2026-02-28T20:03:09","slug":"kalimeris-incisa-madiva","status":"publish","type":"product","link":"https:\/\/dev.garden.ee\/en\/product\/kalimeris-incisa-madiva\/","title":{"rendered":"Kalimeris incisa &#8216;Madiva&#8217;"},"content":{"rendered":"<input class=\"fooboxshare_post_id\" type=\"hidden\" value=\"25634\"\/>","protected":false},"excerpt":{"rendered":"<p data-start=\"0\" data-end=\"481\">Kompaktne, puhmikut moodustav p\u00fcsik, mida hinnatakse pika \u00f5itsemisperioodi t\u00f5ttu. Suve algusest varas\u00fcgiseni katavad taime rohked karikakralaadsed kahvatuvioletsed \u00f5ied (l\u00e4bim\u00f5\u00f5duga umbes 2,5 cm) koos kuldkollase s\u00fcdamikuga, moodustades justkui \u00f5itevaiba. Tumeroheline piklik lehestik j\u00e4\u00e4b selle \u00f5iterohkuse all peaaegu m\u00e4rkamatuks. Sobib suurep\u00e4raselt peenarde \u00e4\u00e4ristamiseks, maakoduaedadesse, samuti preeria- ja niidutaimede sekka. Meelitab ligi liblikaid.\u00a0Kui taim on kord h\u00e4sti juurdunud, on ta p\u00f5uakindel ning talub h\u00e4sti nii kuumi kui ka niiskeid suvesid.<\/p>\n<p data-start=\"926\" data-end=\"1214\" data-is-last-node=\"\" data-is-only-node=\"\">\u00dcldiselt kahjurivaba, kuid tuleks j\u00e4lgida jahukaste esinemist. P\u00e4rast \u00f5itsemist v\u00f5ib taime tagasi l\u00f5igata, et soodustada v\u00f5imalikku s\u00fcgisest j\u00e4rel\u00f5itsemist. Paljundamiseks jagada puhmikuid, v\u00f5ib soodsates tingimustes anda ka isek\u00fclvi.<\/p>","protected":false},"featured_media":25650,"template":"","meta":[],"product_brand":[],"product_cat":[4415,4413,9650,6934,4406,9200,4401,22],"product_tag":[],"class_list":{"0":"post-25634","1":"product","2":"type-product","3":"status-publish","4":"has-post-thumbnail","6":"product_cat-lilleaed","7":"product_cat-loikelilleaed","8":"product_cat-looduslik-aed","9":"product_cat-mesilassobralik-aed","10":"product_cat-park","11":"product_cat-pinnakatjad","12":"product_cat-pusikud","13":"product_cat-taimed","14":"pa_haiguskindlus-hea","15":"pa_kasvukorgus-40-60-cm","16":"pa_laius-40-60-cm","17":"pa_lisainfo-hea-pinnakatja","18":"pa_lisainfo-mesilaste-lemmik","19":"pa_lisainfo-sobib-loikelilleks","20":"pa_lisainfo-sobib-osalise-varjuga-kasvualale","21":"pa_lisainfo-talub-pouda","22":"pa_oie-varv-helelilla","23":"pa_oie-varv-lilla","24":"pa_oitsemise-aeg-juuli-september","25":"pa_tingimused-hea-drenaaz","26":"pa_tingimused-keskmise-viljakusega","27":"pa_tingimused-parasniiske","28":"pa_tsoon-4-9","29":"pa_valguse-tingimused-paike","30":"pa_valguse-tingimused-poolvari","31":"pa_variatsioon-suurem-pott","32":"pa_variatsioon-vaiksem-pott","34":"first","35":"onbackorder","36":"purchasable","37":"product-type-variable"},"acf":[],"_links":{"self":[{"href":"https:\/\/dev.garden.ee\/en\/wp-json\/wp\/v2\/product\/25634","targetHints":{"allow":["GET"]}}],"collection":[{"href":"https:\/\/dev.garden.ee\/en\/wp-json\/wp\/v2\/product"}],"about":[{"href":"https:\/\/dev.garden.ee\/en\/wp-json\/wp\/v2\/types\/product"}],"wp:featuredmedia":[{"embeddable":true,"href":"https:\/\/dev.garden.ee\/en\/wp-json\/wp\/v2\/media\/25650"}],"wp:attachment":[{"href":"https:\/\/dev.garden.ee\/en\/wp-json\/wp\/v2\/media?parent=25634"}],"wp:term":[{"taxonomy":"product_brand","embeddable":true,"href":"https:\/\/dev.garden.ee\/en\/wp-json\/wp\/v2\/product_brand?post=25634"},{"taxonomy":"product_cat","embeddable":true,"href":"https:\/\/dev.garden.ee\/en\/wp-json\/wp\/v2\/product_cat?post=25634"},{"taxonomy":"product_tag","embeddable":true,"href":"https:\/\/dev.garden.ee\/en\/wp-json\/wp\/v2\/product_tag?post=25634"}],"curies":[{"name":"wp","href":"https:\/\/api.w.org\/{rel}","templated":true}]}}