{"id":25600,"date":"2026-02-28T10:38:21","date_gmt":"2026-02-28T08:38:21","guid":{"rendered":"https:\/\/dev.garden.ee\/?post_type=product&#038;p=25600"},"modified":"2026-02-28T14:01:34","modified_gmt":"2026-02-28T12:01:34","slug":"iris-ensata-rose-queen","status":"publish","type":"product","link":"https:\/\/dev.garden.ee\/en\/product\/iris-ensata-rose-queen\/","title":{"rendered":"Iris ensata &#8216;Rose Queen&#8217;"},"content":{"rendered":"<input class=\"fooboxshare_post_id\" type=\"hidden\" value=\"25600\"\/>","protected":false},"excerpt":{"rendered":"<p>Kitsas, rippuv lehestik moodustab kauni kuni 1m k\u00f5rguse puhma, mille kohale k\u00f5rguvad v\u00e4ikesema poolsed kahvatulillakasroosad \u00f5ied. Kaunis lisand niiskesse pinnasesse ja veeaeda.<\/p>","protected":false},"featured_media":25603,"template":"","meta":[],"product_brand":[],"product_cat":[4398,4415,4413,4401,4409,4392,22],"product_tag":[],"class_list":{"0":"post-25600","1":"product","2":"type-product","3":"status-publish","4":"has-post-thumbnail","6":"product_cat-iirised","7":"product_cat-lilleaed","8":"product_cat-loikelilleaed","9":"product_cat-pusikud","10":"product_cat-tiigiaed","11":"product_cat-tiigitaimed","12":"product_cat-taimed","13":"pa_haiguskindlus-vaga-hea","14":"pa_kasvukorgus-100-cm","15":"pa_laius-60-80-cm","16":"pa_lisainfo-kaldataim","17":"pa_lisainfo-sobib-loikelilleks","18":"pa_oie-varv-lilla","19":"pa_oitsemise-aeg-juuni-juuli","20":"pa_talvekindlus-vaga-hea","21":"pa_tingimused-hea-drenaaz","22":"pa_tingimused-keskmise-viljakusega","23":"pa_tingimused-niiske","24":"pa_valguse-tingimused-paike","25":"pa_variatsioon-suurem-pott","26":"pa_variatsioon-vaiksem-pott","28":"first","29":"onbackorder","30":"purchasable","31":"product-type-variable"},"acf":[],"_links":{"self":[{"href":"https:\/\/dev.garden.ee\/en\/wp-json\/wp\/v2\/product\/25600","targetHints":{"allow":["GET"]}}],"collection":[{"href":"https:\/\/dev.garden.ee\/en\/wp-json\/wp\/v2\/product"}],"about":[{"href":"https:\/\/dev.garden.ee\/en\/wp-json\/wp\/v2\/types\/product"}],"wp:featuredmedia":[{"embeddable":true,"href":"https:\/\/dev.garden.ee\/en\/wp-json\/wp\/v2\/media\/25603"}],"wp:attachment":[{"href":"https:\/\/dev.garden.ee\/en\/wp-json\/wp\/v2\/media?parent=25600"}],"wp:term":[{"taxonomy":"product_brand","embeddable":true,"href":"https:\/\/dev.garden.ee\/en\/wp-json\/wp\/v2\/product_brand?post=25600"},{"taxonomy":"product_cat","embeddable":true,"href":"https:\/\/dev.garden.ee\/en\/wp-json\/wp\/v2\/product_cat?post=25600"},{"taxonomy":"product_tag","embeddable":true,"href":"https:\/\/dev.garden.ee\/en\/wp-json\/wp\/v2\/product_tag?post=25600"}],"curies":[{"name":"wp","href":"https:\/\/api.w.org\/{rel}","templated":true}]}}