{"id":2558,"date":"2023-01-18T17:16:14","date_gmt":"2023-01-18T15:16:14","guid":{"rendered":"https:\/\/dev.zezz.ee\/garden\/toode\/echinacea-purpurea-magnus\/"},"modified":"2026-02-22T21:40:45","modified_gmt":"2026-02-22T19:40:45","slug":"echinacea-purpurea-magnus","status":"publish","type":"product","link":"https:\/\/dev.garden.ee\/en\/product\/echinacea-purpurea-magnus\/","title":{"rendered":"Echinacea purpurea &#8216;Magnus&#8217;"},"content":{"rendered":"<input class=\"fooboxshare_post_id\" type=\"hidden\" value=\"2558\"\/>","protected":false},"excerpt":{"rendered":"<p>Sorti iseloomustavad suured, s\u00e4ravad ja roosiroosad kroonlehed, mis asetsevad ilusasti \u00fchtlaselt \u00fcmber pruuni s\u00fcdamiku. Kroonlehed on uhkelt laiali ega vaju norgu. Taim moodustab \u00fchtlase ja h\u00e4sti hargneva p\u00f5\u00f5sa, mis on valmis kaunistama igat aeda. Kui noppida h\u00e4\u00e4bunud \u00f5ied, saab \u00f5itsemist pikendada s\u00fcgiseni, kuid soovi korral saab kasutada ilusaid pruune \u00f5ies\u00fcdamikke ka kuivlilleseadetes. See sort v\u00f5ib teha edukalt isek\u00fclvi. P\u00e4evak\u00fcbarad on asendamatud v\u00e4rvilaigud p\u00fcsilillepeenardes. Sobivad kokku peaaegu k\u00f5ikide teiste p\u00fcsikutega.<\/p>\n<p>Kaaslastena sobivad nt\u00a0Knautia macedonica ja\u00a0<a>Baptisia australis<\/a><em>.<\/em><\/p>","protected":false},"featured_media":25451,"template":"","meta":[],"product_brand":[],"product_cat":[4415,4413,6934,4401,22],"product_tag":[],"class_list":{"0":"post-2558","1":"product","2":"type-product","3":"status-publish","4":"has-post-thumbnail","6":"product_cat-lilleaed","7":"product_cat-loikelilleaed","8":"product_cat-mesilassobralik-aed","9":"product_cat-pusikud","10":"product_cat-taimed","11":"pa_haiguskindlus-vaga-hea","12":"pa_kasvukorgus-70-100-cm","13":"pa_laius-45-60-cm","14":"pa_lisainfo-hirve-kahjustustele-vastupidav","15":"pa_lisainfo-mesilaste-lemmik","16":"pa_lisainfo-sobib-loikelilleks","17":"pa_lisainfo-sobib-osalise-varjuga-kasvualale","18":"pa_oie-varv-roosa","19":"pa_oitsemise-aeg-juuli-september","20":"pa_talvekindlus-vaga-hea","21":"pa_tingimused-hea-drenaaz","22":"pa_tingimused-tavaline","23":"pa_tsoon-3-8","24":"pa_valguse-tingimused-paike","25":"pa_valguse-tingimused-poolvari","26":"pa_variatsioon-suurem-pott","27":"pa_variatsioon-vaiksem-pott","29":"first","30":"instock","31":"purchasable","32":"product-type-variable"},"acf":[],"_links":{"self":[{"href":"https:\/\/dev.garden.ee\/en\/wp-json\/wp\/v2\/product\/2558","targetHints":{"allow":["GET"]}}],"collection":[{"href":"https:\/\/dev.garden.ee\/en\/wp-json\/wp\/v2\/product"}],"about":[{"href":"https:\/\/dev.garden.ee\/en\/wp-json\/wp\/v2\/types\/product"}],"wp:featuredmedia":[{"embeddable":true,"href":"https:\/\/dev.garden.ee\/en\/wp-json\/wp\/v2\/media\/25451"}],"wp:attachment":[{"href":"https:\/\/dev.garden.ee\/en\/wp-json\/wp\/v2\/media?parent=2558"}],"wp:term":[{"taxonomy":"product_brand","embeddable":true,"href":"https:\/\/dev.garden.ee\/en\/wp-json\/wp\/v2\/product_brand?post=2558"},{"taxonomy":"product_cat","embeddable":true,"href":"https:\/\/dev.garden.ee\/en\/wp-json\/wp\/v2\/product_cat?post=2558"},{"taxonomy":"product_tag","embeddable":true,"href":"https:\/\/dev.garden.ee\/en\/wp-json\/wp\/v2\/product_tag?post=2558"}],"curies":[{"name":"wp","href":"https:\/\/api.w.org\/{rel}","templated":true}]}}