{"id":25551,"date":"2026-02-25T12:15:49","date_gmt":"2026-02-25T10:15:49","guid":{"rendered":"https:\/\/dev.garden.ee\/?post_type=product&#038;p=25551"},"modified":"2026-02-25T12:22:37","modified_gmt":"2026-02-25T10:22:37","slug":"helleborus-orientalis-peach","status":"publish","type":"product","link":"https:\/\/dev.garden.ee\/en\/product\/helleborus-orientalis-peach\/","title":{"rendered":"Helleborus orientalis &#8216;Peach&#8217;"},"content":{"rendered":"<input class=\"fooboxshare_post_id\" type=\"hidden\" value=\"25551\"\/>","protected":false},"excerpt":{"rendered":"<p>Lumeroos on kompaktne, tugevate \u00f5ievartega, tiheda lehestikuga, talvehaljas taim. \u00d5ied seevastu on aga \u00f5rnad, vallatu kollase s\u00fcdamikuga ja armsate tolmukatega. \u00dcks k\u00f5ige varasem kevadine \u00f5itseja. Soojema talve puhul v\u00f5ib juba m\u00e4rtsis r\u00f5\u00f5mustada vanaroosa tooni liht\u00f5itega. Kasvamiseks eelistab lumeroos viljaka huumusrikka ning parasniiske pinnasega poolvarjulist kasvukohta. Kui pinnas on niiske, v\u00f5ib kasvada ka p\u00e4ikeselisel kasvukohal. \u00a0Ei talu pikemaajalist liigniiskust.\u00a0Aastatega kasvab lumeroos suureks puhmikuks, seet\u00f5ttu j\u00e4tke taimede vahele 60 cm. Parim \u00fcmberistutusaeg on kevadel v\u00f5i augustis. S\u00fcgisel v\u00f5ib aga kogemata h\u00e4irida \u00f5iepungade moodustumist ning j\u00e4rgmisel kevadel on \u00f5itsemine tagasihoidlikum.\u00a0Lumeroosi juured ei armasta kuumust, seet\u00f5ttu tuleb taime \u00fcmbrus mult\u0161ida turba v\u00f5i kompostiga. Mulla v\u00f5ib katta ka kividega. Nad ei vaja just eraldi v\u00e4etamist, aga mult\u0161imine kompostiga on neile v\u00e4gagi meeltm\u00f6\u00f6da.\u00a0Lumeroos on hea l\u00f5ikelill, mis p\u00fcsivad vaasis isegi kuni paar n\u00e4dalat. Aga ettevaatust lumeroosi k\u00f5ik osad on m\u00fcrgised!<\/p>\n<p>Selle sordi teeb eriliseks eriti varajane \u00f5itsemise periood ja oran\u017eikas roosad kroonlehed.<\/p>","protected":false},"featured_media":0,"template":"","meta":[],"product_brand":[],"product_cat":[4406,4401,4412,22],"product_tag":[],"class_list":{"0":"post-25551","1":"product","2":"type-product","3":"status-publish","5":"product_cat-park","6":"product_cat-pusikud","7":"product_cat-varjuaed","8":"product_cat-taimed","9":"pa_haiguskindlus-vaga-hea","10":"pa_kasvukorgus-40-cm","11":"pa_laius-45-cm","12":"pa_lisainfo-hirve-kahjustustele-vastupidav","13":"pa_lisainfo-janese-kahjustustele-vastupidav","14":"pa_lisainfo-murgine","15":"pa_lisainfo-pilgupuudja","16":"pa_lisainfo-sobib-osalise-varjuga-kasvualale","17":"pa_oie-varv-oranzikasroosa","18":"pa_oitsemise-aeg-veebruar-aprill","19":"pa_tingimused-huumusrikas","20":"pa_tingimused-jahe","21":"pa_tingimused-parasniiske","22":"pa_valguse-tingimused-poolvari","23":"pa_variatsioon-suurem-pott","24":"pa_variatsioon-vaiksem-pott","26":"first","27":"onbackorder","28":"purchasable","29":"product-type-variable"},"acf":[],"_links":{"self":[{"href":"https:\/\/dev.garden.ee\/en\/wp-json\/wp\/v2\/product\/25551","targetHints":{"allow":["GET"]}}],"collection":[{"href":"https:\/\/dev.garden.ee\/en\/wp-json\/wp\/v2\/product"}],"about":[{"href":"https:\/\/dev.garden.ee\/en\/wp-json\/wp\/v2\/types\/product"}],"wp:attachment":[{"href":"https:\/\/dev.garden.ee\/en\/wp-json\/wp\/v2\/media?parent=25551"}],"wp:term":[{"taxonomy":"product_brand","embeddable":true,"href":"https:\/\/dev.garden.ee\/en\/wp-json\/wp\/v2\/product_brand?post=25551"},{"taxonomy":"product_cat","embeddable":true,"href":"https:\/\/dev.garden.ee\/en\/wp-json\/wp\/v2\/product_cat?post=25551"},{"taxonomy":"product_tag","embeddable":true,"href":"https:\/\/dev.garden.ee\/en\/wp-json\/wp\/v2\/product_tag?post=25551"}],"curies":[{"name":"wp","href":"https:\/\/api.w.org\/{rel}","templated":true}]}}