{"id":25501,"date":"2026-02-24T10:58:36","date_gmt":"2026-02-24T08:58:36","guid":{"rendered":"https:\/\/dev.garden.ee\/?post_type=product&#038;p=25501"},"modified":"2026-02-24T11:18:02","modified_gmt":"2026-02-24T09:18:02","slug":"gaura-lindheimeri-siskiyou-pink","status":"publish","type":"product","link":"https:\/\/dev.garden.ee\/en\/product\/gaura-lindheimeri-siskiyou-pink\/","title":{"rendered":"Gaura lindheimeri &#8216;Siskiyou Pink&#8217;"},"content":{"rendered":"<input class=\"fooboxshare_post_id\" type=\"hidden\" value=\"25501\"\/>","protected":false},"excerpt":{"rendered":"<p data-start=\"0\" data-end=\"316\">Kompaktne ja pilkup\u00fc\u00fcdvalt kaunis p\u00fcsik, mille \u00f5hulised, neljatised roosad \u00f5ied \u00f5\u00f5tsuvad \u00f5rnadel vartel, meenutades liblikaparvi. See P\u00f5hja-Ameerika looduslik lill lisab aeda peene tekstuuriga elavust, kui tema tantsivad \u00f5ied k\u00f5rguvad punakatoonilise lehestiku kohal.<\/p>\n<p data-start=\"318\" data-end=\"488\">\u00d5itsemisaeg kestab tavaliselt suve algusest s\u00fcgiseni, avanevad k\u00fcll vaid \u00fcksikud \u00f5ied korraga, kuid piisavas koguses, et pakkuda n\u00e4dalaid kestvat, graatsilist vaatem\u00e4ngu.<\/p>\n<p data-start=\"490\" data-end=\"742\">P\u00fcstistel v\u00f5i kaarjatel, tihedalt kobaras varrekestel kasvavad kitsad tumerohelised, sageli punaselt laigulised lehed, mis asetsevad hajusalt otse varte k\u00fcljes.<\/p>\n<p data-start=\"744\" data-end=\"907\">Gaura armastab t\u00e4isp\u00e4ikest ja eelistab liivast v\u00f5i savikat, h\u00e4sti vett l\u00e4bilaskvat pinnast. Talub h\u00e4sti p\u00f5uda, kuumust, niiskust, osalist varju ja kuiva mulda.<\/p>","protected":false},"featured_media":25504,"template":"","meta":[],"product_brand":[],"product_cat":[9637,9503,4415,9702,4413,6934,4406,4401,9550,22],"product_tag":[],"class_list":{"0":"post-25501","1":"product","2":"type-product","3":"status-publish","4":"has-post-thumbnail","6":"product_cat-istutuskast","7":"product_cat-kiviktaimla","8":"product_cat-lilleaed","9":"product_cat-linnaaed","10":"product_cat-loikelilleaed","11":"product_cat-mesilassobralik-aed","12":"product_cat-park","13":"product_cat-pusikud","14":"product_cat-rodu-ja-terrass","15":"product_cat-taimed","16":"pa_kasvukorgus-30-60-cm","17":"pa_laius-30-60-cm","18":"pa_lisainfo-hirve-kahjustustele-vastupidav","19":"pa_lisainfo-janese-kahjustustele-vastupidav","20":"pa_lisainfo-mesilaste-lemmik","21":"pa_lisainfo-sobilik-istutuskasti-jaoks","22":"pa_lisainfo-sobib-loikelilleks","23":"pa_lisainfo-talub-pouda","24":"pa_oie-varv-roosa","25":"pa_oitsemise-aeg-mai-september","26":"pa_talvekindlus-kulmaorn","27":"pa_tingimused-hea-drenaaz","28":"pa_tingimused-vaheviljakas","29":"pa_tsoon-5-9","30":"pa_valguse-tingimused-kerge-vari","31":"pa_valguse-tingimused-paike","32":"pa_variatsioon-suurem-pott","33":"pa_variatsioon-vaiksem-pott","35":"first","36":"instock","37":"purchasable","38":"product-type-variable"},"acf":[],"_links":{"self":[{"href":"https:\/\/dev.garden.ee\/en\/wp-json\/wp\/v2\/product\/25501","targetHints":{"allow":["GET"]}}],"collection":[{"href":"https:\/\/dev.garden.ee\/en\/wp-json\/wp\/v2\/product"}],"about":[{"href":"https:\/\/dev.garden.ee\/en\/wp-json\/wp\/v2\/types\/product"}],"wp:featuredmedia":[{"embeddable":true,"href":"https:\/\/dev.garden.ee\/en\/wp-json\/wp\/v2\/media\/25504"}],"wp:attachment":[{"href":"https:\/\/dev.garden.ee\/en\/wp-json\/wp\/v2\/media?parent=25501"}],"wp:term":[{"taxonomy":"product_brand","embeddable":true,"href":"https:\/\/dev.garden.ee\/en\/wp-json\/wp\/v2\/product_brand?post=25501"},{"taxonomy":"product_cat","embeddable":true,"href":"https:\/\/dev.garden.ee\/en\/wp-json\/wp\/v2\/product_cat?post=25501"},{"taxonomy":"product_tag","embeddable":true,"href":"https:\/\/dev.garden.ee\/en\/wp-json\/wp\/v2\/product_tag?post=25501"}],"curies":[{"name":"wp","href":"https:\/\/api.w.org\/{rel}","templated":true}]}}