{"id":2549,"date":"2023-01-18T17:16:09","date_gmt":"2023-01-18T15:16:09","guid":{"rendered":"https:\/\/dev.zezz.ee\/garden\/toode\/baptisia-australis\/"},"modified":"2026-02-18T11:12:08","modified_gmt":"2026-02-18T09:12:08","slug":"baptisia-australis","status":"publish","type":"product","link":"https:\/\/dev.garden.ee\/en\/product\/baptisia-australis\/","title":{"rendered":"Baptisia australis"},"content":{"rendered":"<input class=\"fooboxshare_post_id\" type=\"hidden\" value=\"2549\"\/>","protected":false},"excerpt":{"rendered":"<p>Looduslikult kasvab P\u00f5hja-Ameerikas. Taim on h\u00e4sti haruneva, p\u00fcstise kasvuga, k\u00f5rge, puhmast moodustav, v\u00e4rskelt rohelise, terve lehestikuga. Pikad \u00f5ievarred k\u00fc\u00fcndivad \u00fcle lehestiku ja on kaetud lillakassiniste herne\u00f5ie sarnaste, t\u00e4hkjate \u00f5isikutega. \u00a0Kutsutakse ka indigolupiiniks, seet\u00f5ttu hea asendaja sinna, kus lupiinid pole n\u00f5us kasvama. Sobib suurep\u00e4raselt l\u00f5ikelilleks. V\u00e4ga uhke, istutades massina. Mesilaste ja liblikate lemmik. Peab kuumale ja p\u00f5uale h\u00e4sti vastu. Mulla suhtes h\u00e4sti leplik. Taime on v\u00f5imalik paljundada juure jagamise teel. Seemned ei pruugi meie tingimustes valmida.<\/p>\n<p>Kaaslastena sobivad nt\u00a0Eryngium x zabelii &#8216;Big Blue&#8217; ja\u00a0<a>Echinacea purpurea &#8216;Magnus&#8217;<\/a><em>.<\/em><\/p>","protected":false},"featured_media":2550,"template":"","meta":[],"product_brand":[],"product_cat":[4407,4415,4413,6934,4401,22],"product_tag":[],"class_list":{"0":"post-2549","1":"product","2":"type-product","3":"status-publish","4":"has-post-thumbnail","6":"product_cat-aasad","7":"product_cat-lilleaed","8":"product_cat-loikelilleaed","9":"product_cat-mesilassobralik-aed","10":"product_cat-pusikud","11":"product_cat-taimed","12":"pa_haiguskindlus-hea","13":"pa_kasvukorgus-100-cm","14":"pa_laius-70-90-cm","15":"pa_lisainfo-janese-kahjustustele-vastupidav","16":"pa_lisainfo-mesilaste-lemmik","17":"pa_lisainfo-sobib-loikelilleks","18":"pa_oie-varv-sinine","19":"pa_oitsemise-aeg-juuni","20":"pa_talvekindlus-vaga-hea","21":"pa_tingimused-hea-drenaaz","22":"pa_tingimused-neutraalne","23":"pa_tsoon-2-9","24":"pa_valguse-tingimused-paike","25":"pa_variatsioon-suurem-pott","26":"pa_variatsioon-vaiksem-pott","28":"first","29":"instock","30":"purchasable","31":"product-type-variable"},"acf":[],"_links":{"self":[{"href":"https:\/\/dev.garden.ee\/en\/wp-json\/wp\/v2\/product\/2549","targetHints":{"allow":["GET"]}}],"collection":[{"href":"https:\/\/dev.garden.ee\/en\/wp-json\/wp\/v2\/product"}],"about":[{"href":"https:\/\/dev.garden.ee\/en\/wp-json\/wp\/v2\/types\/product"}],"wp:featuredmedia":[{"embeddable":true,"href":"https:\/\/dev.garden.ee\/en\/wp-json\/wp\/v2\/media\/2550"}],"wp:attachment":[{"href":"https:\/\/dev.garden.ee\/en\/wp-json\/wp\/v2\/media?parent=2549"}],"wp:term":[{"taxonomy":"product_brand","embeddable":true,"href":"https:\/\/dev.garden.ee\/en\/wp-json\/wp\/v2\/product_brand?post=2549"},{"taxonomy":"product_cat","embeddable":true,"href":"https:\/\/dev.garden.ee\/en\/wp-json\/wp\/v2\/product_cat?post=2549"},{"taxonomy":"product_tag","embeddable":true,"href":"https:\/\/dev.garden.ee\/en\/wp-json\/wp\/v2\/product_tag?post=2549"}],"curies":[{"name":"wp","href":"https:\/\/api.w.org\/{rel}","templated":true}]}}