{"id":25479,"date":"2026-02-23T20:19:26","date_gmt":"2026-02-23T18:19:26","guid":{"rendered":"https:\/\/dev.garden.ee\/?post_type=product&#038;p=25479"},"modified":"2026-02-23T20:39:22","modified_gmt":"2026-02-23T18:39:22","slug":"eryngium-agavifolium","status":"publish","type":"product","link":"https:\/\/dev.garden.ee\/en\/product\/eryngium-agavifolium\/","title":{"rendered":"Eryngium agavifolium"},"content":{"rendered":"<input class=\"fooboxshare_post_id\" type=\"hidden\" value=\"25479\"\/>","protected":false},"excerpt":{"rendered":"<p>Kaunis igihaljas p\u00fcsik, mis moodustab teravalt hambuliste m\u00f5\u00f5gakujuliste lehtede roseti, millel on suve l\u00f5pus hargnenud vartel v\u00e4ikesed rohekasvalged \u00f5ied.<\/p>\n<p>Tunneb ennast h\u00e4sti v\u00e4ga kuival, klibusel kasvukohal, ning talvise liigniiskuse eest kaitstuna. V\u00f5ib-olla l\u00fchiealine, seega on soovituslik puhmast iga paari aasta tagant jagada.<\/p>","protected":false},"featured_media":25483,"template":"","meta":[],"product_brand":[],"product_cat":[4401,22],"product_tag":[],"class_list":{"0":"post-25479","1":"product","2":"type-product","3":"status-publish","4":"has-post-thumbnail","6":"product_cat-pusikud","7":"product_cat-taimed","8":"pa_lisainfo-igihaljas","9":"pa_lisainfo-pilgupuudja","10":"pa_lisainfo-sobilik-istutuskasti-jaoks","11":"pa_lisainfo-talub-pouda","12":"pa_oie-varv-kreemjas","13":"pa_oie-varv-roheline","14":"pa_oitsemise-aeg-juuli-august","15":"pa_talvekindlus-veidi-kulmaorn","16":"pa_tingimused-hea-drenaaz","17":"pa_tingimused-kuiv","18":"pa_valguse-tingimused-paike","19":"pa_variatsioon-suurem-pott","20":"pa_variatsioon-vaiksem-pott","22":"first","23":"instock","24":"purchasable","25":"product-type-variable"},"acf":[],"_links":{"self":[{"href":"https:\/\/dev.garden.ee\/en\/wp-json\/wp\/v2\/product\/25479","targetHints":{"allow":["GET"]}}],"collection":[{"href":"https:\/\/dev.garden.ee\/en\/wp-json\/wp\/v2\/product"}],"about":[{"href":"https:\/\/dev.garden.ee\/en\/wp-json\/wp\/v2\/types\/product"}],"wp:featuredmedia":[{"embeddable":true,"href":"https:\/\/dev.garden.ee\/en\/wp-json\/wp\/v2\/media\/25483"}],"wp:attachment":[{"href":"https:\/\/dev.garden.ee\/en\/wp-json\/wp\/v2\/media?parent=25479"}],"wp:term":[{"taxonomy":"product_brand","embeddable":true,"href":"https:\/\/dev.garden.ee\/en\/wp-json\/wp\/v2\/product_brand?post=25479"},{"taxonomy":"product_cat","embeddable":true,"href":"https:\/\/dev.garden.ee\/en\/wp-json\/wp\/v2\/product_cat?post=25479"},{"taxonomy":"product_tag","embeddable":true,"href":"https:\/\/dev.garden.ee\/en\/wp-json\/wp\/v2\/product_tag?post=25479"}],"curies":[{"name":"wp","href":"https:\/\/api.w.org\/{rel}","templated":true}]}}