{"id":25476,"date":"2026-02-23T19:35:20","date_gmt":"2026-02-23T17:35:20","guid":{"rendered":"https:\/\/dev.garden.ee\/?post_type=product&#038;p=25476"},"modified":"2026-02-23T19:42:33","modified_gmt":"2026-02-23T17:42:33","slug":"erigeron-karvinskianus-lavender-lady","status":"publish","type":"product","link":"https:\/\/dev.garden.ee\/en\/product\/erigeron-karvinskianus-lavender-lady\/","title":{"rendered":"Erigeron karvinskianus &#8216;Lavender Lady&#8217;"},"content":{"rendered":"<input class=\"fooboxshare_post_id\" type=\"hidden\" value=\"25476\"\/>","protected":false},"excerpt":{"rendered":"<p>See sort on lillakasroosade \u00f5itega, millel kollane s\u00fcdamik. \u00d5ied on veidi suuremad ja lillakamad kui liigil. Ta on v\u00e4ga v\u00e4hen\u00f5udlik ja kuivalembene taim, mis moodustab pikki hargnevaid varsi, mis on laiali valguvad ja selles tulenevalt sobib kasutamiseks ka pinnakattena. On tolmendajate lemmik ja annab isek\u00fclvi.<\/p>\n<p>Maani tagasi l\u00f5ika alles enne kevadet.<\/p>","protected":false},"featured_media":0,"template":"","meta":[],"product_brand":[],"product_cat":[9637,6934,9200,4401,22],"product_tag":[],"class_list":{"0":"post-25476","1":"product","2":"type-product","3":"status-publish","5":"product_cat-istutuskast","6":"product_cat-mesilassobralik-aed","7":"product_cat-pinnakatjad","8":"product_cat-pusikud","9":"product_cat-taimed","10":"pa_haiguskindlus-vaga-hea","11":"pa_kasvukorgus-30-cm","12":"pa_laius-30-60-cm","13":"pa_lisainfo-hea-pinnakatja","14":"pa_lisainfo-mesilaste-lemmik","15":"pa_lisainfo-sobilik-istutuskasti-jaoks","16":"pa_oie-varv-lilla","17":"pa_oie-varv-mitmevarviline","18":"pa_oie-varv-roosakas","19":"pa_oitsemise-aeg-juuni-oktoober","20":"pa_talvekindlus-kulmaorn","21":"pa_tingimused-hea-drenaaz","22":"pa_tingimused-keskmise-viljakusega","23":"pa_valguse-tingimused-paike","24":"pa_variatsioon-suurem-pott","25":"pa_variatsioon-vaiksem-pott","27":"first","28":"instock","29":"purchasable","30":"product-type-variable"},"acf":[],"_links":{"self":[{"href":"https:\/\/dev.garden.ee\/en\/wp-json\/wp\/v2\/product\/25476","targetHints":{"allow":["GET"]}}],"collection":[{"href":"https:\/\/dev.garden.ee\/en\/wp-json\/wp\/v2\/product"}],"about":[{"href":"https:\/\/dev.garden.ee\/en\/wp-json\/wp\/v2\/types\/product"}],"wp:attachment":[{"href":"https:\/\/dev.garden.ee\/en\/wp-json\/wp\/v2\/media?parent=25476"}],"wp:term":[{"taxonomy":"product_brand","embeddable":true,"href":"https:\/\/dev.garden.ee\/en\/wp-json\/wp\/v2\/product_brand?post=25476"},{"taxonomy":"product_cat","embeddable":true,"href":"https:\/\/dev.garden.ee\/en\/wp-json\/wp\/v2\/product_cat?post=25476"},{"taxonomy":"product_tag","embeddable":true,"href":"https:\/\/dev.garden.ee\/en\/wp-json\/wp\/v2\/product_tag?post=25476"}],"curies":[{"name":"wp","href":"https:\/\/api.w.org\/{rel}","templated":true}]}}